{"id":5610,"date":"2025-01-10T12:26:38","date_gmt":"2025-01-10T12:26:38","guid":{"rendered":"https:\/\/asset-mng.com\/?page_id=5610"},"modified":"2025-04-01T13:18:49","modified_gmt":"2025-04-01T13:18:49","slug":"brics-valuta-i-veza-sa-zlatom","status":"publish","type":"page","link":"https:\/\/asset-mng.com\/investiciono-zlato\/brics-valuta-i-veza-sa-zlatom\/","title":{"rendered":"Zlato i BRICS valuta"},"content":{"rendered":"\t\t<div data-elementor-type=\"wp-page\" data-elementor-id=\"5610\" class=\"elementor elementor-5610\" data-elementor-post-type=\"page\">\n\t\t\t\t<div class=\"elementor-element elementor-element-9e3a277 e-flex e-con-boxed magic-button-disabled-no elementor-invisible e-con e-parent\" data-id=\"9e3a277\" data-element_type=\"container\" data-settings=\"{&quot;animation&quot;:&quot;ova-move-right&quot;}\">\n\t\t\t\t\t<div class=\"e-con-inner\">\n\t\t\t\t<div class=\"elementor-element elementor-element-fb7b473 elementor-widget elementor-widget-heading\" data-id=\"fb7b473\" data-element_type=\"widget\" data-widget_type=\"heading.default\">\n\t\t\t\t<div class=\"elementor-widget-container\">\n\t\t\t\t\t<h2 class=\"elementor-heading-title elementor-size-default\">Zlato kao osnova stabilnosti u novom globalnom ekonomskom poretku<\/h2>\t\t\t\t<\/div>\n\t\t\t\t<\/div>\n\t\t\t\t\t<\/div>\n\t\t\t\t<\/div>\n\t\t<div class=\"elementor-element elementor-element-52d6746 e-flex e-con-boxed magic-button-disabled-no elementor-invisible e-con e-parent\" data-id=\"52d6746\" data-element_type=\"container\" data-settings=\"{&quot;animation&quot;:&quot;ova-move-right&quot;}\">\n\t\t\t\t\t<div class=\"e-con-inner\">\n\t\t<div class=\"elementor-element elementor-element-22c1567 e-con-full e-flex magic-button-disabled-no e-con e-child\" data-id=\"22c1567\" data-element_type=\"container\">\n\t\t\t\t<div class=\"elementor-element elementor-element-2355767 elementor-widget__width-initial elementor-invisible elementor-widget elementor-widget-text-editor\" data-id=\"2355767\" data-element_type=\"widget\" data-settings=\"{&quot;_animation&quot;:&quot;ova-move-right&quot;}\" data-widget_type=\"text-editor.default\">\n\t\t\t\t<div class=\"elementor-widget-container\">\n\t\t\t\t\t\t\t\t\t<p><span style=\"color: #000000;\">U svetu finansija, poslednjih godina sve vi\u0161e se govori o zlatnom standardu i njegovom povratku kao stabilnog sredstva vrednosti. U kontekstu globalnih ekonomskih promena, posebno sa pojavom BRICS zemalja, investicija u zlato postaje klju\u010dna tema za investitore \u0161irom sveta.<\/span><\/p><h3><span style=\"color: #000000;\">Uvod<\/span><\/h3><p><span style=\"color: #000000;\">Zemlje \u010dlanice BRICS-a (Brazil, Rusija, Indija, Kina, Ju\u017ena Afrika, Egipat, Etiopija, Iran, Ujedinjeni Arapski Emirati i Indonezija) razmatraju mogu\u0107nost uvo\u0111enja zajedni\u010dke valute koja bi mogla biti podr\u017eana zlatom. Ovaj potez ima potencijal da zna\u010dajno uti\u010de na globalnu ekonomiju i tr\u017ei\u0161te zlata, posebno u kontekstu smanjenja zavisnosti od ameri\u010dkog dolara. Dedolarizacija mo\u017ee imati dalekose\u017ene posledice po investicije, posebno u sektoru investicionog zlata.<\/span><\/p><h3><span style=\"color: #000000;\">Razlozi za vezivanje nove valute za zlato<\/span><\/h3><p><span style=\"color: #000000;\">Jedan od klju\u010dnih razloga za vezivanje nove BRICS valute za zlato jeste \u017eelja zemalja \u010dlanica da smanje svoju zavisnost od dolara i ameri\u010dkog finansijskog sistema. U poslednjih nekoliko godina, centralne banke zemalja BRICS-a su zna\u010dajno pove\u0107ale svoje zlatne rezerve, a prema nekim procenama, ukupne zalihe zlata ovih zemalja nadma\u0161uju one Sjedinjenih Ameri\u010dkih Dr\u017eava. Ova strategija se temelji na ideji da zlato kao fizi\u010dka imovina pru\u017ea stabilnost i sigurnost koja nedostaje fiat valutama. Kako ameri\u010dki dolar gubi vrednost, a inflacija raste, zemlje BRICS-a smatraju zlato prirodnim re\u0161enjem koje mo\u017ee da poslu\u017ei kao univerzalno sredstvo razmene.<\/span><\/p><h3><span style=\"color: #000000;\">Potencijalni uticaj na globalno tr\u017ei\u0161te zlata<\/span><\/h3><p><span style=\"color: #000000;\">Ukoliko se nova BRICS valuta zaista pove\u017ee sa zlatom, to bi moglo izazvati zna\u010dajne promene na globalnom tr\u017ei\u0161tu zlata. Pove\u0107ana potra\u017enja za zlatom iz zemalja \u010dlanica BRICS-a mogla bi dovesti do rasta cena zlata na svetskom tr\u017ei\u0161tu. Ako bi nova valuta bila podr\u017eana fizi\u010dkim zlatom, to bi moglo stvoriti dodatno poverenje me\u0111u trgovinskim partnerima i olak\u0161ati prekograni\u010dne transakcije. Investitori bi trebali razmotriti diversifikaciju svojih portfolija uklju\u010divanjem investicionog zlata kako bi za\u0161titili svoj kapital od inflacije i ekonomskih kriza. Ulaganje u zlato mo\u017ee biti odli\u010dna strategija za o\u010duvanje vrednosti tokom perioda ekonomske nestabilnosti.<\/span><\/p><h3><span style=\"color: #000000;\">Geopoliti\u010dki aspekti<\/span><\/h3><p><span style=\"color: #000000;\">Geopoliti\u010dki motivi tako\u0111e igraju va\u017enu ulogu u ovom razvoju. Nakon \u0161to su Sjedinjene Ameri\u010dke Dr\u017eave uvele sankcije Rusiji zbog sukoba u Ukrajini, zemlje BRICS-a su postale jo\u0161 vi\u0161e fokusirane na stvaranje alternativnih ekonomskih sistema koji nisu zavisni od dolara. U tom kontekstu, zlato se name\u0107e kao klju\u010dni igra\u010d koji mo\u017ee pomo\u0107i u ja\u010danju ekonomske nezavisnosti ovih zemalja. S obzirom na trenutne ekonomske turbulencije, ulaganje u investiciono zlato mo\u017ee biti jedan od najpametnijih poteza koje investitori mogu napraviti.<\/span><\/p><h3><span style=\"color: #000000;\">Zaklju\u010dak<\/span><\/h3><p><span style=\"color: #000000;\">Ideja o zajedni\u010dkoj BRICS valuti podr\u017eanoj zlatom predstavlja zna\u010dajan korak ka dedolarizaciji globalnog ekonomskog sistema. Ako se ovaj plan realizuje, mogao bi doneti promene u na\u010dinu na koji se odvijaju me\u0111unarodni trgovinski tokovi i pove\u0107ati ulogu zlata kao stabilnog sredstva razmene. Dokle god se nastavi trend pove\u0107ane potra\u017enje za zlatom me\u0111u zemljama \u010dlanicama BRICS-a, njegov zna\u010daj na globalnom tr\u017ei\u0161tu \u0107e rasti.<\/span><\/p><p><span style=\"color: #000000;\">Investirajte pametno i razmotrite zlato kao deo svoje strategije ulaganja kako biste osigurali svoju finansijsku budu\u0107nost!<\/span><\/p><p><span style=\"color: #000000;\">Za vi\u0161e informacija o strategijama ulaganja u zlato i kako zapo\u010deti svoje putovanje ka finansijskoj sigurnosti kroz ovaj plemeniti metal, pogledajte informacije i na\u0161e video sadr\u017eaje od stru\u010dnjaka na temu investiciono zlato.<\/span><\/p>\t\t\t\t\t\t\t\t<\/div>\n\t\t\t\t<\/div>\n\t\t\t\t<\/div>\n\t\t<div class=\"elementor-element elementor-element-6200922 e-con-full elementor-hidden-mobile e-flex magic-button-disabled-no elementor-invisible e-con e-child\" data-id=\"6200922\" data-element_type=\"container\" data-settings=\"{&quot;animation&quot;:&quot;ova-move-up&quot;}\">\n\t\t\t\t<div class=\"elementor-element elementor-element-63b57e4 elementor-cta--skin-cover elementor-animated-content elementor-bg-transform elementor-bg-transform-zoom-in elementor-widget elementor-widget-call-to-action\" data-id=\"63b57e4\" data-element_type=\"widget\" data-widget_type=\"call-to-action.default\">\n\t\t\t\t<div class=\"elementor-widget-container\">\n\t\t\t\t\t\t\t<a class=\"elementor-cta\" href=\"https:\/\/asset-mng.com\/investiciono-zlato\/zasto-investiciono-zlato\/\">\n\t\t\t\t\t<div class=\"elementor-cta__bg-wrapper\">\n\t\t\t\t<div class=\"elementor-cta__bg elementor-bg\" style=\"background-image: url(https:\/\/asset-mng.com\/investiciono-zlato\/wp-content\/uploads\/2025\/01\/Zasto-Investiciono-zlato-Desktop.jpg);\" role=\"img\" aria-label=\"Zasto-Investiciono-zlato-Desktop\"><\/div>\n\t\t\t\t<div class=\"elementor-cta__bg-overlay\"><\/div>\n\t\t\t<\/div>\n\t\t\t\t\t\t\t<div class=\"elementor-cta__content\">\n\t\t\t\t\n\t\t\t\t\t\t\t\t\t<h2 class=\"elementor-cta__title elementor-cta__content-item elementor-content-item elementor-animated-item--grow\">\n\t\t\t\t\t\tZa\u0161to Investiciono Zlato\t\t\t\t\t<\/h2>\n\t\t\t\t\n\t\t\t\t\n\t\t\t\t\t\t\t\t\t<div class=\"elementor-cta__button-wrapper elementor-cta__content-item elementor-content-item elementor-animated-item--grow\">\n\t\t\t\t\t<span class=\"elementor-cta__button elementor-button elementor-size-\">\n\t\t\t\t\t\tPro\u010ditajte\t\t\t\t\t<\/span>\n\t\t\t\t\t<\/div>\n\t\t\t\t\t\t\t<\/div>\n\t\t\t\t\t\t<\/a>\n\t\t\t\t\t\t<\/div>\n\t\t\t\t<\/div>\n\t\t\t\t<\/div>\n\t\t<div class=\"elementor-element elementor-element-9ef417a e-con-full elementor-hidden-desktop elementor-hidden-tablet e-flex magic-button-disabled-no elementor-invisible e-con e-child\" data-id=\"9ef417a\" data-element_type=\"container\" data-settings=\"{&quot;animation&quot;:&quot;ova-move-up&quot;}\">\n\t\t\t\t<div class=\"elementor-element elementor-element-e5b01e3 elementor-cta--skin-cover elementor-animated-content elementor-bg-transform elementor-bg-transform-zoom-in elementor-widget elementor-widget-call-to-action\" data-id=\"e5b01e3\" data-element_type=\"widget\" data-widget_type=\"call-to-action.default\">\n\t\t\t\t<div class=\"elementor-widget-container\">\n\t\t\t\t\t\t\t<a class=\"elementor-cta\" href=\"https:\/\/asset-mng.com\/investiciono-zlato\/zasto-investiciono-zlato\/\">\n\t\t\t\t\t<div class=\"elementor-cta__bg-wrapper\">\n\t\t\t\t<div class=\"elementor-cta__bg elementor-bg\" style=\"background-image: url(https:\/\/asset-mng.com\/investiciono-zlato\/wp-content\/uploads\/2025\/02\/Zasto-Investiciono-Zlato-Mobile-Phone-22.jpg);\" role=\"img\" aria-label=\"Zasto-Investiciono-Zlato-Mobile-Phone-22\"><\/div>\n\t\t\t\t<div class=\"elementor-cta__bg-overlay\"><\/div>\n\t\t\t<\/div>\n\t\t\t\t\t\t\t<div class=\"elementor-cta__content\">\n\t\t\t\t\n\t\t\t\t\t\t\t\t\t<h2 class=\"elementor-cta__title elementor-cta__content-item elementor-content-item elementor-animated-item--grow\">\n\t\t\t\t\t\tZa\u0161to Investiciono Zlato\t\t\t\t\t<\/h2>\n\t\t\t\t\n\t\t\t\t\n\t\t\t\t\t\t\t\t\t<div class=\"elementor-cta__button-wrapper elementor-cta__content-item elementor-content-item elementor-animated-item--grow\">\n\t\t\t\t\t<span class=\"elementor-cta__button elementor-button elementor-size-\">\n\t\t\t\t\t\tPro\u010ditajte\t\t\t\t\t<\/span>\n\t\t\t\t\t<\/div>\n\t\t\t\t\t\t\t<\/div>\n\t\t\t\t\t\t<\/a>\n\t\t\t\t\t\t<\/div>\n\t\t\t\t<\/div>\n\t\t\t\t<\/div>\n\t\t\t\t\t<\/div>\n\t\t\t\t<\/div>\n\t\t\t\t<section class=\"elementor-section elementor-top-section elementor-element elementor-element-0b61ca1 elementor-section-full_width elementor-section-height-default elementor-section-height-default magic-button-disabled-no elementor-invisible\" data-id=\"0b61ca1\" data-element_type=\"section\" data-settings=\"{&quot;background_background&quot;:&quot;classic&quot;,&quot;animation&quot;:&quot;ova-move-up&quot;}\">\n\t\t\t\t\t\t\t<div class=\"elementor-background-overlay\"><\/div>\n\t\t\t\t\t\t\t<div class=\"elementor-container elementor-column-gap-no\">\n\t\t\t\t\t<div class=\"elementor-column elementor-col-100 elementor-top-column elementor-element elementor-element-d2fd77d\" data-id=\"d2fd77d\" data-element_type=\"column\">\n\t\t\t<div class=\"elementor-widget-wrap elementor-element-populated\">\n\t\t\t\t\t\t<div class=\"elementor-element elementor-element-c50fc43 elementor-widget elementor-widget-podover_elementor_heading\" data-id=\"c50fc43\" data-element_type=\"widget\" data-widget_type=\"podover_elementor_heading.default\">\n\t\t\t\t<div class=\"elementor-widget-container\">\n\t\t\t\t\t\n\t\t\t<div class=\"ova-title\">\n\n\t\t\t\t\t\t\t\t\t<h3 class=\"sub-title \">\n\t\t\t\t\t\tBudite informisani\t\n\t\t\t\t\t<\/h3>\n\t\t\t\t\n\t\t\t\t\t\t\t\t\t\t\t\t\t\t\t\t<h2 class=\"title\">Stru\u010dna mi\u0161ljenja na temu:\n<\/h2>\n\t\t\t\t\t\t\t\t\t\n\t\t\t\t\t\t\t\t\t<p class=\"description\">INVESTICIONO ZLATO<\/p>\n\t\t\t\t\n\t\t\t<\/div> \n\t\t\t\n\t\t\t\t\t\t<\/div>\n\t\t\t\t<\/div>\n\t\t\t\t<div class=\"elementor-element elementor-element-59762e9 elementor-widget elementor-widget-ovau_elementor_audio_slider\" data-id=\"59762e9\" data-element_type=\"widget\" data-settings=\"{&quot;pause_on_hover&quot;:&quot;yes&quot;,&quot;infinite&quot;:&quot;yes&quot;,&quot;autoplay&quot;:&quot;yes&quot;,&quot;autoplay_speed&quot;:3000,&quot;dot_control&quot;:&quot;yes&quot;}\" data-widget_type=\"ovau_elementor_audio_slider.default\">\n\t\t\t\t<div class=\"elementor-widget-container\">\n\t\t\t\t\t\n<div class=\"ova-audio-slider\">\n\n\t<div class=\"content slide-audio owl-carousel owl-theme\" data-options=\"{&quot;items&quot;:3,&quot;slideBy&quot;:1,&quot;margin&quot;:30,&quot;autoplayTimeout&quot;:3000,&quot;smartSpeed&quot;:500,&quot;stagePadding&quot;:0,&quot;autoplayHoverPause&quot;:true,&quot;loop&quot;:true,&quot;autoplay&quot;:true,&quot;dots&quot;:true,&quot;rtl&quot;:false}\">\n\n\t\t\n\t\t\t<div class=\"item\">\n\t\t\t\t\n\t\t\t\t<div class=\"ova-media \">\n       \t\t\t\t\n       \t\t\t\t\t\t\t\t\t\t<div class=\"audio-img-wrapper\">\n\t\t\t\t\t\t\t\t\t\t\t\t\t        <a class=\"not-mega-link link-full-height\" href=\"https:\/\/asset-mng.com\/investiciono-zlato\/audio\/zasto-su-zlato-i-srebro-jedini-pravi-novac-sokantna-istina\/\">\n\t\t\t\t\t\t\t\t\n\t\t\t\t\t\t\t    <img decoding=\"async\" class=\"audio-img\" src=\"https:\/\/asset-mng.com\/investiciono-zlato\/wp-content\/uploads\/2025\/11\/15.png\" alt=\"Za\u0161to su zlato i srebro jedini pravi novac &#8211; \u0160okantna istina\">\n\t\t\t\t\t\t\t\t\t\t\t\t\t\t\t<\/a>\n\t\t\t\t\t\t\t\n\t\t\t\t\t\t\t\t\t\t\t\t\t\t\t<a class=\"not-mega-link\" href=\"https:\/\/asset-mng.com\/investiciono-zlato\/audio-host\/vojislav-dejkovic\/\" title=\"Vojislav Dejkovi\u0107\">\n\t\t\t\t\t\t\t        <img decoding=\"async\" src=\"https:\/\/asset-mng.com\/investiciono-zlato\/wp-content\/uploads\/2022\/05\/Vojislav-Dejkovic-150x150.jpg\" class=\"host-img\" title=\"Vojislav Dejkovi\u0107\" alt=\"Vojislav Dejkovi\u0107\">\n\t\t\t\t\t\t\t    <\/a>\n\t\t\t\t\t\t    \t\t\t\t\t\t<\/div>\n\t\t\t\t\t\n\t\t\t\t    <div class=\"content\">\n\n\t\t\t\t    \t\n\t\t\t\t    \t\t\t\t\t\t    \t<span class=\"category\">\n\t\t\t\t\t\t\t\t<a class=\"not-mega-link\" href=\"https:\/\/asset-mng.com\/investiciono-zlato\/category-audio\/finansije\/\">\n\t\t\t\t\t\t\t\t\tFinansije\t\t\t\t\t\t\t\t<\/a>\n\t\t\t\t\t\t\t<\/span>\n\t\t\t\t\t\t\n\t\t\t\t\t\t\t\t\t\t\t\t\t<span class=\"episode \">\n\t\t\t\t\t\t\t\tEpisode 15\t\n\t\t\t\t\t\t\t<\/span>\n\t\t\t\t\t\t\n\t\t\t\t\t\t\t\t\t\t\t    \t\t\t\t\t\t        <a class=\"not-mega-link\" href=\"https:\/\/asset-mng.com\/investiciono-zlato\/audio\/zasto-su-zlato-i-srebro-jedini-pravi-novac-sokantna-istina\/\">\n\t\t\t\t\t\t    \t\n\n\t\t\t\t\t\t\t\t<h3 class=\"title\">\n\t\t\t\t\t\t\t\t\tZa\u0161to su zlato i srebro jedini pravi novac &#8211; \u0160okantna istina\t\t\t\t\t\t\t\t<\/h3>\n\t\t\n\t\t\t\t\t\t\t\t\t\t\t\t\t\t\t<\/a>\n\t\t\t\t\t\t    \t\n\t\t\t\t\t\t\t\n\n\t\t\t\t\t\t\t\t\t\t\t\t    <a class=\"audio-button\" href=\"https:\/\/asset-mng.com\/investiciono-zlato\/audio\/zasto-su-zlato-i-srebro-jedini-pravi-novac-sokantna-istina\/\">\n\t\t\t\t\t\t\t\tEpisode page\t\t\t\t\t\t\t<\/a>\n\t\t\t\t\t\t\t\n\t\t\t\t\t\t\n\t\t\t\t    <\/div>\n\n\t\t\t\t<\/div>\n\n\t\t\t<\/div>\n\n\t\t\n\t\t\t<div class=\"item\">\n\t\t\t\t\n\t\t\t\t<div class=\"ova-media \">\n       \t\t\t\t\n       \t\t\t\t\t\t\t\t\t\t<div class=\"audio-img-wrapper\">\n\t\t\t\t\t\t\t\t\t\t\t\t\t        <a class=\"not-mega-link link-full-height\" href=\"https:\/\/asset-mng.com\/investiciono-zlato\/audio\/investiciono-zlato-kompletan-vodic-za-ulaganje-u-zlato\/\">\n\t\t\t\t\t\t\t\t\n\t\t\t\t\t\t\t    <img decoding=\"async\" class=\"audio-img\" src=\"https:\/\/asset-mng.com\/investiciono-zlato\/wp-content\/uploads\/2025\/11\/13.jpg\" alt=\"Investiciono zlato: Kompletan vodi\u010d za ulaganje u zlato\">\n\t\t\t\t\t\t\t\t\t\t\t\t\t\t\t<\/a>\n\t\t\t\t\t\t\t\n\t\t\t\t\t\t\t\t\t\t\t\t\t\t\t<a class=\"not-mega-link\" href=\"https:\/\/asset-mng.com\/investiciono-zlato\/audio-host\/vojislav-dejkovic\/\" title=\"Vojislav Dejkovi\u0107\">\n\t\t\t\t\t\t\t        <img decoding=\"async\" src=\"https:\/\/asset-mng.com\/investiciono-zlato\/wp-content\/uploads\/2022\/05\/Vojislav-Dejkovic-150x150.jpg\" class=\"host-img\" title=\"Vojislav Dejkovi\u0107\" alt=\"Vojislav Dejkovi\u0107\">\n\t\t\t\t\t\t\t    <\/a>\n\t\t\t\t\t\t    \t\t\t\t\t\t<\/div>\n\t\t\t\t\t\n\t\t\t\t    <div class=\"content\">\n\n\t\t\t\t    \t\n\t\t\t\t    \t\t\t\t\t\t    \t<span class=\"category\">\n\t\t\t\t\t\t\t\t<a class=\"not-mega-link\" href=\"https:\/\/asset-mng.com\/investiciono-zlato\/category-audio\/finansije\/\">\n\t\t\t\t\t\t\t\t\tFinansije\t\t\t\t\t\t\t\t<\/a>\n\t\t\t\t\t\t\t<\/span>\n\t\t\t\t\t\t\n\t\t\t\t\t\t\t\t\t\t\t\t\t<span class=\"episode \">\n\t\t\t\t\t\t\t\tEpisode 13\t\n\t\t\t\t\t\t\t<\/span>\n\t\t\t\t\t\t\n\t\t\t\t\t\t\t\t\t\t\t    \t\t\t\t\t\t        <a class=\"not-mega-link\" href=\"https:\/\/asset-mng.com\/investiciono-zlato\/audio\/investiciono-zlato-kompletan-vodic-za-ulaganje-u-zlato\/\">\n\t\t\t\t\t\t    \t\n\n\t\t\t\t\t\t\t\t<h3 class=\"title\">\n\t\t\t\t\t\t\t\t\tInvesticiono zlato: Kompletan vodi\u010d za ulaganje u zlato\t\t\t\t\t\t\t\t<\/h3>\n\t\t\n\t\t\t\t\t\t\t\t\t\t\t\t\t\t\t<\/a>\n\t\t\t\t\t\t    \t\n\t\t\t\t\t\t\t\n\n\t\t\t\t\t\t\t\t\t\t\t\t    <a class=\"audio-button\" href=\"https:\/\/asset-mng.com\/investiciono-zlato\/audio\/investiciono-zlato-kompletan-vodic-za-ulaganje-u-zlato\/\">\n\t\t\t\t\t\t\t\tEpisode page\t\t\t\t\t\t\t<\/a>\n\t\t\t\t\t\t\t\n\t\t\t\t\t\t\n\t\t\t\t    <\/div>\n\n\t\t\t\t<\/div>\n\n\t\t\t<\/div>\n\n\t\t\n\t\t\t<div class=\"item\">\n\t\t\t\t\n\t\t\t\t<div class=\"ova-media \">\n       \t\t\t\t\n       \t\t\t\t\t\t\t\t\t\t<div class=\"audio-img-wrapper\">\n\t\t\t\t\t\t\t\t\t\t\t\t\t        <a class=\"not-mega-link link-full-height\" href=\"https:\/\/asset-mng.com\/investiciono-zlato\/audio\/zasto-je-ulaganje-u-zlato-pametno-i-gde-ga-kupiti\/\">\n\t\t\t\t\t\t\t\t\n\t\t\t\t\t\t\t    <img decoding=\"async\" class=\"audio-img\" src=\"https:\/\/asset-mng.com\/investiciono-zlato\/wp-content\/uploads\/2025\/11\/11.jpg\" alt=\"Za\u0161to su zlato i srebro jedini pravi novac &#8211; \u0160okantna istina\">\n\t\t\t\t\t\t\t\t\t\t\t\t\t\t\t<\/a>\n\t\t\t\t\t\t\t\n\t\t\t\t\t\t\t\t\t\t\t\t\t\t\t<a class=\"not-mega-link\" href=\"https:\/\/asset-mng.com\/investiciono-zlato\/audio-host\/vojislav-dejkovic\/\" title=\"Vojislav Dejkovi\u0107\">\n\t\t\t\t\t\t\t        <img decoding=\"async\" src=\"https:\/\/asset-mng.com\/investiciono-zlato\/wp-content\/uploads\/2022\/05\/Vojislav-Dejkovic-150x150.jpg\" class=\"host-img\" title=\"Vojislav Dejkovi\u0107\" alt=\"Vojislav Dejkovi\u0107\">\n\t\t\t\t\t\t\t    <\/a>\n\t\t\t\t\t\t    \t\t\t\t\t\t<\/div>\n\t\t\t\t\t\n\t\t\t\t    <div class=\"content\">\n\n\t\t\t\t    \t\n\t\t\t\t    \t\t\t\t\t\t    \t<span class=\"category\">\n\t\t\t\t\t\t\t\t<a class=\"not-mega-link\" href=\"https:\/\/asset-mng.com\/investiciono-zlato\/category-audio\/finansije\/\">\n\t\t\t\t\t\t\t\t\tFinansije\t\t\t\t\t\t\t\t<\/a>\n\t\t\t\t\t\t\t<\/span>\n\t\t\t\t\t\t\n\t\t\t\t\t\t\t\t\t\t\t\t\t<span class=\"episode \">\n\t\t\t\t\t\t\t\tEpisode 11\t\n\t\t\t\t\t\t\t<\/span>\n\t\t\t\t\t\t\n\t\t\t\t\t\t\t\t\t\t\t    \t\t\t\t\t\t        <a class=\"not-mega-link\" href=\"https:\/\/asset-mng.com\/investiciono-zlato\/audio\/zasto-je-ulaganje-u-zlato-pametno-i-gde-ga-kupiti\/\">\n\t\t\t\t\t\t    \t\n\n\t\t\t\t\t\t\t\t<h3 class=\"title\">\n\t\t\t\t\t\t\t\t\tZa\u0161to su zlato i srebro jedini pravi novac &#8211; \u0160okantna istina\t\t\t\t\t\t\t\t<\/h3>\n\t\t\n\t\t\t\t\t\t\t\t\t\t\t\t\t\t\t<\/a>\n\t\t\t\t\t\t    \t\n\t\t\t\t\t\t\t\n\n\t\t\t\t\t\t\t\t\t\t\t\t    <a class=\"audio-button\" href=\"https:\/\/asset-mng.com\/investiciono-zlato\/audio\/zasto-je-ulaganje-u-zlato-pametno-i-gde-ga-kupiti\/\">\n\t\t\t\t\t\t\t\tEpisode page\t\t\t\t\t\t\t<\/a>\n\t\t\t\t\t\t\t\n\t\t\t\t\t\t\n\t\t\t\t    <\/div>\n\n\t\t\t\t<\/div>\n\n\t\t\t<\/div>\n\n\t\t\n\t\t\t<div class=\"item\">\n\t\t\t\t\n\t\t\t\t<div class=\"ova-media \">\n       \t\t\t\t\n       \t\t\t\t\t\t\t\t\t\t<div class=\"audio-img-wrapper\">\n\t\t\t\t\t\t\t\t\t\t\t\t\t        <a class=\"not-mega-link link-full-height\" href=\"https:\/\/asset-mng.com\/investiciono-zlato\/audio\/investiciono-zlato-zasto-je-ulaganje-u-zlato-pametno-i-gde-ga-kupiti\/\">\n\t\t\t\t\t\t\t\t\n\t\t\t\t\t\t\t    <img decoding=\"async\" class=\"audio-img\" src=\"https:\/\/asset-mng.com\/investiciono-zlato\/wp-content\/uploads\/2025\/07\/9.jpg\" alt=\"Za\u0161to je ulaganje u zlato pametno i gde ga kupiti\">\n\t\t\t\t\t\t\t\t\t\t\t\t\t\t\t<\/a>\n\t\t\t\t\t\t\t\n\t\t\t\t\t\t\t\t\t\t\t\t\t\t\t<a class=\"not-mega-link\" href=\"https:\/\/asset-mng.com\/investiciono-zlato\/audio-host\/vojislav-dejkovic\/\" title=\"Vojislav Dejkovi\u0107\">\n\t\t\t\t\t\t\t        <img decoding=\"async\" src=\"https:\/\/asset-mng.com\/investiciono-zlato\/wp-content\/uploads\/2022\/05\/Vojislav-Dejkovic-150x150.jpg\" class=\"host-img\" title=\"Vojislav Dejkovi\u0107\" alt=\"Vojislav Dejkovi\u0107\">\n\t\t\t\t\t\t\t    <\/a>\n\t\t\t\t\t\t    \t\t\t\t\t\t<\/div>\n\t\t\t\t\t\n\t\t\t\t    <div class=\"content\">\n\n\t\t\t\t    \t\n\t\t\t\t    \t\t\t\t\t\t    \t<span class=\"category\">\n\t\t\t\t\t\t\t\t<a class=\"not-mega-link\" href=\"https:\/\/asset-mng.com\/investiciono-zlato\/category-audio\/finansije\/\">\n\t\t\t\t\t\t\t\t\tFinansije\t\t\t\t\t\t\t\t<\/a>\n\t\t\t\t\t\t\t<\/span>\n\t\t\t\t\t\t\n\t\t\t\t\t\t\t\t\t\t\t\t\t<span class=\"episode \">\n\t\t\t\t\t\t\t\tEpisode 9\t\n\t\t\t\t\t\t\t<\/span>\n\t\t\t\t\t\t\n\t\t\t\t\t\t\t\t\t\t\t    \t\t\t\t\t\t        <a class=\"not-mega-link\" href=\"https:\/\/asset-mng.com\/investiciono-zlato\/audio\/investiciono-zlato-zasto-je-ulaganje-u-zlato-pametno-i-gde-ga-kupiti\/\">\n\t\t\t\t\t\t    \t\n\n\t\t\t\t\t\t\t\t<h3 class=\"title\">\n\t\t\t\t\t\t\t\t\tZa\u0161to je ulaganje u zlato pametno i gde ga kupiti\t\t\t\t\t\t\t\t<\/h3>\n\t\t\n\t\t\t\t\t\t\t\t\t\t\t\t\t\t\t<\/a>\n\t\t\t\t\t\t    \t\n\t\t\t\t\t\t\t\n\n\t\t\t\t\t\t\t\t\t\t\t\t    <a class=\"audio-button\" href=\"https:\/\/asset-mng.com\/investiciono-zlato\/audio\/investiciono-zlato-zasto-je-ulaganje-u-zlato-pametno-i-gde-ga-kupiti\/\">\n\t\t\t\t\t\t\t\tEpisode page\t\t\t\t\t\t\t<\/a>\n\t\t\t\t\t\t\t\n\t\t\t\t\t\t\n\t\t\t\t    <\/div>\n\n\t\t\t\t<\/div>\n\n\t\t\t<\/div>\n\n\t\t\t<\/div>\n\n<\/div>\t\t\t\t<\/div>\n\t\t\t\t<\/div>\n\t\t\t\t\t<\/div>\n\t\t<\/div>\n\t\t\t\t\t<\/div>\n\t\t<\/section>\n\t\t\t\t<\/div>\n\t\t","protected":false},"excerpt":{"rendered":"<p>Zlato kao osnova stabilnosti u novom globalnom ekonomskom poretku U svetu finansija, poslednjih godina sve vi\u0161e se govori o zlatnom standardu i njegovom povratku kao stabilnog sredstva vrednosti. U kontekstu globalnih ekonomskih promena, posebno sa pojavom BRICS zemalja, investicija u zlato postaje klju\u010dna tema za investitore \u0161irom sveta. Uvod Zemlje \u010dlanice BRICS-a (Brazil, Rusija, Indija, [&hellip;]<\/p>\n","protected":false},"author":1,"featured_media":0,"parent":0,"menu_order":0,"comment_status":"closed","ping_status":"closed","template":"elementor_header_footer","meta":{"footnotes":""},"class_list":["post-5610","page","type-page","status-publish","hentry"],"_links":{"self":[{"href":"https:\/\/asset-mng.com\/investiciono-zlato\/wp-json\/wp\/v2\/pages\/5610","targetHints":{"allow":["GET"]}}],"collection":[{"href":"https:\/\/asset-mng.com\/investiciono-zlato\/wp-json\/wp\/v2\/pages"}],"about":[{"href":"https:\/\/asset-mng.com\/investiciono-zlato\/wp-json\/wp\/v2\/types\/page"}],"author":[{"embeddable":true,"href":"https:\/\/asset-mng.com\/investiciono-zlato\/wp-json\/wp\/v2\/users\/1"}],"replies":[{"embeddable":true,"href":"https:\/\/asset-mng.com\/investiciono-zlato\/wp-json\/wp\/v2\/comments?post=5610"}],"version-history":[{"count":77,"href":"https:\/\/asset-mng.com\/investiciono-zlato\/wp-json\/wp\/v2\/pages\/5610\/revisions"}],"predecessor-version":[{"id":11148,"href":"https:\/\/asset-mng.com\/investiciono-zlato\/wp-json\/wp\/v2\/pages\/5610\/revisions\/11148"}],"wp:attachment":[{"href":"https:\/\/asset-mng.com\/investiciono-zlato\/wp-json\/wp\/v2\/media?parent=5610"}],"curies":[{"name":"wp","href":"https:\/\/api.w.org\/{rel}","templated":true}]}}