{"id":5618,"date":"2025-01-10T12:36:23","date_gmt":"2025-01-10T12:36:23","guid":{"rendered":"https:\/\/asset-mng.com\/?page_id=5618"},"modified":"2025-04-01T13:04:33","modified_gmt":"2025-04-01T13:04:33","slug":"sta-je-investiciono-zlato","status":"publish","type":"page","link":"https:\/\/asset-mng.com\/investiciono-zlato\/sta-je-investiciono-zlato\/","title":{"rendered":"\u0160ta je Investiciono Zlato"},"content":{"rendered":"\t\t<div data-elementor-type=\"wp-page\" data-elementor-id=\"5618\" class=\"elementor elementor-5618\" data-elementor-post-type=\"page\">\n\t\t\t\t<div class=\"elementor-element elementor-element-9e3a277 e-flex e-con-boxed magic-button-disabled-no elementor-invisible e-con e-parent\" data-id=\"9e3a277\" data-element_type=\"container\" data-settings=\"{&quot;animation&quot;:&quot;ova-move-right&quot;}\">\n\t\t\t\t\t<div class=\"e-con-inner\">\n\t\t\t\t<div class=\"elementor-element elementor-element-fb7b473 elementor-widget elementor-widget-heading\" data-id=\"fb7b473\" data-element_type=\"widget\" data-settings=\"{&quot;_animation&quot;:&quot;none&quot;}\" data-widget_type=\"heading.default\">\n\t\t\t\t<div class=\"elementor-widget-container\">\n\t\t\t\t\t<h2 class=\"elementor-heading-title elementor-size-default\">Kako o\u010duvati vrednost kapitala kroz investiciono zlato?<\/h2>\t\t\t\t<\/div>\n\t\t\t\t<\/div>\n\t\t\t\t\t<\/div>\n\t\t\t\t<\/div>\n\t\t<div class=\"elementor-element elementor-element-52d6746 e-flex e-con-boxed magic-button-disabled-no elementor-invisible e-con e-parent\" data-id=\"52d6746\" data-element_type=\"container\" data-settings=\"{&quot;animation&quot;:&quot;ova-move-right&quot;}\">\n\t\t\t\t\t<div class=\"e-con-inner\">\n\t\t<div class=\"elementor-element elementor-element-22c1567 e-con-full e-flex magic-button-disabled-no e-con e-child\" data-id=\"22c1567\" data-element_type=\"container\">\n\t\t\t\t<div class=\"elementor-element elementor-element-2355767 elementor-widget__width-initial elementor-invisible elementor-widget elementor-widget-text-editor\" data-id=\"2355767\" data-element_type=\"widget\" data-settings=\"{&quot;_animation&quot;:&quot;ova-move-right&quot;}\" data-widget_type=\"text-editor.default\">\n\t\t\t\t<div class=\"elementor-widget-container\">\n\t\t\t\t\t\t\t\t\t<p><span style=\"color: #000000;\">Investiciono zlato predstavlja visokokvalitetne zlatne poluge, plo\u010dice ili kovanice koje se kupuju s namerom o\u010duvanja vrednosti i kupovne mo\u0107i kapitala. Me\u0111u njima, kovanice od zlata, koje su na na\u0161im prostorima poznate i kao &#8216;Dukati&#8217;, predstavljaju tradicionalni na\u010din investiranja i mnogo su kvalitetnije od kupovine nakitnog zlata.\u00a0Ova vrsta zlata se razlikuje od ukrasnog zlata po svojoj \u010disto\u0107i, koja mora biti minimalno 99,5% za poluge i 90% za kovanice. Preporuka su svakako plo\u010dice od 99,99% \u010disto\u0107e i da su proizvod rafinerije sa LBMA sertifikatom.<\/span><\/p><p><span style=\"color: #000000; letter-spacing: var(--letter-spacing);\">Investiciono zlato se smatra \u201esigurnom lukom\u201c u finansijskim burama, jer njegova vrednost ostaje stabilna \u010dak i tokom globalnih ekonomskih nesigurnosti. Njegova univerzalna prihva\u0107enost i likvidnost \u010dine ga privla\u010dnom opcijom za diversifikaciju investicionog portfolija. U mnogim zemljama, uklju\u010duju\u0107i Srbiju, trgovina investicionim zlatom oslobo\u0111ena je PDV-a (20%). Zlatne poluge dolaze u razli\u010ditim te\u017einama, tako da svaki investitor mo\u017ee odabrati stukturu koja je njemu odgovaraju\u0107a.<\/span><\/p><p><span style=\"color: #000000;\">Investiciono zlato u apoenima razli\u010dite veli\u010dine (0.5g &#8211; 1.000g) savremeni je model za\u0161tite kapitala, ima oznaku \u010disto\u0107e, serijski broj i oznaku proizvo\u0111a\u010da. Te karakteristike mu daju odre\u0111enu prednost u odnosu na tradicionalne zlatne kovanice.<\/span><\/p><p><span style=\"color: #000000;\">Karat je specijalna oznaka \u010disto\u0107e zlata i koristi se za nakitno zlato. Na na\u0161em tr\u017ei\u0161tu je naj\u010de\u0161\u0107e nakitno zlato od 14kt, u oznaci 585, \u0161to govori da je taj nakit legura zlata i drugih legiraju\u0107ih metala (Ag, Cu, &#8230;) sa sadr\u017eajem zlata u toj leguri od 58,5 %. Nakitno zlato od 18kt u oznaci 750 je kvalitetnije i ima sadr\u017eaj 75% zlata u toj leguri.<\/span><br \/><span style=\"color: #000000;\">Investiciono zlato u oznaci 999.9 ili 999\/1000, tzv. FINE GOLD, predstavlja \u010disto\u0107u zlata u promilima i naj\u010distije je komercijalno zlato (u procentima 99,99 %).<\/span><\/p><p><span style=\"letter-spacing: var(--letter-spacing); color: #000000;\">Za vi\u0161e informacija o strategijama ulaganja u zlato i kako zapo\u010deti svoje putovanje ka finansijskoj sigurnosti kroz ovaj plemeniti metal, pogledajte <a href=\"https:\/\/asset-mng.com\/investiciono-zlato\/vesti\/\">vesti<\/a> i na\u0161e video sadr\u017eaje od stru\u010dnjaka na temu investiciono zlato.<\/span><span style=\"letter-spacing: var(--letter-spacing); color: #000000;\">\u00a0<\/span><\/p>\t\t\t\t\t\t\t\t<\/div>\n\t\t\t\t<\/div>\n\t\t\t\t<\/div>\n\t\t\t\t\t<\/div>\n\t\t\t\t<\/div>\n\t\t<div class=\"elementor-element elementor-element-8ec8b6c elementor-hidden-mobile e-flex e-con-boxed magic-button-disabled-no elementor-invisible e-con e-parent\" data-id=\"8ec8b6c\" data-element_type=\"container\" data-settings=\"{&quot;animation&quot;:&quot;ova-move-up&quot;}\">\n\t\t\t\t\t<div class=\"e-con-inner\">\n\t\t\t\t<div class=\"elementor-element elementor-element-ceeef7b elementor-cta--skin-cover elementor-animated-content elementor-bg-transform elementor-bg-transform-zoom-in elementor-widget elementor-widget-call-to-action\" data-id=\"ceeef7b\" data-element_type=\"widget\" data-widget_type=\"call-to-action.default\">\n\t\t\t\t<div class=\"elementor-widget-container\">\n\t\t\t\t\t\t\t<a class=\"elementor-cta\" href=\"https:\/\/asset-mng.com\/investiciono-zlato\/dukati-ili-plocice\/\">\n\t\t\t\t\t<div class=\"elementor-cta__bg-wrapper\">\n\t\t\t\t<div class=\"elementor-cta__bg elementor-bg\" style=\"background-image: url(https:\/\/asset-mng.com\/investiciono-zlato\/wp-content\/uploads\/2025\/01\/Plocice-ili-dukati-Desktop.jpg);\" role=\"img\" aria-label=\"Plocice-ili-dukati-Desktop\"><\/div>\n\t\t\t\t<div class=\"elementor-cta__bg-overlay\"><\/div>\n\t\t\t<\/div>\n\t\t\t\t\t\t\t<div class=\"elementor-cta__content\">\n\t\t\t\t\n\t\t\t\t\t\t\t\t\t<h2 class=\"elementor-cta__title elementor-cta__content-item elementor-content-item elementor-animated-item--grow\">\n\t\t\t\t\t\tPlo\u010dice ili dukati\t\t\t\t\t<\/h2>\n\t\t\t\t\n\t\t\t\t\n\t\t\t\t\t\t\t\t\t<div class=\"elementor-cta__button-wrapper elementor-cta__content-item elementor-content-item elementor-animated-item--grow\">\n\t\t\t\t\t<span class=\"elementor-cta__button elementor-button elementor-size-\">\n\t\t\t\t\t\tPro\u010ditajte\t\t\t\t\t<\/span>\n\t\t\t\t\t<\/div>\n\t\t\t\t\t\t\t<\/div>\n\t\t\t\t\t\t<\/a>\n\t\t\t\t\t\t<\/div>\n\t\t\t\t<\/div>\n\t\t\t\t\t<\/div>\n\t\t\t\t<\/div>\n\t\t<div class=\"elementor-element elementor-element-c72c35e elementor-hidden-desktop elementor-hidden-tablet e-flex e-con-boxed magic-button-disabled-no elementor-invisible e-con e-parent\" data-id=\"c72c35e\" data-element_type=\"container\" data-settings=\"{&quot;animation&quot;:&quot;ova-move-up&quot;}\">\n\t\t\t\t\t<div class=\"e-con-inner\">\n\t\t\t\t<div class=\"elementor-element elementor-element-47855af elementor-cta--skin-cover elementor-animated-content elementor-bg-transform elementor-bg-transform-zoom-in elementor-widget elementor-widget-call-to-action\" data-id=\"47855af\" data-element_type=\"widget\" data-widget_type=\"call-to-action.default\">\n\t\t\t\t<div class=\"elementor-widget-container\">\n\t\t\t\t\t\t\t<a class=\"elementor-cta\" href=\"https:\/\/asset-mng.com\/investiciono-zlato\/dukati-ili-plocice\/\">\n\t\t\t\t\t<div class=\"elementor-cta__bg-wrapper\">\n\t\t\t\t<div class=\"elementor-cta__bg elementor-bg\" style=\"background-image: url(https:\/\/asset-mng.com\/investiciono-zlato\/wp-content\/uploads\/2025\/02\/Plocice-ili-Dukati-Mob-Optimize3.jpg);\" role=\"img\" aria-label=\"Plocice-ili-Dukati-Mob-Optimize3\"><\/div>\n\t\t\t\t<div class=\"elementor-cta__bg-overlay\"><\/div>\n\t\t\t<\/div>\n\t\t\t\t\t\t\t<div class=\"elementor-cta__content\">\n\t\t\t\t\n\t\t\t\t\t\t\t\t\t<h2 class=\"elementor-cta__title elementor-cta__content-item elementor-content-item elementor-animated-item--grow\">\n\t\t\t\t\t\tPlo\u010dice ili dukati\t\t\t\t\t<\/h2>\n\t\t\t\t\n\t\t\t\t\n\t\t\t\t\t\t\t\t\t<div class=\"elementor-cta__button-wrapper elementor-cta__content-item elementor-content-item elementor-animated-item--grow\">\n\t\t\t\t\t<span class=\"elementor-cta__button elementor-button elementor-size-\">\n\t\t\t\t\t\tPro\u010ditajte\t\t\t\t\t<\/span>\n\t\t\t\t\t<\/div>\n\t\t\t\t\t\t\t<\/div>\n\t\t\t\t\t\t<\/a>\n\t\t\t\t\t\t<\/div>\n\t\t\t\t<\/div>\n\t\t\t\t\t<\/div>\n\t\t\t\t<\/div>\n\t\t\t\t<section class=\"elementor-section elementor-top-section elementor-element elementor-element-23ccf5a elementor-section-full_width elementor-section-height-default elementor-section-height-default magic-button-disabled-no elementor-invisible\" data-id=\"23ccf5a\" data-element_type=\"section\" data-settings=\"{&quot;background_background&quot;:&quot;classic&quot;,&quot;animation&quot;:&quot;ova-move-up&quot;}\">\n\t\t\t\t\t\t\t<div class=\"elementor-background-overlay\"><\/div>\n\t\t\t\t\t\t\t<div class=\"elementor-container elementor-column-gap-no\">\n\t\t\t\t\t<div class=\"elementor-column elementor-col-100 elementor-top-column elementor-element elementor-element-15f799e\" data-id=\"15f799e\" data-element_type=\"column\">\n\t\t\t<div class=\"elementor-widget-wrap elementor-element-populated\">\n\t\t\t\t\t\t<div class=\"elementor-element elementor-element-a2c1c72 elementor-widget elementor-widget-podover_elementor_heading\" data-id=\"a2c1c72\" data-element_type=\"widget\" data-widget_type=\"podover_elementor_heading.default\">\n\t\t\t\t<div class=\"elementor-widget-container\">\n\t\t\t\t\t\n\t\t\t<div class=\"ova-title\">\n\n\t\t\t\t\t\t\t\t\t<h3 class=\"sub-title \">\n\t\t\t\t\t\tBudite informisani\t\n\t\t\t\t\t<\/h3>\n\t\t\t\t\n\t\t\t\t\t\t\t\t\t\t\t\t\t\t\t\t<h2 class=\"title\">Stru\u010dna mi\u0161ljenja na temu:\n<\/h2>\n\t\t\t\t\t\t\t\t\t\n\t\t\t\t\t\t\t\t\t<p class=\"description\">INVESTICIONO ZLATO<\/p>\n\t\t\t\t\n\t\t\t<\/div> \n\t\t\t\n\t\t\t\t\t\t<\/div>\n\t\t\t\t<\/div>\n\t\t\t\t<div class=\"elementor-element elementor-element-f8f5069 elementor-widget elementor-widget-ovau_elementor_audio_slider\" data-id=\"f8f5069\" data-element_type=\"widget\" data-settings=\"{&quot;pause_on_hover&quot;:&quot;yes&quot;,&quot;infinite&quot;:&quot;yes&quot;,&quot;autoplay&quot;:&quot;yes&quot;,&quot;autoplay_speed&quot;:3000,&quot;dot_control&quot;:&quot;yes&quot;}\" data-widget_type=\"ovau_elementor_audio_slider.default\">\n\t\t\t\t<div class=\"elementor-widget-container\">\n\t\t\t\t\t\n<div class=\"ova-audio-slider\">\n\n\t<div class=\"content slide-audio owl-carousel owl-theme\" data-options=\"{&quot;items&quot;:3,&quot;slideBy&quot;:1,&quot;margin&quot;:30,&quot;autoplayTimeout&quot;:3000,&quot;smartSpeed&quot;:500,&quot;stagePadding&quot;:0,&quot;autoplayHoverPause&quot;:true,&quot;loop&quot;:true,&quot;autoplay&quot;:true,&quot;dots&quot;:true,&quot;rtl&quot;:false}\">\n\n\t\t\n\t\t\t<div class=\"item\">\n\t\t\t\t\n\t\t\t\t<div class=\"ova-media \">\n       \t\t\t\t\n       \t\t\t\t\t\t\t\t\t\t<div class=\"audio-img-wrapper\">\n\t\t\t\t\t\t\t\t\t\t\t\t\t        <a class=\"not-mega-link link-full-height\" href=\"https:\/\/asset-mng.com\/investiciono-zlato\/audio\/zasto-su-zlato-i-srebro-jedini-pravi-novac-sokantna-istina\/\">\n\t\t\t\t\t\t\t\t\n\t\t\t\t\t\t\t    <img decoding=\"async\" class=\"audio-img\" src=\"https:\/\/asset-mng.com\/investiciono-zlato\/wp-content\/uploads\/2025\/11\/15.png\" alt=\"Za\u0161to su zlato i srebro jedini pravi novac &#8211; \u0160okantna istina\">\n\t\t\t\t\t\t\t\t\t\t\t\t\t\t\t<\/a>\n\t\t\t\t\t\t\t\n\t\t\t\t\t\t\t\t\t\t\t\t\t\t\t<a class=\"not-mega-link\" href=\"https:\/\/asset-mng.com\/investiciono-zlato\/audio-host\/vojislav-dejkovic\/\" title=\"Vojislav Dejkovi\u0107\">\n\t\t\t\t\t\t\t        <img decoding=\"async\" src=\"https:\/\/asset-mng.com\/investiciono-zlato\/wp-content\/uploads\/2022\/05\/Vojislav-Dejkovic-150x150.jpg\" class=\"host-img\" title=\"Vojislav Dejkovi\u0107\" alt=\"Vojislav Dejkovi\u0107\">\n\t\t\t\t\t\t\t    <\/a>\n\t\t\t\t\t\t    \t\t\t\t\t\t<\/div>\n\t\t\t\t\t\n\t\t\t\t    <div class=\"content\">\n\n\t\t\t\t    \t\n\t\t\t\t    \t\t\t\t\t\t    \t<span class=\"category\">\n\t\t\t\t\t\t\t\t<a class=\"not-mega-link\" href=\"https:\/\/asset-mng.com\/investiciono-zlato\/category-audio\/finansije\/\">\n\t\t\t\t\t\t\t\t\tFinansije\t\t\t\t\t\t\t\t<\/a>\n\t\t\t\t\t\t\t<\/span>\n\t\t\t\t\t\t\n\t\t\t\t\t\t\t\t\t\t\t\t\t<span class=\"episode \">\n\t\t\t\t\t\t\t\tEpisode 15\t\n\t\t\t\t\t\t\t<\/span>\n\t\t\t\t\t\t\n\t\t\t\t\t\t\t\t\t\t\t    \t\t\t\t\t\t        <a class=\"not-mega-link\" href=\"https:\/\/asset-mng.com\/investiciono-zlato\/audio\/zasto-su-zlato-i-srebro-jedini-pravi-novac-sokantna-istina\/\">\n\t\t\t\t\t\t    \t\n\n\t\t\t\t\t\t\t\t<h3 class=\"title\">\n\t\t\t\t\t\t\t\t\tZa\u0161to su zlato i srebro jedini pravi novac &#8211; \u0160okantna istina\t\t\t\t\t\t\t\t<\/h3>\n\t\t\n\t\t\t\t\t\t\t\t\t\t\t\t\t\t\t<\/a>\n\t\t\t\t\t\t    \t\n\t\t\t\t\t\t\t\n\n\t\t\t\t\t\t\t\t\t\t\t\t    <a class=\"audio-button\" href=\"https:\/\/asset-mng.com\/investiciono-zlato\/audio\/zasto-su-zlato-i-srebro-jedini-pravi-novac-sokantna-istina\/\">\n\t\t\t\t\t\t\t\tEpisode page\t\t\t\t\t\t\t<\/a>\n\t\t\t\t\t\t\t\n\t\t\t\t\t\t\n\t\t\t\t    <\/div>\n\n\t\t\t\t<\/div>\n\n\t\t\t<\/div>\n\n\t\t\n\t\t\t<div class=\"item\">\n\t\t\t\t\n\t\t\t\t<div class=\"ova-media \">\n       \t\t\t\t\n       \t\t\t\t\t\t\t\t\t\t<div class=\"audio-img-wrapper\">\n\t\t\t\t\t\t\t\t\t\t\t\t\t        <a class=\"not-mega-link link-full-height\" href=\"https:\/\/asset-mng.com\/investiciono-zlato\/audio\/investiciono-zlato-kompletan-vodic-za-ulaganje-u-zlato\/\">\n\t\t\t\t\t\t\t\t\n\t\t\t\t\t\t\t    <img decoding=\"async\" class=\"audio-img\" src=\"https:\/\/asset-mng.com\/investiciono-zlato\/wp-content\/uploads\/2025\/11\/13.jpg\" alt=\"Investiciono zlato: Kompletan vodi\u010d za ulaganje u zlato\">\n\t\t\t\t\t\t\t\t\t\t\t\t\t\t\t<\/a>\n\t\t\t\t\t\t\t\n\t\t\t\t\t\t\t\t\t\t\t\t\t\t\t<a class=\"not-mega-link\" href=\"https:\/\/asset-mng.com\/investiciono-zlato\/audio-host\/vojislav-dejkovic\/\" title=\"Vojislav Dejkovi\u0107\">\n\t\t\t\t\t\t\t        <img decoding=\"async\" src=\"https:\/\/asset-mng.com\/investiciono-zlato\/wp-content\/uploads\/2022\/05\/Vojislav-Dejkovic-150x150.jpg\" class=\"host-img\" title=\"Vojislav Dejkovi\u0107\" alt=\"Vojislav Dejkovi\u0107\">\n\t\t\t\t\t\t\t    <\/a>\n\t\t\t\t\t\t    \t\t\t\t\t\t<\/div>\n\t\t\t\t\t\n\t\t\t\t    <div class=\"content\">\n\n\t\t\t\t    \t\n\t\t\t\t    \t\t\t\t\t\t    \t<span class=\"category\">\n\t\t\t\t\t\t\t\t<a class=\"not-mega-link\" href=\"https:\/\/asset-mng.com\/investiciono-zlato\/category-audio\/finansije\/\">\n\t\t\t\t\t\t\t\t\tFinansije\t\t\t\t\t\t\t\t<\/a>\n\t\t\t\t\t\t\t<\/span>\n\t\t\t\t\t\t\n\t\t\t\t\t\t\t\t\t\t\t\t\t<span class=\"episode \">\n\t\t\t\t\t\t\t\tEpisode 13\t\n\t\t\t\t\t\t\t<\/span>\n\t\t\t\t\t\t\n\t\t\t\t\t\t\t\t\t\t\t    \t\t\t\t\t\t        <a class=\"not-mega-link\" href=\"https:\/\/asset-mng.com\/investiciono-zlato\/audio\/investiciono-zlato-kompletan-vodic-za-ulaganje-u-zlato\/\">\n\t\t\t\t\t\t    \t\n\n\t\t\t\t\t\t\t\t<h3 class=\"title\">\n\t\t\t\t\t\t\t\t\tInvesticiono zlato: Kompletan vodi\u010d za ulaganje u zlato\t\t\t\t\t\t\t\t<\/h3>\n\t\t\n\t\t\t\t\t\t\t\t\t\t\t\t\t\t\t<\/a>\n\t\t\t\t\t\t    \t\n\t\t\t\t\t\t\t\n\n\t\t\t\t\t\t\t\t\t\t\t\t    <a class=\"audio-button\" href=\"https:\/\/asset-mng.com\/investiciono-zlato\/audio\/investiciono-zlato-kompletan-vodic-za-ulaganje-u-zlato\/\">\n\t\t\t\t\t\t\t\tEpisode page\t\t\t\t\t\t\t<\/a>\n\t\t\t\t\t\t\t\n\t\t\t\t\t\t\n\t\t\t\t    <\/div>\n\n\t\t\t\t<\/div>\n\n\t\t\t<\/div>\n\n\t\t\n\t\t\t<div class=\"item\">\n\t\t\t\t\n\t\t\t\t<div class=\"ova-media \">\n       \t\t\t\t\n       \t\t\t\t\t\t\t\t\t\t<div class=\"audio-img-wrapper\">\n\t\t\t\t\t\t\t\t\t\t\t\t\t        <a class=\"not-mega-link link-full-height\" href=\"https:\/\/asset-mng.com\/investiciono-zlato\/audio\/zasto-je-ulaganje-u-zlato-pametno-i-gde-ga-kupiti\/\">\n\t\t\t\t\t\t\t\t\n\t\t\t\t\t\t\t    <img decoding=\"async\" class=\"audio-img\" src=\"https:\/\/asset-mng.com\/investiciono-zlato\/wp-content\/uploads\/2025\/11\/11.jpg\" alt=\"Za\u0161to su zlato i srebro jedini pravi novac &#8211; \u0160okantna istina\">\n\t\t\t\t\t\t\t\t\t\t\t\t\t\t\t<\/a>\n\t\t\t\t\t\t\t\n\t\t\t\t\t\t\t\t\t\t\t\t\t\t\t<a class=\"not-mega-link\" href=\"https:\/\/asset-mng.com\/investiciono-zlato\/audio-host\/vojislav-dejkovic\/\" title=\"Vojislav Dejkovi\u0107\">\n\t\t\t\t\t\t\t        <img decoding=\"async\" src=\"https:\/\/asset-mng.com\/investiciono-zlato\/wp-content\/uploads\/2022\/05\/Vojislav-Dejkovic-150x150.jpg\" class=\"host-img\" title=\"Vojislav Dejkovi\u0107\" alt=\"Vojislav Dejkovi\u0107\">\n\t\t\t\t\t\t\t    <\/a>\n\t\t\t\t\t\t    \t\t\t\t\t\t<\/div>\n\t\t\t\t\t\n\t\t\t\t    <div class=\"content\">\n\n\t\t\t\t    \t\n\t\t\t\t    \t\t\t\t\t\t    \t<span class=\"category\">\n\t\t\t\t\t\t\t\t<a class=\"not-mega-link\" href=\"https:\/\/asset-mng.com\/investiciono-zlato\/category-audio\/finansije\/\">\n\t\t\t\t\t\t\t\t\tFinansije\t\t\t\t\t\t\t\t<\/a>\n\t\t\t\t\t\t\t<\/span>\n\t\t\t\t\t\t\n\t\t\t\t\t\t\t\t\t\t\t\t\t<span class=\"episode \">\n\t\t\t\t\t\t\t\tEpisode 11\t\n\t\t\t\t\t\t\t<\/span>\n\t\t\t\t\t\t\n\t\t\t\t\t\t\t\t\t\t\t    \t\t\t\t\t\t        <a class=\"not-mega-link\" href=\"https:\/\/asset-mng.com\/investiciono-zlato\/audio\/zasto-je-ulaganje-u-zlato-pametno-i-gde-ga-kupiti\/\">\n\t\t\t\t\t\t    \t\n\n\t\t\t\t\t\t\t\t<h3 class=\"title\">\n\t\t\t\t\t\t\t\t\tZa\u0161to su zlato i srebro jedini pravi novac &#8211; \u0160okantna istina\t\t\t\t\t\t\t\t<\/h3>\n\t\t\n\t\t\t\t\t\t\t\t\t\t\t\t\t\t\t<\/a>\n\t\t\t\t\t\t    \t\n\t\t\t\t\t\t\t\n\n\t\t\t\t\t\t\t\t\t\t\t\t    <a class=\"audio-button\" href=\"https:\/\/asset-mng.com\/investiciono-zlato\/audio\/zasto-je-ulaganje-u-zlato-pametno-i-gde-ga-kupiti\/\">\n\t\t\t\t\t\t\t\tEpisode page\t\t\t\t\t\t\t<\/a>\n\t\t\t\t\t\t\t\n\t\t\t\t\t\t\n\t\t\t\t    <\/div>\n\n\t\t\t\t<\/div>\n\n\t\t\t<\/div>\n\n\t\t\n\t\t\t<div class=\"item\">\n\t\t\t\t\n\t\t\t\t<div class=\"ova-media \">\n       \t\t\t\t\n       \t\t\t\t\t\t\t\t\t\t<div class=\"audio-img-wrapper\">\n\t\t\t\t\t\t\t\t\t\t\t\t\t        <a class=\"not-mega-link link-full-height\" href=\"https:\/\/asset-mng.com\/investiciono-zlato\/audio\/investiciono-zlato-zasto-je-ulaganje-u-zlato-pametno-i-gde-ga-kupiti\/\">\n\t\t\t\t\t\t\t\t\n\t\t\t\t\t\t\t    <img decoding=\"async\" class=\"audio-img\" src=\"https:\/\/asset-mng.com\/investiciono-zlato\/wp-content\/uploads\/2025\/07\/9.jpg\" alt=\"Za\u0161to je ulaganje u zlato pametno i gde ga kupiti\">\n\t\t\t\t\t\t\t\t\t\t\t\t\t\t\t<\/a>\n\t\t\t\t\t\t\t\n\t\t\t\t\t\t\t\t\t\t\t\t\t\t\t<a class=\"not-mega-link\" href=\"https:\/\/asset-mng.com\/investiciono-zlato\/audio-host\/vojislav-dejkovic\/\" title=\"Vojislav Dejkovi\u0107\">\n\t\t\t\t\t\t\t        <img decoding=\"async\" src=\"https:\/\/asset-mng.com\/investiciono-zlato\/wp-content\/uploads\/2022\/05\/Vojislav-Dejkovic-150x150.jpg\" class=\"host-img\" title=\"Vojislav Dejkovi\u0107\" alt=\"Vojislav Dejkovi\u0107\">\n\t\t\t\t\t\t\t    <\/a>\n\t\t\t\t\t\t    \t\t\t\t\t\t<\/div>\n\t\t\t\t\t\n\t\t\t\t    <div class=\"content\">\n\n\t\t\t\t    \t\n\t\t\t\t    \t\t\t\t\t\t    \t<span class=\"category\">\n\t\t\t\t\t\t\t\t<a class=\"not-mega-link\" href=\"https:\/\/asset-mng.com\/investiciono-zlato\/category-audio\/finansije\/\">\n\t\t\t\t\t\t\t\t\tFinansije\t\t\t\t\t\t\t\t<\/a>\n\t\t\t\t\t\t\t<\/span>\n\t\t\t\t\t\t\n\t\t\t\t\t\t\t\t\t\t\t\t\t<span class=\"episode \">\n\t\t\t\t\t\t\t\tEpisode 9\t\n\t\t\t\t\t\t\t<\/span>\n\t\t\t\t\t\t\n\t\t\t\t\t\t\t\t\t\t\t    \t\t\t\t\t\t        <a class=\"not-mega-link\" href=\"https:\/\/asset-mng.com\/investiciono-zlato\/audio\/investiciono-zlato-zasto-je-ulaganje-u-zlato-pametno-i-gde-ga-kupiti\/\">\n\t\t\t\t\t\t    \t\n\n\t\t\t\t\t\t\t\t<h3 class=\"title\">\n\t\t\t\t\t\t\t\t\tZa\u0161to je ulaganje u zlato pametno i gde ga kupiti\t\t\t\t\t\t\t\t<\/h3>\n\t\t\n\t\t\t\t\t\t\t\t\t\t\t\t\t\t\t<\/a>\n\t\t\t\t\t\t    \t\n\t\t\t\t\t\t\t\n\n\t\t\t\t\t\t\t\t\t\t\t\t    <a class=\"audio-button\" href=\"https:\/\/asset-mng.com\/investiciono-zlato\/audio\/investiciono-zlato-zasto-je-ulaganje-u-zlato-pametno-i-gde-ga-kupiti\/\">\n\t\t\t\t\t\t\t\tEpisode page\t\t\t\t\t\t\t<\/a>\n\t\t\t\t\t\t\t\n\t\t\t\t\t\t\n\t\t\t\t    <\/div>\n\n\t\t\t\t<\/div>\n\n\t\t\t<\/div>\n\n\t\t\t<\/div>\n\n<\/div>\t\t\t\t<\/div>\n\t\t\t\t<\/div>\n\t\t\t\t\t<\/div>\n\t\t<\/div>\n\t\t\t\t\t<\/div>\n\t\t<\/section>\n\t\t\t\t<\/div>\n\t\t","protected":false},"excerpt":{"rendered":"<p>Kako o\u010duvati vrednost kapitala kroz investiciono zlato? Investiciono zlato predstavlja visokokvalitetne zlatne poluge, plo\u010dice ili kovanice koje se kupuju s namerom o\u010duvanja vrednosti i kupovne mo\u0107i kapitala. Me\u0111u njima, kovanice od zlata, koje su na na\u0161im prostorima poznate i kao &#8216;Dukati&#8217;, predstavljaju tradicionalni na\u010din investiranja i mnogo su kvalitetnije od kupovine nakitnog zlata.\u00a0Ova vrsta zlata [&hellip;]<\/p>\n","protected":false},"author":1,"featured_media":0,"parent":0,"menu_order":0,"comment_status":"closed","ping_status":"closed","template":"elementor_header_footer","meta":{"footnotes":""},"class_list":["post-5618","page","type-page","status-publish","hentry"],"_links":{"self":[{"href":"https:\/\/asset-mng.com\/investiciono-zlato\/wp-json\/wp\/v2\/pages\/5618","targetHints":{"allow":["GET"]}}],"collection":[{"href":"https:\/\/asset-mng.com\/investiciono-zlato\/wp-json\/wp\/v2\/pages"}],"about":[{"href":"https:\/\/asset-mng.com\/investiciono-zlato\/wp-json\/wp\/v2\/types\/page"}],"author":[{"embeddable":true,"href":"https:\/\/asset-mng.com\/investiciono-zlato\/wp-json\/wp\/v2\/users\/1"}],"replies":[{"embeddable":true,"href":"https:\/\/asset-mng.com\/investiciono-zlato\/wp-json\/wp\/v2\/comments?post=5618"}],"version-history":[{"count":153,"href":"https:\/\/asset-mng.com\/investiciono-zlato\/wp-json\/wp\/v2\/pages\/5618\/revisions"}],"predecessor-version":[{"id":11130,"href":"https:\/\/asset-mng.com\/investiciono-zlato\/wp-json\/wp\/v2\/pages\/5618\/revisions\/11130"}],"wp:attachment":[{"href":"https:\/\/asset-mng.com\/investiciono-zlato\/wp-json\/wp\/v2\/media?parent=5618"}],"curies":[{"name":"wp","href":"https:\/\/api.w.org\/{rel}","templated":true}]}}