{"id":5636,"date":"2025-01-10T13:41:23","date_gmt":"2025-01-10T13:41:23","guid":{"rendered":"https:\/\/asset-mng.com\/?page_id=5636"},"modified":"2025-04-01T13:05:36","modified_gmt":"2025-04-01T13:05:36","slug":"dukati-ili-plocice","status":"publish","type":"page","link":"https:\/\/asset-mng.com\/investiciono-zlato\/dukati-ili-plocice\/","title":{"rendered":"Dukati ili plo\u010dice"},"content":{"rendered":"\t\t<div data-elementor-type=\"wp-page\" data-elementor-id=\"5636\" class=\"elementor elementor-5636\" data-elementor-post-type=\"page\">\n\t\t\t\t<div class=\"elementor-element elementor-element-9e3a277 e-flex e-con-boxed magic-button-disabled-no elementor-invisible e-con e-parent\" data-id=\"9e3a277\" data-element_type=\"container\" data-settings=\"{&quot;animation&quot;:&quot;ova-move-right&quot;}\">\n\t\t\t\t\t<div class=\"e-con-inner\">\n\t\t\t\t<div class=\"elementor-element elementor-element-fb7b473 elementor-widget elementor-widget-heading\" data-id=\"fb7b473\" data-element_type=\"widget\" data-widget_type=\"heading.default\">\n\t\t\t\t<div class=\"elementor-widget-container\">\n\t\t\t\t\t<h2 class=\"elementor-heading-title elementor-size-default\">Zlatni dukati ili plo\u010dice: \u0160ta je bolje za va\u0161u strategiju ulaganja?<\/h2>\t\t\t\t<\/div>\n\t\t\t\t<\/div>\n\t\t\t\t\t<\/div>\n\t\t\t\t<\/div>\n\t\t<div class=\"elementor-element elementor-element-52d6746 e-flex e-con-boxed magic-button-disabled-no elementor-invisible e-con e-parent\" data-id=\"52d6746\" data-element_type=\"container\" data-settings=\"{&quot;animation&quot;:&quot;ova-move-right&quot;}\">\n\t\t\t\t\t<div class=\"e-con-inner\">\n\t\t<div class=\"elementor-element elementor-element-22c1567 e-con-full e-flex magic-button-disabled-no e-con e-child\" data-id=\"22c1567\" data-element_type=\"container\">\n\t\t\t\t<div class=\"elementor-element elementor-element-2355767 elementor-widget__width-initial elementor-invisible elementor-widget elementor-widget-text-editor\" data-id=\"2355767\" data-element_type=\"widget\" data-settings=\"{&quot;_animation&quot;:&quot;ova-move-right&quot;}\" data-widget_type=\"text-editor.default\">\n\t\t\t\t<div class=\"elementor-widget-container\">\n\t\t\t\t\t\t\t\t\t<p><span style=\"color: #000000;\">Asset Management se specijalizuje za prodaju i otkup zlatnih dukata i zlatnih plo\u010dica, pru\u017eaju\u0107i kupcima priliku da istra\u017ee prednosti i mane oba oblika investicionog zlata. Razumevanje ovih karakteristika klju\u010dno je za dono\u0161enje informisanih odluka prilikom ulaganja.<\/span><\/p><h3><span style=\"text-decoration: underline;\"><span style=\"color: #000000; text-decoration: underline;\">Sigurnost pri kupovini zlatnih dukata<\/span><\/span><\/h3><h5><span style=\"color: #000000;\">1. Nema oznaka proizvodja\u010da:<\/span><\/h5><p><span style=\"color: #000000;\">Dukati nemaju serijski broj, oznaku te\u017eine, \u010disto\u0107e, \u017eig rafinerije, proizvodja\u010da, nisu originalno upakovani, tako da se kupovina svodi na sopstveno znanje i na poverenje kupca prema prodavcu. Tako\u0111e postoji problem ukoliko kupac kupi dukate u vi\u0161e razli\u010ditih firmi i u jednom trenutku se ispostavi da jedan nije regularan, ne\u0107e mo\u0107i da doka\u017ee ukoliko i sam ne zna gde ga je kupio, ba\u0161 iz razloga nepostojanja serijskog broja.<\/span><\/p><h5><span style=\"color: #000000;\">2. Vizuelna provera:<\/span><\/h5><p><span style=\"color: #000000;\">Prvi korak u utvr\u0111ivanju autenti\u010dnosti zlatnog dukata je vizuelna provera. Originalni dukati imaju precizne gravure i jasno definisane detalje. Obratite pa\u017enju na boju i sjaj; autenti\u010dni dukati imaju topao, zlatno-\u017euti sjaj, dok falsifikati mogu imati neobi\u010dne tonove ili nesavr\u0161enosti u izradi.<\/span><\/p><h5><span style=\"color: #000000;\">3. Te\u017eina i dimenzije:<\/span><\/h5><p><span style=\"color: #000000;\">Svaki autenti\u010dni zlatni dukat ima ta\u010dno definisanu te\u017einu i dimenzije. Na primer, austrijski zlatni dukat Franc Jozef te\u017ei 3,49 grama. Merenje te\u017eine i dimenzija mo\u017ee pomo\u0107i u otkrivanju falsifikata; odstupanja od standardnih vrednosti su \u010desto znakovi lo\u0161ije izrade.<\/span><\/p><h5><span style=\"color: #000000;\">4. Estetika:<\/span><\/h5><p><span style=\"color: #000000;\">Dukati su poznati po svom atraktivnom dizajnu, \u010desto sa istorijskim motivima i \u010desto su bolji izbor za poklon od plo\u010dica.<\/span><\/p><h3><span style=\"text-decoration: underline;\"><span style=\"color: #000000; text-decoration: underline;\">Sigurnost pri kupovini zlatnih plo\u010dica<\/span><\/span><\/h3><h5><span style=\"color: #000000;\">1. Oznake proizvo\u0111a\u010da:<\/span><\/h5><p><span style=\"color: #000000;\">Zlatne plo\u010dice za razliku od dukata dolaze sa jasno utisnutim oznakama proizvo\u0111a\u010da, te\u017einom i \u010disto\u0107om, kao i jedinstvenim serijskim brojem koji garantuju autenti\u010dnost proizvoda. Originalno su upakovane i svako o\u0161te\u0107enje, nedostatak dela kartice u kojoj se plo\u010dica nalazi, postavlja pitanje autenti\u010dnosti iste.<\/span><\/p><h5><span style=\"color: #000000;\">2. Kupovina od proverenih trgovaca:<\/span><\/h5><p><span style=\"color: #000000;\">Bez obzira na to da li kupujete dukate ili plo\u010dice, va\u017eno je da to radite kod renomiranih trgovaca. Provera reputacije prodavca mo\u017ee znatno da pove\u0107a Va\u0161u sigurnost u kvalitet proizvoda i sigurnu kupovinu.<\/span><\/p><h5><span style=\"color: #000000;\">3. Likvidnost:<\/span><\/h5><p><span style=\"color: #000000;\">Zbog dostupnosti u razli\u010ditim te\u017einama, plo\u010dice su idealne za sastavljanje strukture koja je investitoru odgovaraju\u0107a. Time \u0107ete imati razli\u010dite apoene i lak\u0161e \u0107ete ih pretvoriti u gotovinu. Besplatno savetovanje pri odabiru odgovaraju\u0107e strukture nudi Asset Management, jer mi nismo klasi\u010dna, \u0161alterka prodavnica investicionog zlata, ve\u0107 pru\u017eamo edukaciju i besplatno finansijsko savetovanje.<\/span><\/p><h3><span style=\"color: #000000;\">Zaklju\u010dak<\/span><\/h3><p><span style=\"color: #000000;\">Ulaganje u zlatne dukate i plo\u010dice mo\u017ee biti sigurno uz pravilnu proveru autenti\u010dnosti. Dok dukati nemaju serijski broj, njihova 0riginalnost se mo\u017ee potvrditi kroz vizuelnu kontrolu ili proverom kojom prodavac raspola\u017ee (razli\u010diti aparati), proveru te\u017eine i dimenzija. Uvek birajte pouzdane izvore prilikom kupovine kako biste za\u0161titili svoju investiciju.<\/span><\/p><p><span style=\"color: #000000;\">Za vi\u0161e informacija o strategijama ulaganja u zlato i kako zapo\u010deti svoje putovanje ka finansijskoj sigurnosti kroz ovaj plemeniti metal, pogledajte informacije i na\u0161e video sadr\u017eaje od stru\u010dnjaka na temu investiciono zlato.<\/span><\/p>\t\t\t\t\t\t\t\t<\/div>\n\t\t\t\t<\/div>\n\t\t\t\t<\/div>\n\t\t<div class=\"elementor-element elementor-element-e78eefa e-con-full elementor-hidden-desktop elementor-hidden-tablet e-flex magic-button-disabled-no elementor-invisible e-con e-child\" data-id=\"e78eefa\" data-element_type=\"container\" data-settings=\"{&quot;animation&quot;:&quot;ova-move-up&quot;}\">\n\t\t\t\t<div class=\"elementor-element elementor-element-6f6c605 elementor-cta--skin-cover elementor-animated-content elementor-bg-transform elementor-bg-transform-zoom-in elementor-widget elementor-widget-call-to-action\" data-id=\"6f6c605\" data-element_type=\"widget\" data-widget_type=\"call-to-action.default\">\n\t\t\t\t<div class=\"elementor-widget-container\">\n\t\t\t\t\t\t\t<a class=\"elementor-cta\" href=\"https:\/\/asset-mng.com\/investiciono-zlato\/lbma-sertifikat\/\">\n\t\t\t\t\t<div class=\"elementor-cta__bg-wrapper\">\n\t\t\t\t<div class=\"elementor-cta__bg elementor-bg\" style=\"background-image: url(https:\/\/asset-mng.com\/investiciono-zlato\/wp-content\/uploads\/2025\/02\/LBMA-sertifikat-mobile-optimize.jpg);\" role=\"img\" aria-label=\"LBMA-sertifikat-mobile-optimize\"><\/div>\n\t\t\t\t<div class=\"elementor-cta__bg-overlay\"><\/div>\n\t\t\t<\/div>\n\t\t\t\t\t\t\t<div class=\"elementor-cta__content\">\n\t\t\t\t\n\t\t\t\t\t\t\t\t\t<h2 class=\"elementor-cta__title elementor-cta__content-item elementor-content-item elementor-animated-item--grow\">\n\t\t\t\t\t\tLBMA sertifikat\t\t\t\t\t<\/h2>\n\t\t\t\t\n\t\t\t\t\n\t\t\t\t\t\t\t\t\t<div class=\"elementor-cta__button-wrapper elementor-cta__content-item elementor-content-item elementor-animated-item--grow\">\n\t\t\t\t\t<span class=\"elementor-cta__button elementor-button elementor-size-\">\n\t\t\t\t\t\tPro\u010ditajte\t\t\t\t\t<\/span>\n\t\t\t\t\t<\/div>\n\t\t\t\t\t\t\t<\/div>\n\t\t\t\t\t\t<\/a>\n\t\t\t\t\t\t<\/div>\n\t\t\t\t<\/div>\n\t\t\t\t<\/div>\n\t\t<div class=\"elementor-element elementor-element-1422b0a e-con-full elementor-hidden-mobile e-flex magic-button-disabled-no elementor-invisible e-con e-child\" data-id=\"1422b0a\" data-element_type=\"container\" data-settings=\"{&quot;animation&quot;:&quot;ova-move-up&quot;}\">\n\t\t\t\t<div class=\"elementor-element elementor-element-9547414 elementor-cta--skin-cover elementor-animated-content elementor-bg-transform elementor-bg-transform-zoom-in elementor-widget elementor-widget-call-to-action\" data-id=\"9547414\" data-element_type=\"widget\" data-widget_type=\"call-to-action.default\">\n\t\t\t\t<div class=\"elementor-widget-container\">\n\t\t\t\t\t\t\t<a class=\"elementor-cta\" href=\"https:\/\/asset-mng.com\/investiciono-zlato\/lbma-sertifikat\/\">\n\t\t\t\t\t<div class=\"elementor-cta__bg-wrapper\">\n\t\t\t\t<div class=\"elementor-cta__bg elementor-bg\" style=\"background-image: url(https:\/\/asset-mng.com\/investiciono-zlato\/wp-content\/uploads\/2025\/01\/LBMA-sertifikat-Desktop.jpg);\" role=\"img\" aria-label=\"LBMA-sertifikat-Desktop\"><\/div>\n\t\t\t\t<div class=\"elementor-cta__bg-overlay\"><\/div>\n\t\t\t<\/div>\n\t\t\t\t\t\t\t<div class=\"elementor-cta__content\">\n\t\t\t\t\n\t\t\t\t\t\t\t\t\t<h2 class=\"elementor-cta__title elementor-cta__content-item elementor-content-item elementor-animated-item--grow\">\n\t\t\t\t\t\tLBMA sertifikat\t\t\t\t\t<\/h2>\n\t\t\t\t\n\t\t\t\t\n\t\t\t\t\t\t\t\t\t<div class=\"elementor-cta__button-wrapper elementor-cta__content-item elementor-content-item elementor-animated-item--grow\">\n\t\t\t\t\t<span class=\"elementor-cta__button elementor-button elementor-size-\">\n\t\t\t\t\t\tPro\u010ditajte\t\t\t\t\t<\/span>\n\t\t\t\t\t<\/div>\n\t\t\t\t\t\t\t<\/div>\n\t\t\t\t\t\t<\/a>\n\t\t\t\t\t\t<\/div>\n\t\t\t\t<\/div>\n\t\t\t\t<\/div>\n\t\t<div class=\"elementor-element elementor-element-9ca49be elementor-hidden-tablet elementor-hidden-mobile e-con-full e-flex magic-button-disabled-no elementor-invisible e-con e-child\" data-id=\"9ca49be\" data-element_type=\"container\" data-settings=\"{&quot;animation&quot;:&quot;ova-move-up&quot;}\">\n\t\t\t\t<\/div>\n\t\t\t\t\t<\/div>\n\t\t\t\t<\/div>\n\t\t\t\t<section class=\"elementor-section elementor-top-section elementor-element elementor-element-d7e25a7 elementor-section-full_width elementor-section-height-default elementor-section-height-default magic-button-disabled-no elementor-invisible\" data-id=\"d7e25a7\" data-element_type=\"section\" data-settings=\"{&quot;background_background&quot;:&quot;classic&quot;,&quot;animation&quot;:&quot;ova-move-up&quot;}\">\n\t\t\t\t\t\t\t<div class=\"elementor-background-overlay\"><\/div>\n\t\t\t\t\t\t\t<div class=\"elementor-container elementor-column-gap-no\">\n\t\t\t\t\t<div class=\"elementor-column elementor-col-100 elementor-top-column elementor-element elementor-element-30d02ee\" data-id=\"30d02ee\" data-element_type=\"column\">\n\t\t\t<div class=\"elementor-widget-wrap elementor-element-populated\">\n\t\t\t\t\t\t<div class=\"elementor-element elementor-element-6ba6411 elementor-widget elementor-widget-podover_elementor_heading\" data-id=\"6ba6411\" data-element_type=\"widget\" data-widget_type=\"podover_elementor_heading.default\">\n\t\t\t\t<div class=\"elementor-widget-container\">\n\t\t\t\t\t\n\t\t\t<div class=\"ova-title\">\n\n\t\t\t\t\t\t\t\t\t<h3 class=\"sub-title \">\n\t\t\t\t\t\tBudite informisani\t\n\t\t\t\t\t<\/h3>\n\t\t\t\t\n\t\t\t\t\t\t\t\t\t\t\t\t\t\t\t\t<h2 class=\"title\">Stru\u010dna mi\u0161ljenja na temu:\n<\/h2>\n\t\t\t\t\t\t\t\t\t\n\t\t\t\t\t\t\t\t\t<p class=\"description\">INVESTICIONO ZLATO<\/p>\n\t\t\t\t\n\t\t\t<\/div> \n\t\t\t\n\t\t\t\t\t\t<\/div>\n\t\t\t\t<\/div>\n\t\t\t\t<div class=\"elementor-element elementor-element-bdd7b7c elementor-widget elementor-widget-ovau_elementor_audio_slider\" data-id=\"bdd7b7c\" data-element_type=\"widget\" data-settings=\"{&quot;pause_on_hover&quot;:&quot;yes&quot;,&quot;infinite&quot;:&quot;yes&quot;,&quot;autoplay&quot;:&quot;yes&quot;,&quot;autoplay_speed&quot;:3000,&quot;dot_control&quot;:&quot;yes&quot;}\" data-widget_type=\"ovau_elementor_audio_slider.default\">\n\t\t\t\t<div class=\"elementor-widget-container\">\n\t\t\t\t\t\n<div class=\"ova-audio-slider\">\n\n\t<div class=\"content slide-audio owl-carousel owl-theme\" data-options=\"{&quot;items&quot;:3,&quot;slideBy&quot;:1,&quot;margin&quot;:30,&quot;autoplayTimeout&quot;:3000,&quot;smartSpeed&quot;:500,&quot;stagePadding&quot;:0,&quot;autoplayHoverPause&quot;:true,&quot;loop&quot;:true,&quot;autoplay&quot;:true,&quot;dots&quot;:true,&quot;rtl&quot;:false}\">\n\n\t\t\n\t\t\t<div class=\"item\">\n\t\t\t\t\n\t\t\t\t<div class=\"ova-media \">\n       \t\t\t\t\n       \t\t\t\t\t\t\t\t\t\t<div class=\"audio-img-wrapper\">\n\t\t\t\t\t\t\t\t\t\t\t\t\t        <a class=\"not-mega-link link-full-height\" href=\"https:\/\/asset-mng.com\/investiciono-zlato\/audio\/zasto-su-zlato-i-srebro-jedini-pravi-novac-sokantna-istina\/\">\n\t\t\t\t\t\t\t\t\n\t\t\t\t\t\t\t    <img decoding=\"async\" class=\"audio-img\" src=\"https:\/\/asset-mng.com\/investiciono-zlato\/wp-content\/uploads\/2025\/11\/15.png\" alt=\"Za\u0161to su zlato i srebro jedini pravi novac &#8211; \u0160okantna istina\">\n\t\t\t\t\t\t\t\t\t\t\t\t\t\t\t<\/a>\n\t\t\t\t\t\t\t\n\t\t\t\t\t\t\t\t\t\t\t\t\t\t\t<a class=\"not-mega-link\" href=\"https:\/\/asset-mng.com\/investiciono-zlato\/audio-host\/vojislav-dejkovic\/\" title=\"Vojislav Dejkovi\u0107\">\n\t\t\t\t\t\t\t        <img decoding=\"async\" src=\"https:\/\/asset-mng.com\/investiciono-zlato\/wp-content\/uploads\/2022\/05\/Vojislav-Dejkovic-150x150.jpg\" class=\"host-img\" title=\"Vojislav Dejkovi\u0107\" alt=\"Vojislav Dejkovi\u0107\">\n\t\t\t\t\t\t\t    <\/a>\n\t\t\t\t\t\t    \t\t\t\t\t\t<\/div>\n\t\t\t\t\t\n\t\t\t\t    <div class=\"content\">\n\n\t\t\t\t    \t\n\t\t\t\t    \t\t\t\t\t\t    \t<span class=\"category\">\n\t\t\t\t\t\t\t\t<a class=\"not-mega-link\" href=\"https:\/\/asset-mng.com\/investiciono-zlato\/category-audio\/finansije\/\">\n\t\t\t\t\t\t\t\t\tFinansije\t\t\t\t\t\t\t\t<\/a>\n\t\t\t\t\t\t\t<\/span>\n\t\t\t\t\t\t\n\t\t\t\t\t\t\t\t\t\t\t\t\t<span class=\"episode \">\n\t\t\t\t\t\t\t\tEpisode 15\t\n\t\t\t\t\t\t\t<\/span>\n\t\t\t\t\t\t\n\t\t\t\t\t\t\t\t\t\t\t    \t\t\t\t\t\t        <a class=\"not-mega-link\" href=\"https:\/\/asset-mng.com\/investiciono-zlato\/audio\/zasto-su-zlato-i-srebro-jedini-pravi-novac-sokantna-istina\/\">\n\t\t\t\t\t\t    \t\n\n\t\t\t\t\t\t\t\t<h3 class=\"title\">\n\t\t\t\t\t\t\t\t\tZa\u0161to su zlato i srebro jedini pravi novac &#8211; \u0160okantna istina\t\t\t\t\t\t\t\t<\/h3>\n\t\t\n\t\t\t\t\t\t\t\t\t\t\t\t\t\t\t<\/a>\n\t\t\t\t\t\t    \t\n\t\t\t\t\t\t\t\n\n\t\t\t\t\t\t\t\t\t\t\t\t    <a class=\"audio-button\" href=\"https:\/\/asset-mng.com\/investiciono-zlato\/audio\/zasto-su-zlato-i-srebro-jedini-pravi-novac-sokantna-istina\/\">\n\t\t\t\t\t\t\t\tEpisode page\t\t\t\t\t\t\t<\/a>\n\t\t\t\t\t\t\t\n\t\t\t\t\t\t\n\t\t\t\t    <\/div>\n\n\t\t\t\t<\/div>\n\n\t\t\t<\/div>\n\n\t\t\n\t\t\t<div class=\"item\">\n\t\t\t\t\n\t\t\t\t<div class=\"ova-media \">\n       \t\t\t\t\n       \t\t\t\t\t\t\t\t\t\t<div class=\"audio-img-wrapper\">\n\t\t\t\t\t\t\t\t\t\t\t\t\t        <a class=\"not-mega-link link-full-height\" href=\"https:\/\/asset-mng.com\/investiciono-zlato\/audio\/investiciono-zlato-kompletan-vodic-za-ulaganje-u-zlato\/\">\n\t\t\t\t\t\t\t\t\n\t\t\t\t\t\t\t    <img decoding=\"async\" class=\"audio-img\" src=\"https:\/\/asset-mng.com\/investiciono-zlato\/wp-content\/uploads\/2025\/11\/13.jpg\" alt=\"Investiciono zlato: Kompletan vodi\u010d za ulaganje u zlato\">\n\t\t\t\t\t\t\t\t\t\t\t\t\t\t\t<\/a>\n\t\t\t\t\t\t\t\n\t\t\t\t\t\t\t\t\t\t\t\t\t\t\t<a class=\"not-mega-link\" href=\"https:\/\/asset-mng.com\/investiciono-zlato\/audio-host\/vojislav-dejkovic\/\" title=\"Vojislav Dejkovi\u0107\">\n\t\t\t\t\t\t\t        <img decoding=\"async\" src=\"https:\/\/asset-mng.com\/investiciono-zlato\/wp-content\/uploads\/2022\/05\/Vojislav-Dejkovic-150x150.jpg\" class=\"host-img\" title=\"Vojislav Dejkovi\u0107\" alt=\"Vojislav Dejkovi\u0107\">\n\t\t\t\t\t\t\t    <\/a>\n\t\t\t\t\t\t    \t\t\t\t\t\t<\/div>\n\t\t\t\t\t\n\t\t\t\t    <div class=\"content\">\n\n\t\t\t\t    \t\n\t\t\t\t    \t\t\t\t\t\t    \t<span class=\"category\">\n\t\t\t\t\t\t\t\t<a class=\"not-mega-link\" href=\"https:\/\/asset-mng.com\/investiciono-zlato\/category-audio\/finansije\/\">\n\t\t\t\t\t\t\t\t\tFinansije\t\t\t\t\t\t\t\t<\/a>\n\t\t\t\t\t\t\t<\/span>\n\t\t\t\t\t\t\n\t\t\t\t\t\t\t\t\t\t\t\t\t<span class=\"episode \">\n\t\t\t\t\t\t\t\tEpisode 13\t\n\t\t\t\t\t\t\t<\/span>\n\t\t\t\t\t\t\n\t\t\t\t\t\t\t\t\t\t\t    \t\t\t\t\t\t        <a class=\"not-mega-link\" href=\"https:\/\/asset-mng.com\/investiciono-zlato\/audio\/investiciono-zlato-kompletan-vodic-za-ulaganje-u-zlato\/\">\n\t\t\t\t\t\t    \t\n\n\t\t\t\t\t\t\t\t<h3 class=\"title\">\n\t\t\t\t\t\t\t\t\tInvesticiono zlato: Kompletan vodi\u010d za ulaganje u zlato\t\t\t\t\t\t\t\t<\/h3>\n\t\t\n\t\t\t\t\t\t\t\t\t\t\t\t\t\t\t<\/a>\n\t\t\t\t\t\t    \t\n\t\t\t\t\t\t\t\n\n\t\t\t\t\t\t\t\t\t\t\t\t    <a class=\"audio-button\" href=\"https:\/\/asset-mng.com\/investiciono-zlato\/audio\/investiciono-zlato-kompletan-vodic-za-ulaganje-u-zlato\/\">\n\t\t\t\t\t\t\t\tEpisode page\t\t\t\t\t\t\t<\/a>\n\t\t\t\t\t\t\t\n\t\t\t\t\t\t\n\t\t\t\t    <\/div>\n\n\t\t\t\t<\/div>\n\n\t\t\t<\/div>\n\n\t\t\n\t\t\t<div class=\"item\">\n\t\t\t\t\n\t\t\t\t<div class=\"ova-media \">\n       \t\t\t\t\n       \t\t\t\t\t\t\t\t\t\t<div class=\"audio-img-wrapper\">\n\t\t\t\t\t\t\t\t\t\t\t\t\t        <a class=\"not-mega-link link-full-height\" href=\"https:\/\/asset-mng.com\/investiciono-zlato\/audio\/zasto-je-ulaganje-u-zlato-pametno-i-gde-ga-kupiti\/\">\n\t\t\t\t\t\t\t\t\n\t\t\t\t\t\t\t    <img decoding=\"async\" class=\"audio-img\" src=\"https:\/\/asset-mng.com\/investiciono-zlato\/wp-content\/uploads\/2025\/11\/11.jpg\" alt=\"Za\u0161to su zlato i srebro jedini pravi novac &#8211; \u0160okantna istina\">\n\t\t\t\t\t\t\t\t\t\t\t\t\t\t\t<\/a>\n\t\t\t\t\t\t\t\n\t\t\t\t\t\t\t\t\t\t\t\t\t\t\t<a class=\"not-mega-link\" href=\"https:\/\/asset-mng.com\/investiciono-zlato\/audio-host\/vojislav-dejkovic\/\" title=\"Vojislav Dejkovi\u0107\">\n\t\t\t\t\t\t\t        <img decoding=\"async\" src=\"https:\/\/asset-mng.com\/investiciono-zlato\/wp-content\/uploads\/2022\/05\/Vojislav-Dejkovic-150x150.jpg\" class=\"host-img\" title=\"Vojislav Dejkovi\u0107\" alt=\"Vojislav Dejkovi\u0107\">\n\t\t\t\t\t\t\t    <\/a>\n\t\t\t\t\t\t    \t\t\t\t\t\t<\/div>\n\t\t\t\t\t\n\t\t\t\t    <div class=\"content\">\n\n\t\t\t\t    \t\n\t\t\t\t    \t\t\t\t\t\t    \t<span class=\"category\">\n\t\t\t\t\t\t\t\t<a class=\"not-mega-link\" href=\"https:\/\/asset-mng.com\/investiciono-zlato\/category-audio\/finansije\/\">\n\t\t\t\t\t\t\t\t\tFinansije\t\t\t\t\t\t\t\t<\/a>\n\t\t\t\t\t\t\t<\/span>\n\t\t\t\t\t\t\n\t\t\t\t\t\t\t\t\t\t\t\t\t<span class=\"episode \">\n\t\t\t\t\t\t\t\tEpisode 11\t\n\t\t\t\t\t\t\t<\/span>\n\t\t\t\t\t\t\n\t\t\t\t\t\t\t\t\t\t\t    \t\t\t\t\t\t        <a class=\"not-mega-link\" href=\"https:\/\/asset-mng.com\/investiciono-zlato\/audio\/zasto-je-ulaganje-u-zlato-pametno-i-gde-ga-kupiti\/\">\n\t\t\t\t\t\t    \t\n\n\t\t\t\t\t\t\t\t<h3 class=\"title\">\n\t\t\t\t\t\t\t\t\tZa\u0161to su zlato i srebro jedini pravi novac &#8211; \u0160okantna istina\t\t\t\t\t\t\t\t<\/h3>\n\t\t\n\t\t\t\t\t\t\t\t\t\t\t\t\t\t\t<\/a>\n\t\t\t\t\t\t    \t\n\t\t\t\t\t\t\t\n\n\t\t\t\t\t\t\t\t\t\t\t\t    <a class=\"audio-button\" href=\"https:\/\/asset-mng.com\/investiciono-zlato\/audio\/zasto-je-ulaganje-u-zlato-pametno-i-gde-ga-kupiti\/\">\n\t\t\t\t\t\t\t\tEpisode page\t\t\t\t\t\t\t<\/a>\n\t\t\t\t\t\t\t\n\t\t\t\t\t\t\n\t\t\t\t    <\/div>\n\n\t\t\t\t<\/div>\n\n\t\t\t<\/div>\n\n\t\t\n\t\t\t<div class=\"item\">\n\t\t\t\t\n\t\t\t\t<div class=\"ova-media \">\n       \t\t\t\t\n       \t\t\t\t\t\t\t\t\t\t<div class=\"audio-img-wrapper\">\n\t\t\t\t\t\t\t\t\t\t\t\t\t        <a class=\"not-mega-link link-full-height\" href=\"https:\/\/asset-mng.com\/investiciono-zlato\/audio\/investiciono-zlato-zasto-je-ulaganje-u-zlato-pametno-i-gde-ga-kupiti\/\">\n\t\t\t\t\t\t\t\t\n\t\t\t\t\t\t\t    <img decoding=\"async\" class=\"audio-img\" src=\"https:\/\/asset-mng.com\/investiciono-zlato\/wp-content\/uploads\/2025\/07\/9.jpg\" alt=\"Za\u0161to je ulaganje u zlato pametno i gde ga kupiti\">\n\t\t\t\t\t\t\t\t\t\t\t\t\t\t\t<\/a>\n\t\t\t\t\t\t\t\n\t\t\t\t\t\t\t\t\t\t\t\t\t\t\t<a class=\"not-mega-link\" href=\"https:\/\/asset-mng.com\/investiciono-zlato\/audio-host\/vojislav-dejkovic\/\" title=\"Vojislav Dejkovi\u0107\">\n\t\t\t\t\t\t\t        <img decoding=\"async\" src=\"https:\/\/asset-mng.com\/investiciono-zlato\/wp-content\/uploads\/2022\/05\/Vojislav-Dejkovic-150x150.jpg\" class=\"host-img\" title=\"Vojislav Dejkovi\u0107\" alt=\"Vojislav Dejkovi\u0107\">\n\t\t\t\t\t\t\t    <\/a>\n\t\t\t\t\t\t    \t\t\t\t\t\t<\/div>\n\t\t\t\t\t\n\t\t\t\t    <div class=\"content\">\n\n\t\t\t\t    \t\n\t\t\t\t    \t\t\t\t\t\t    \t<span class=\"category\">\n\t\t\t\t\t\t\t\t<a class=\"not-mega-link\" href=\"https:\/\/asset-mng.com\/investiciono-zlato\/category-audio\/finansije\/\">\n\t\t\t\t\t\t\t\t\tFinansije\t\t\t\t\t\t\t\t<\/a>\n\t\t\t\t\t\t\t<\/span>\n\t\t\t\t\t\t\n\t\t\t\t\t\t\t\t\t\t\t\t\t<span class=\"episode \">\n\t\t\t\t\t\t\t\tEpisode 9\t\n\t\t\t\t\t\t\t<\/span>\n\t\t\t\t\t\t\n\t\t\t\t\t\t\t\t\t\t\t    \t\t\t\t\t\t        <a class=\"not-mega-link\" href=\"https:\/\/asset-mng.com\/investiciono-zlato\/audio\/investiciono-zlato-zasto-je-ulaganje-u-zlato-pametno-i-gde-ga-kupiti\/\">\n\t\t\t\t\t\t    \t\n\n\t\t\t\t\t\t\t\t<h3 class=\"title\">\n\t\t\t\t\t\t\t\t\tZa\u0161to je ulaganje u zlato pametno i gde ga kupiti\t\t\t\t\t\t\t\t<\/h3>\n\t\t\n\t\t\t\t\t\t\t\t\t\t\t\t\t\t\t<\/a>\n\t\t\t\t\t\t    \t\n\t\t\t\t\t\t\t\n\n\t\t\t\t\t\t\t\t\t\t\t\t    <a class=\"audio-button\" href=\"https:\/\/asset-mng.com\/investiciono-zlato\/audio\/investiciono-zlato-zasto-je-ulaganje-u-zlato-pametno-i-gde-ga-kupiti\/\">\n\t\t\t\t\t\t\t\tEpisode page\t\t\t\t\t\t\t<\/a>\n\t\t\t\t\t\t\t\n\t\t\t\t\t\t\n\t\t\t\t    <\/div>\n\n\t\t\t\t<\/div>\n\n\t\t\t<\/div>\n\n\t\t\t<\/div>\n\n<\/div>\t\t\t\t<\/div>\n\t\t\t\t<\/div>\n\t\t\t\t\t<\/div>\n\t\t<\/div>\n\t\t\t\t\t<\/div>\n\t\t<\/section>\n\t\t\t\t<\/div>\n\t\t","protected":false},"excerpt":{"rendered":"<p>Zlatni dukati ili plo\u010dice: \u0160ta je bolje za va\u0161u strategiju ulaganja? Asset Management se specijalizuje za prodaju i otkup zlatnih dukata i zlatnih plo\u010dica, pru\u017eaju\u0107i kupcima priliku da istra\u017ee prednosti i mane oba oblika investicionog zlata. Razumevanje ovih karakteristika klju\u010dno je za dono\u0161enje informisanih odluka prilikom ulaganja. Sigurnost pri kupovini zlatnih dukata 1. Nema oznaka [&hellip;]<\/p>\n","protected":false},"author":1,"featured_media":0,"parent":0,"menu_order":0,"comment_status":"closed","ping_status":"closed","template":"elementor_header_footer","meta":{"footnotes":""},"class_list":["post-5636","page","type-page","status-publish","hentry"],"_links":{"self":[{"href":"https:\/\/asset-mng.com\/investiciono-zlato\/wp-json\/wp\/v2\/pages\/5636","targetHints":{"allow":["GET"]}}],"collection":[{"href":"https:\/\/asset-mng.com\/investiciono-zlato\/wp-json\/wp\/v2\/pages"}],"about":[{"href":"https:\/\/asset-mng.com\/investiciono-zlato\/wp-json\/wp\/v2\/types\/page"}],"author":[{"embeddable":true,"href":"https:\/\/asset-mng.com\/investiciono-zlato\/wp-json\/wp\/v2\/users\/1"}],"replies":[{"embeddable":true,"href":"https:\/\/asset-mng.com\/investiciono-zlato\/wp-json\/wp\/v2\/comments?post=5636"}],"version-history":[{"count":63,"href":"https:\/\/asset-mng.com\/investiciono-zlato\/wp-json\/wp\/v2\/pages\/5636\/revisions"}],"predecessor-version":[{"id":11133,"href":"https:\/\/asset-mng.com\/investiciono-zlato\/wp-json\/wp\/v2\/pages\/5636\/revisions\/11133"}],"wp:attachment":[{"href":"https:\/\/asset-mng.com\/investiciono-zlato\/wp-json\/wp\/v2\/media?parent=5636"}],"curies":[{"name":"wp","href":"https:\/\/api.w.org\/{rel}","templated":true}]}}