{"id":5644,"date":"2025-01-10T13:31:36","date_gmt":"2025-01-10T13:31:36","guid":{"rendered":"https:\/\/asset-mng.com\/?page_id=5644"},"modified":"2025-04-01T13:17:54","modified_gmt":"2025-04-01T13:17:54","slug":"zasto-investiciono-zlato","status":"publish","type":"page","link":"https:\/\/asset-mng.com\/investiciono-zlato\/zasto-investiciono-zlato\/","title":{"rendered":"Za\u0161to Investiciono Zlato"},"content":{"rendered":"\t\t<div data-elementor-type=\"wp-page\" data-elementor-id=\"5644\" class=\"elementor elementor-5644\" data-elementor-post-type=\"page\">\n\t\t\t\t<div class=\"elementor-element elementor-element-9e3a277 e-flex e-con-boxed magic-button-disabled-no elementor-invisible e-con e-parent\" data-id=\"9e3a277\" data-element_type=\"container\" data-settings=\"{&quot;animation&quot;:&quot;ova-move-right&quot;}\">\n\t\t\t\t\t<div class=\"e-con-inner\">\n\t\t\t\t<div class=\"elementor-element elementor-element-fb7b473 elementor-widget elementor-widget-heading\" data-id=\"fb7b473\" data-element_type=\"widget\" data-widget_type=\"heading.default\">\n\t\t\t\t<div class=\"elementor-widget-container\">\n\t\t\t\t\t<h2 class=\"elementor-heading-title elementor-size-default\">Za\u0161to ulagati u\ninvesticiono zlato ?<\/h2>\t\t\t\t<\/div>\n\t\t\t\t<\/div>\n\t\t\t\t\t<\/div>\n\t\t\t\t<\/div>\n\t\t<div class=\"elementor-element elementor-element-52d6746 e-flex e-con-boxed magic-button-disabled-no elementor-invisible e-con e-parent\" data-id=\"52d6746\" data-element_type=\"container\" data-settings=\"{&quot;animation&quot;:&quot;ova-move-right&quot;}\">\n\t\t\t\t\t<div class=\"e-con-inner\">\n\t\t<div class=\"elementor-element elementor-element-22c1567 e-con-full e-flex magic-button-disabled-no e-con e-child\" data-id=\"22c1567\" data-element_type=\"container\">\n\t\t\t\t<div class=\"elementor-element elementor-element-2355767 elementor-widget__width-initial elementor-invisible elementor-widget elementor-widget-text-editor\" data-id=\"2355767\" data-element_type=\"widget\" data-settings=\"{&quot;_animation&quot;:&quot;ova-move-right&quot;}\" data-widget_type=\"text-editor.default\">\n\t\t\t\t<div class=\"elementor-widget-container\">\n\t\t\t\t\t\t\t\t\t<p><span style=\"color: #000000;\">Ulaganje u investiciono zlato postaje sve popularnije zbog svoje sposobnosti da o\u010duva vrednost i za\u0161titi kapital u neizvesnim ekonomskim vremenima. Istra\u017eimo klju\u010dne razloge za\u0161to je zlato odli\u010dna investicija, kao i kako pravilno pristupiti ovom obliku ulaganja.<\/span><\/p><h3><span style=\"color: #000000;\">1. Za\u0161tita od inflacije<\/span><\/h3><p><span style=\"color: #000000;\">Jedna od glavnih prednosti ulaganja u zlato je njegova sposobnost da \u0161titi od inflacije. Kada inflacija raste, vrednost FIAT valuta opada (evro, dolar, dinar, franak&#8230;), dok cena zlata raste. Pad vrednosti FIAT valuta koje se dodatno \u0161tampaju i stvaraju inflaciju, \u010dine da mislimo da cena zlatu raste u odre\u0111enoj valuti. Ispravnije, prema istorijskim podacima zlato tokom perioda visoke inflacije i tokom cele istorije ima svoju vrednost, a FIAT valute menjaju svoju vrednost u odnosu na zlato (<a style=\"color: #000000;\" href=\"https:\/\/asset-mng.com\/investiciono-zlato\/zlatni-standard\/\">zlatni standard<\/a>). Tako\u0111e druge investicije, poput akcija, deonica, obveznica, investicionih jedinica \u010desto su gubile vrednost na tr\u017ei\u0161tu hartija od vrednosti, odnosno berzi.<\/span><\/p><h3><span style=\"color: #000000;\">2. Stabilnost i sigurnost<\/span><\/h3><p><span style=\"color: #000000;\">Zlato se smatra jednim od najsigurnijih oblika ulaganja. Njegova vrednost nije podlo\u017ena istim ekonomskim i politi\u010dkim faktorima koji uti\u010du na druge oblike imovine. Tokom globalnih kriza ili ekonomskih turbulencija, zlato \u010desto zadr\u017eava ili \u010dak pove\u0107ava svoju vrednost, pru\u017eaju\u0107i investitorima stabilnost.<\/span><\/p><h3><span style=\"color: #000000;\">3. Likvidnost<\/span><\/h3><p><span style=\"color: #000000;\">Investiciono zlato je veoma likvidno sredstvo. Mo\u017ee se brzo pretvoriti u gotovinu bilo gde u svetu. Ovo \u010dini zlato jednim od najkonvertibilnijih investicija i valuta, \u0161to je posebno va\u017eno za investitore koji \u017eele imati pristup svojim sredstvima u bilo kojem trenutku.<\/span><\/p><h3><span style=\"color: #000000;\">4. Oslobo\u0111enje od poreza<\/span><\/h3><p><span style=\"color: #000000;\">U Srbiji, kao i u mnogim zemljama ulaganje u investiciono zlato oslobo\u0111eno je pla\u0107anja poreza na dodatu vrednost (PDV 20%), \u0161to ga \u010dini privla\u010dnijim izborom u odnosu na druge investicije. Ova prednost mo\u017ee zna\u010dajno pove\u0107ati neto dobit investitora.<\/span><\/p><h3><span style=\"color: #000000;\">5. Diversifikacija portfolija<\/span><\/h3><p><span style=\"color: #000000;\">Uklju\u010divanje zlata u investicioni portfolio mo\u017ee smanjiti rizik i pove\u0107ati stabilnost. Zlato \u010desto ima nisku korelaciju sa drugim klasama imovine, kao \u0161to su akcije i obveznice, \u0161to mo\u017ee pomo\u0107i u balansiranju portfolija tokom volatilnih tr\u017ei\u0161nih uslova.<\/span><\/p><h3><span style=\"color: #000000;\">6. Jedini pravi novac<\/span><\/h3><p><span style=\"color: #000000;\">Zlato je najstarija valuta i jedina je koja ima svoju realnu vrednost. Uvek je vredelo u istoriji i tradicionalno se prenosilo sa kolena na koleno. Najrasprostranjenija je valuta na svetu, jer je u svakoj dr\u017eavi mo\u017eete pretvodite u gotovinu. Mo\u017eemo \u010dak i robnu razmenu izvr\u0161iti, jer imamo robu, kapital koja je sigurno interesantna drugoj strani. Lako se prenosi sa mesta na mesto i istorijski gledano, zlatom se pla\u0107ala ne samo hrana, ve\u0107 i zdravlje, sloboda, \u017eivot&#8230;<\/span><\/p><h3><span style=\"color: #000000;\">Zaklju\u010dak<\/span><\/h3><p><span style=\"color: #000000;\">Ulaganje u investiciono zlato predstavlja mudru strategiju za o\u010duvanje vrednosti i za\u0161titu kapitala. Sa svojom sposobno\u0161\u0107u da \u0161titi od inflacije, pru\u017ea stabilnost tokom ekonomskih kriza, visokom likvidno\u0161\u0107u i povoljnim poreskim uslovima, zlato ostaje jedan od najpouzdanijih oblika ulaganja. Razumeti kako pravilno investirati u zlato mo\u017ee doneti zna\u010dajne koristi dugoro\u010dnim investitorima.<\/span><\/p><p><span style=\"color: #000000;\">Rast cene zlata od 2006-2024. iznosio je 850% ili 8,5 puta, za 15 godina (2010-2025) bio je u proseku 9,1% \/ god, a od 2019-2024, zna\u010di za samo 5 godina cena zlata je udvostru\u010dena. <a style=\"color: #000000;\" href=\"https:\/\/goldprice.org\/\" target=\"_blank\" rel=\"noopener\">https:\/\/goldprice.org\/<\/a><\/span><\/p><p><span style=\"color: #000000;\">Za vi\u0161e informacija o strategijama ulaganja u zlato i kako zapo\u010deti svoje putovanje ka finansijskoj sigurnosti kroz ovaj plemeniti metal, pogledajte <a style=\"color: #000000;\" href=\"https:\/\/asset-mng.com\/investiciono-zlato\/blog\/\">vesti<\/a> i na\u0161e video sadr\u017eaje od stru\u010dnjaka na temu investiciono zlato.<\/span><\/p>\t\t\t\t\t\t\t\t<\/div>\n\t\t\t\t<\/div>\n\t\t\t\t<\/div>\n\t\t\t\t\t<\/div>\n\t\t\t\t<\/div>\n\t\t<div class=\"elementor-element elementor-element-66a57ff elementor-hidden-mobile e-flex e-con-boxed magic-button-disabled-no elementor-invisible e-con e-parent\" data-id=\"66a57ff\" data-element_type=\"container\" data-settings=\"{&quot;animation&quot;:&quot;ova-move-up&quot;}\">\n\t\t\t\t\t<div class=\"e-con-inner\">\n\t\t\t\t<div class=\"elementor-element elementor-element-c636972 elementor-cta--skin-cover elementor-animated-content elementor-bg-transform elementor-bg-transform-zoom-in elementor-widget elementor-widget-call-to-action\" data-id=\"c636972\" data-element_type=\"widget\" data-widget_type=\"call-to-action.default\">\n\t\t\t\t<div class=\"elementor-widget-container\">\n\t\t\t\t\t\t\t<a class=\"elementor-cta\" href=\"https:\/\/asset-mng.com\/investiciono-zlato\/zlatni-standard\">\n\t\t\t\t\t<div class=\"elementor-cta__bg-wrapper\">\n\t\t\t\t<div class=\"elementor-cta__bg elementor-bg\" style=\"background-image: url(https:\/\/asset-mng.com\/investiciono-zlato\/wp-content\/uploads\/2025\/01\/Zlatni-standard-Desktop.jpg);\" role=\"img\" aria-label=\"Zlatni-standard-Desktop\"><\/div>\n\t\t\t\t<div class=\"elementor-cta__bg-overlay\"><\/div>\n\t\t\t<\/div>\n\t\t\t\t\t\t\t<div class=\"elementor-cta__content\">\n\t\t\t\t\n\t\t\t\t\t\t\t\t\t<h2 class=\"elementor-cta__title elementor-cta__content-item elementor-content-item elementor-animated-item--grow\">\n\t\t\t\t\t\tZlatni Standard\t\t\t\t\t<\/h2>\n\t\t\t\t\n\t\t\t\t\n\t\t\t\t\t\t\t\t\t<div class=\"elementor-cta__button-wrapper elementor-cta__content-item elementor-content-item elementor-animated-item--grow\">\n\t\t\t\t\t<span class=\"elementor-cta__button elementor-button elementor-size-\">\n\t\t\t\t\t\tPro\u010ditajte\t\t\t\t\t<\/span>\n\t\t\t\t\t<\/div>\n\t\t\t\t\t\t\t<\/div>\n\t\t\t\t\t\t<\/a>\n\t\t\t\t\t\t<\/div>\n\t\t\t\t<\/div>\n\t\t\t\t\t<\/div>\n\t\t\t\t<\/div>\n\t\t<div class=\"elementor-element elementor-element-329d268 elementor-hidden-desktop elementor-hidden-tablet e-flex e-con-boxed magic-button-disabled-no elementor-invisible e-con e-parent\" data-id=\"329d268\" data-element_type=\"container\" data-settings=\"{&quot;animation&quot;:&quot;ova-move-up&quot;}\">\n\t\t\t\t\t<div class=\"e-con-inner\">\n\t\t\t\t<div class=\"elementor-element elementor-element-dd020f2 elementor-cta--skin-cover elementor-animated-content elementor-bg-transform elementor-bg-transform-zoom-in elementor-widget elementor-widget-call-to-action\" data-id=\"dd020f2\" data-element_type=\"widget\" data-widget_type=\"call-to-action.default\">\n\t\t\t\t<div class=\"elementor-widget-container\">\n\t\t\t\t\t\t\t<a class=\"elementor-cta\" href=\"https:\/\/asset-mng.com\/investiciono-zlato\/zlatni-standard\">\n\t\t\t\t\t<div class=\"elementor-cta__bg-wrapper\">\n\t\t\t\t<div class=\"elementor-cta__bg elementor-bg\" style=\"background-image: url(https:\/\/asset-mng.com\/investiciono-zlato\/wp-content\/uploads\/2025\/02\/Zlatni-standard-Mobile-1.jpg);\" role=\"img\" aria-label=\"Zlatni-standard-Mobile-1\"><\/div>\n\t\t\t\t<div class=\"elementor-cta__bg-overlay\"><\/div>\n\t\t\t<\/div>\n\t\t\t\t\t\t\t<div class=\"elementor-cta__content\">\n\t\t\t\t\n\t\t\t\t\t\t\t\t\t<h2 class=\"elementor-cta__title elementor-cta__content-item elementor-content-item elementor-animated-item--grow\">\n\t\t\t\t\t\tZlatni Standard\t\t\t\t\t<\/h2>\n\t\t\t\t\n\t\t\t\t\n\t\t\t\t\t\t\t\t\t<div class=\"elementor-cta__button-wrapper elementor-cta__content-item elementor-content-item elementor-animated-item--grow\">\n\t\t\t\t\t<span class=\"elementor-cta__button elementor-button elementor-size-\">\n\t\t\t\t\t\tPro\u010ditajte\t\t\t\t\t<\/span>\n\t\t\t\t\t<\/div>\n\t\t\t\t\t\t\t<\/div>\n\t\t\t\t\t\t<\/a>\n\t\t\t\t\t\t<\/div>\n\t\t\t\t<\/div>\n\t\t\t\t\t<\/div>\n\t\t\t\t<\/div>\n\t\t\t\t<section class=\"elementor-section elementor-top-section elementor-element elementor-element-61c1068 elementor-section-full_width elementor-section-height-default elementor-section-height-default magic-button-disabled-no elementor-invisible\" data-id=\"61c1068\" data-element_type=\"section\" data-settings=\"{&quot;background_background&quot;:&quot;classic&quot;,&quot;animation&quot;:&quot;ova-move-up&quot;}\">\n\t\t\t\t\t\t\t<div class=\"elementor-background-overlay\"><\/div>\n\t\t\t\t\t\t\t<div class=\"elementor-container elementor-column-gap-no\">\n\t\t\t\t\t<div class=\"elementor-column elementor-col-100 elementor-top-column elementor-element elementor-element-25fdf9a\" data-id=\"25fdf9a\" data-element_type=\"column\">\n\t\t\t<div class=\"elementor-widget-wrap elementor-element-populated\">\n\t\t\t\t\t\t<div class=\"elementor-element elementor-element-c5af5b0 elementor-widget elementor-widget-podover_elementor_heading\" data-id=\"c5af5b0\" data-element_type=\"widget\" data-widget_type=\"podover_elementor_heading.default\">\n\t\t\t\t<div class=\"elementor-widget-container\">\n\t\t\t\t\t\n\t\t\t<div class=\"ova-title\">\n\n\t\t\t\t\t\t\t\t\t<h3 class=\"sub-title \">\n\t\t\t\t\t\tBudite informisani\t\n\t\t\t\t\t<\/h3>\n\t\t\t\t\n\t\t\t\t\t\t\t\t\t\t\t\t\t\t\t\t<h2 class=\"title\">Stru\u010dna mi\u0161ljenja na temu:\n<\/h2>\n\t\t\t\t\t\t\t\t\t\n\t\t\t\t\t\t\t\t\t<p class=\"description\">INVESTICIONO ZLATO<\/p>\n\t\t\t\t\n\t\t\t<\/div> \n\t\t\t\n\t\t\t\t\t\t<\/div>\n\t\t\t\t<\/div>\n\t\t\t\t<div class=\"elementor-element elementor-element-374847a elementor-widget elementor-widget-ovau_elementor_audio_slider\" data-id=\"374847a\" data-element_type=\"widget\" data-settings=\"{&quot;pause_on_hover&quot;:&quot;yes&quot;,&quot;infinite&quot;:&quot;yes&quot;,&quot;autoplay&quot;:&quot;yes&quot;,&quot;autoplay_speed&quot;:3000,&quot;dot_control&quot;:&quot;yes&quot;}\" data-widget_type=\"ovau_elementor_audio_slider.default\">\n\t\t\t\t<div class=\"elementor-widget-container\">\n\t\t\t\t\t\n<div class=\"ova-audio-slider\">\n\n\t<div class=\"content slide-audio owl-carousel owl-theme\" data-options=\"{&quot;items&quot;:3,&quot;slideBy&quot;:1,&quot;margin&quot;:30,&quot;autoplayTimeout&quot;:3000,&quot;smartSpeed&quot;:500,&quot;stagePadding&quot;:0,&quot;autoplayHoverPause&quot;:true,&quot;loop&quot;:true,&quot;autoplay&quot;:true,&quot;dots&quot;:true,&quot;rtl&quot;:false}\">\n\n\t\t\n\t\t\t<div class=\"item\">\n\t\t\t\t\n\t\t\t\t<div class=\"ova-media \">\n       \t\t\t\t\n       \t\t\t\t\t\t\t\t\t\t<div class=\"audio-img-wrapper\">\n\t\t\t\t\t\t\t\t\t\t\t\t\t        <a class=\"not-mega-link link-full-height\" href=\"https:\/\/asset-mng.com\/investiciono-zlato\/audio\/zasto-su-zlato-i-srebro-jedini-pravi-novac-sokantna-istina\/\">\n\t\t\t\t\t\t\t\t\n\t\t\t\t\t\t\t    <img decoding=\"async\" class=\"audio-img\" src=\"https:\/\/asset-mng.com\/investiciono-zlato\/wp-content\/uploads\/2025\/11\/15.png\" alt=\"Za\u0161to su zlato i srebro jedini pravi novac &#8211; \u0160okantna istina\">\n\t\t\t\t\t\t\t\t\t\t\t\t\t\t\t<\/a>\n\t\t\t\t\t\t\t\n\t\t\t\t\t\t\t\t\t\t\t\t\t\t\t<a class=\"not-mega-link\" href=\"https:\/\/asset-mng.com\/investiciono-zlato\/audio-host\/vojislav-dejkovic\/\" title=\"Vojislav Dejkovi\u0107\">\n\t\t\t\t\t\t\t        <img decoding=\"async\" src=\"https:\/\/asset-mng.com\/investiciono-zlato\/wp-content\/uploads\/2022\/05\/Vojislav-Dejkovic-150x150.jpg\" class=\"host-img\" title=\"Vojislav Dejkovi\u0107\" alt=\"Vojislav Dejkovi\u0107\">\n\t\t\t\t\t\t\t    <\/a>\n\t\t\t\t\t\t    \t\t\t\t\t\t<\/div>\n\t\t\t\t\t\n\t\t\t\t    <div class=\"content\">\n\n\t\t\t\t    \t\n\t\t\t\t    \t\t\t\t\t\t    \t<span class=\"category\">\n\t\t\t\t\t\t\t\t<a class=\"not-mega-link\" href=\"https:\/\/asset-mng.com\/investiciono-zlato\/category-audio\/finansije\/\">\n\t\t\t\t\t\t\t\t\tFinansije\t\t\t\t\t\t\t\t<\/a>\n\t\t\t\t\t\t\t<\/span>\n\t\t\t\t\t\t\n\t\t\t\t\t\t\t\t\t\t\t\t\t<span class=\"episode \">\n\t\t\t\t\t\t\t\tEpisode 15\t\n\t\t\t\t\t\t\t<\/span>\n\t\t\t\t\t\t\n\t\t\t\t\t\t\t\t\t\t\t    \t\t\t\t\t\t        <a class=\"not-mega-link\" href=\"https:\/\/asset-mng.com\/investiciono-zlato\/audio\/zasto-su-zlato-i-srebro-jedini-pravi-novac-sokantna-istina\/\">\n\t\t\t\t\t\t    \t\n\n\t\t\t\t\t\t\t\t<h3 class=\"title\">\n\t\t\t\t\t\t\t\t\tZa\u0161to su zlato i srebro jedini pravi novac &#8211; \u0160okantna istina\t\t\t\t\t\t\t\t<\/h3>\n\t\t\n\t\t\t\t\t\t\t\t\t\t\t\t\t\t\t<\/a>\n\t\t\t\t\t\t    \t\n\t\t\t\t\t\t\t\n\n\t\t\t\t\t\t\t\t\t\t\t\t    <a class=\"audio-button\" href=\"https:\/\/asset-mng.com\/investiciono-zlato\/audio\/zasto-su-zlato-i-srebro-jedini-pravi-novac-sokantna-istina\/\">\n\t\t\t\t\t\t\t\tEpisode page\t\t\t\t\t\t\t<\/a>\n\t\t\t\t\t\t\t\n\t\t\t\t\t\t\n\t\t\t\t    <\/div>\n\n\t\t\t\t<\/div>\n\n\t\t\t<\/div>\n\n\t\t\n\t\t\t<div class=\"item\">\n\t\t\t\t\n\t\t\t\t<div class=\"ova-media \">\n       \t\t\t\t\n       \t\t\t\t\t\t\t\t\t\t<div class=\"audio-img-wrapper\">\n\t\t\t\t\t\t\t\t\t\t\t\t\t        <a class=\"not-mega-link link-full-height\" href=\"https:\/\/asset-mng.com\/investiciono-zlato\/audio\/investiciono-zlato-kompletan-vodic-za-ulaganje-u-zlato\/\">\n\t\t\t\t\t\t\t\t\n\t\t\t\t\t\t\t    <img decoding=\"async\" class=\"audio-img\" src=\"https:\/\/asset-mng.com\/investiciono-zlato\/wp-content\/uploads\/2025\/11\/13.jpg\" alt=\"Investiciono zlato: Kompletan vodi\u010d za ulaganje u zlato\">\n\t\t\t\t\t\t\t\t\t\t\t\t\t\t\t<\/a>\n\t\t\t\t\t\t\t\n\t\t\t\t\t\t\t\t\t\t\t\t\t\t\t<a class=\"not-mega-link\" href=\"https:\/\/asset-mng.com\/investiciono-zlato\/audio-host\/vojislav-dejkovic\/\" title=\"Vojislav Dejkovi\u0107\">\n\t\t\t\t\t\t\t        <img decoding=\"async\" src=\"https:\/\/asset-mng.com\/investiciono-zlato\/wp-content\/uploads\/2022\/05\/Vojislav-Dejkovic-150x150.jpg\" class=\"host-img\" title=\"Vojislav Dejkovi\u0107\" alt=\"Vojislav Dejkovi\u0107\">\n\t\t\t\t\t\t\t    <\/a>\n\t\t\t\t\t\t    \t\t\t\t\t\t<\/div>\n\t\t\t\t\t\n\t\t\t\t    <div class=\"content\">\n\n\t\t\t\t    \t\n\t\t\t\t    \t\t\t\t\t\t    \t<span class=\"category\">\n\t\t\t\t\t\t\t\t<a class=\"not-mega-link\" href=\"https:\/\/asset-mng.com\/investiciono-zlato\/category-audio\/finansije\/\">\n\t\t\t\t\t\t\t\t\tFinansije\t\t\t\t\t\t\t\t<\/a>\n\t\t\t\t\t\t\t<\/span>\n\t\t\t\t\t\t\n\t\t\t\t\t\t\t\t\t\t\t\t\t<span class=\"episode \">\n\t\t\t\t\t\t\t\tEpisode 13\t\n\t\t\t\t\t\t\t<\/span>\n\t\t\t\t\t\t\n\t\t\t\t\t\t\t\t\t\t\t    \t\t\t\t\t\t        <a class=\"not-mega-link\" href=\"https:\/\/asset-mng.com\/investiciono-zlato\/audio\/investiciono-zlato-kompletan-vodic-za-ulaganje-u-zlato\/\">\n\t\t\t\t\t\t    \t\n\n\t\t\t\t\t\t\t\t<h3 class=\"title\">\n\t\t\t\t\t\t\t\t\tInvesticiono zlato: Kompletan vodi\u010d za ulaganje u zlato\t\t\t\t\t\t\t\t<\/h3>\n\t\t\n\t\t\t\t\t\t\t\t\t\t\t\t\t\t\t<\/a>\n\t\t\t\t\t\t    \t\n\t\t\t\t\t\t\t\n\n\t\t\t\t\t\t\t\t\t\t\t\t    <a class=\"audio-button\" href=\"https:\/\/asset-mng.com\/investiciono-zlato\/audio\/investiciono-zlato-kompletan-vodic-za-ulaganje-u-zlato\/\">\n\t\t\t\t\t\t\t\tEpisode page\t\t\t\t\t\t\t<\/a>\n\t\t\t\t\t\t\t\n\t\t\t\t\t\t\n\t\t\t\t    <\/div>\n\n\t\t\t\t<\/div>\n\n\t\t\t<\/div>\n\n\t\t\n\t\t\t<div class=\"item\">\n\t\t\t\t\n\t\t\t\t<div class=\"ova-media \">\n       \t\t\t\t\n       \t\t\t\t\t\t\t\t\t\t<div class=\"audio-img-wrapper\">\n\t\t\t\t\t\t\t\t\t\t\t\t\t        <a class=\"not-mega-link link-full-height\" href=\"https:\/\/asset-mng.com\/investiciono-zlato\/audio\/zasto-je-ulaganje-u-zlato-pametno-i-gde-ga-kupiti\/\">\n\t\t\t\t\t\t\t\t\n\t\t\t\t\t\t\t    <img decoding=\"async\" class=\"audio-img\" src=\"https:\/\/asset-mng.com\/investiciono-zlato\/wp-content\/uploads\/2025\/11\/11.jpg\" alt=\"Za\u0161to su zlato i srebro jedini pravi novac &#8211; \u0160okantna istina\">\n\t\t\t\t\t\t\t\t\t\t\t\t\t\t\t<\/a>\n\t\t\t\t\t\t\t\n\t\t\t\t\t\t\t\t\t\t\t\t\t\t\t<a class=\"not-mega-link\" href=\"https:\/\/asset-mng.com\/investiciono-zlato\/audio-host\/vojislav-dejkovic\/\" title=\"Vojislav Dejkovi\u0107\">\n\t\t\t\t\t\t\t        <img decoding=\"async\" src=\"https:\/\/asset-mng.com\/investiciono-zlato\/wp-content\/uploads\/2022\/05\/Vojislav-Dejkovic-150x150.jpg\" class=\"host-img\" title=\"Vojislav Dejkovi\u0107\" alt=\"Vojislav Dejkovi\u0107\">\n\t\t\t\t\t\t\t    <\/a>\n\t\t\t\t\t\t    \t\t\t\t\t\t<\/div>\n\t\t\t\t\t\n\t\t\t\t    <div class=\"content\">\n\n\t\t\t\t    \t\n\t\t\t\t    \t\t\t\t\t\t    \t<span class=\"category\">\n\t\t\t\t\t\t\t\t<a class=\"not-mega-link\" href=\"https:\/\/asset-mng.com\/investiciono-zlato\/category-audio\/finansije\/\">\n\t\t\t\t\t\t\t\t\tFinansije\t\t\t\t\t\t\t\t<\/a>\n\t\t\t\t\t\t\t<\/span>\n\t\t\t\t\t\t\n\t\t\t\t\t\t\t\t\t\t\t\t\t<span class=\"episode \">\n\t\t\t\t\t\t\t\tEpisode 11\t\n\t\t\t\t\t\t\t<\/span>\n\t\t\t\t\t\t\n\t\t\t\t\t\t\t\t\t\t\t    \t\t\t\t\t\t        <a class=\"not-mega-link\" href=\"https:\/\/asset-mng.com\/investiciono-zlato\/audio\/zasto-je-ulaganje-u-zlato-pametno-i-gde-ga-kupiti\/\">\n\t\t\t\t\t\t    \t\n\n\t\t\t\t\t\t\t\t<h3 class=\"title\">\n\t\t\t\t\t\t\t\t\tZa\u0161to su zlato i srebro jedini pravi novac &#8211; \u0160okantna istina\t\t\t\t\t\t\t\t<\/h3>\n\t\t\n\t\t\t\t\t\t\t\t\t\t\t\t\t\t\t<\/a>\n\t\t\t\t\t\t    \t\n\t\t\t\t\t\t\t\n\n\t\t\t\t\t\t\t\t\t\t\t\t    <a class=\"audio-button\" href=\"https:\/\/asset-mng.com\/investiciono-zlato\/audio\/zasto-je-ulaganje-u-zlato-pametno-i-gde-ga-kupiti\/\">\n\t\t\t\t\t\t\t\tEpisode page\t\t\t\t\t\t\t<\/a>\n\t\t\t\t\t\t\t\n\t\t\t\t\t\t\n\t\t\t\t    <\/div>\n\n\t\t\t\t<\/div>\n\n\t\t\t<\/div>\n\n\t\t\n\t\t\t<div class=\"item\">\n\t\t\t\t\n\t\t\t\t<div class=\"ova-media \">\n       \t\t\t\t\n       \t\t\t\t\t\t\t\t\t\t<div class=\"audio-img-wrapper\">\n\t\t\t\t\t\t\t\t\t\t\t\t\t        <a class=\"not-mega-link link-full-height\" href=\"https:\/\/asset-mng.com\/investiciono-zlato\/audio\/investiciono-zlato-zasto-je-ulaganje-u-zlato-pametno-i-gde-ga-kupiti\/\">\n\t\t\t\t\t\t\t\t\n\t\t\t\t\t\t\t    <img decoding=\"async\" class=\"audio-img\" src=\"https:\/\/asset-mng.com\/investiciono-zlato\/wp-content\/uploads\/2025\/07\/9.jpg\" alt=\"Za\u0161to je ulaganje u zlato pametno i gde ga kupiti\">\n\t\t\t\t\t\t\t\t\t\t\t\t\t\t\t<\/a>\n\t\t\t\t\t\t\t\n\t\t\t\t\t\t\t\t\t\t\t\t\t\t\t<a class=\"not-mega-link\" href=\"https:\/\/asset-mng.com\/investiciono-zlato\/audio-host\/vojislav-dejkovic\/\" title=\"Vojislav Dejkovi\u0107\">\n\t\t\t\t\t\t\t        <img decoding=\"async\" src=\"https:\/\/asset-mng.com\/investiciono-zlato\/wp-content\/uploads\/2022\/05\/Vojislav-Dejkovic-150x150.jpg\" class=\"host-img\" title=\"Vojislav Dejkovi\u0107\" alt=\"Vojislav Dejkovi\u0107\">\n\t\t\t\t\t\t\t    <\/a>\n\t\t\t\t\t\t    \t\t\t\t\t\t<\/div>\n\t\t\t\t\t\n\t\t\t\t    <div class=\"content\">\n\n\t\t\t\t    \t\n\t\t\t\t    \t\t\t\t\t\t    \t<span class=\"category\">\n\t\t\t\t\t\t\t\t<a class=\"not-mega-link\" href=\"https:\/\/asset-mng.com\/investiciono-zlato\/category-audio\/finansije\/\">\n\t\t\t\t\t\t\t\t\tFinansije\t\t\t\t\t\t\t\t<\/a>\n\t\t\t\t\t\t\t<\/span>\n\t\t\t\t\t\t\n\t\t\t\t\t\t\t\t\t\t\t\t\t<span class=\"episode \">\n\t\t\t\t\t\t\t\tEpisode 9\t\n\t\t\t\t\t\t\t<\/span>\n\t\t\t\t\t\t\n\t\t\t\t\t\t\t\t\t\t\t    \t\t\t\t\t\t        <a class=\"not-mega-link\" href=\"https:\/\/asset-mng.com\/investiciono-zlato\/audio\/investiciono-zlato-zasto-je-ulaganje-u-zlato-pametno-i-gde-ga-kupiti\/\">\n\t\t\t\t\t\t    \t\n\n\t\t\t\t\t\t\t\t<h3 class=\"title\">\n\t\t\t\t\t\t\t\t\tZa\u0161to je ulaganje u zlato pametno i gde ga kupiti\t\t\t\t\t\t\t\t<\/h3>\n\t\t\n\t\t\t\t\t\t\t\t\t\t\t\t\t\t\t<\/a>\n\t\t\t\t\t\t    \t\n\t\t\t\t\t\t\t\n\n\t\t\t\t\t\t\t\t\t\t\t\t    <a class=\"audio-button\" href=\"https:\/\/asset-mng.com\/investiciono-zlato\/audio\/investiciono-zlato-zasto-je-ulaganje-u-zlato-pametno-i-gde-ga-kupiti\/\">\n\t\t\t\t\t\t\t\tEpisode page\t\t\t\t\t\t\t<\/a>\n\t\t\t\t\t\t\t\n\t\t\t\t\t\t\n\t\t\t\t    <\/div>\n\n\t\t\t\t<\/div>\n\n\t\t\t<\/div>\n\n\t\t\t<\/div>\n\n<\/div>\t\t\t\t<\/div>\n\t\t\t\t<\/div>\n\t\t\t\t\t<\/div>\n\t\t<\/div>\n\t\t\t\t\t<\/div>\n\t\t<\/section>\n\t\t\t\t<\/div>\n\t\t","protected":false},"excerpt":{"rendered":"<p>Za\u0161to ulagati u investiciono zlato ? Ulaganje u investiciono zlato postaje sve popularnije zbog svoje sposobnosti da o\u010duva vrednost i za\u0161titi kapital u neizvesnim ekonomskim vremenima. Istra\u017eimo klju\u010dne razloge za\u0161to je zlato odli\u010dna investicija, kao i kako pravilno pristupiti ovom obliku ulaganja. 1. Za\u0161tita od inflacije Jedna od glavnih prednosti ulaganja u zlato je njegova [&hellip;]<\/p>\n","protected":false},"author":1,"featured_media":0,"parent":0,"menu_order":0,"comment_status":"closed","ping_status":"closed","template":"elementor_header_footer","meta":{"footnotes":""},"class_list":["post-5644","page","type-page","status-publish","hentry"],"_links":{"self":[{"href":"https:\/\/asset-mng.com\/investiciono-zlato\/wp-json\/wp\/v2\/pages\/5644","targetHints":{"allow":["GET"]}}],"collection":[{"href":"https:\/\/asset-mng.com\/investiciono-zlato\/wp-json\/wp\/v2\/pages"}],"about":[{"href":"https:\/\/asset-mng.com\/investiciono-zlato\/wp-json\/wp\/v2\/types\/page"}],"author":[{"embeddable":true,"href":"https:\/\/asset-mng.com\/investiciono-zlato\/wp-json\/wp\/v2\/users\/1"}],"replies":[{"embeddable":true,"href":"https:\/\/asset-mng.com\/investiciono-zlato\/wp-json\/wp\/v2\/comments?post=5644"}],"version-history":[{"count":95,"href":"https:\/\/asset-mng.com\/investiciono-zlato\/wp-json\/wp\/v2\/pages\/5644\/revisions"}],"predecessor-version":[{"id":11142,"href":"https:\/\/asset-mng.com\/investiciono-zlato\/wp-json\/wp\/v2\/pages\/5644\/revisions\/11142"}],"wp:attachment":[{"href":"https:\/\/asset-mng.com\/investiciono-zlato\/wp-json\/wp\/v2\/media?parent=5644"}],"curies":[{"name":"wp","href":"https:\/\/api.w.org\/{rel}","templated":true}]}}