{"id":5780,"date":"2025-01-13T11:38:09","date_gmt":"2025-01-13T11:38:09","guid":{"rendered":"https:\/\/asset-mng.com\/?page_id=5780"},"modified":"2025-04-01T13:18:07","modified_gmt":"2025-04-01T13:18:07","slug":"zlatni-standard","status":"publish","type":"page","link":"https:\/\/asset-mng.com\/investiciono-zlato\/zlatni-standard\/","title":{"rendered":"Zlatni Standard"},"content":{"rendered":"\t\t<div data-elementor-type=\"wp-page\" data-elementor-id=\"5780\" class=\"elementor elementor-5780\" data-elementor-post-type=\"page\">\n\t\t\t\t<div class=\"elementor-element elementor-element-9e3a277 e-flex e-con-boxed magic-button-disabled-no elementor-invisible e-con e-parent\" data-id=\"9e3a277\" data-element_type=\"container\" data-settings=\"{&quot;animation&quot;:&quot;ova-move-right&quot;}\">\n\t\t\t\t\t<div class=\"e-con-inner\">\n\t\t\t\t<div class=\"elementor-element elementor-element-fb7b473 elementor-widget elementor-widget-heading\" data-id=\"fb7b473\" data-element_type=\"widget\" data-widget_type=\"heading.default\">\n\t\t\t\t<div class=\"elementor-widget-container\">\n\t\t\t\t\t<h2 class=\"elementor-heading-title elementor-size-default\">Zlatni Standard: Stabilnost ili Prepreka?<\/h2>\t\t\t\t<\/div>\n\t\t\t\t<\/div>\n\t\t\t\t\t<\/div>\n\t\t\t\t<\/div>\n\t\t<div class=\"elementor-element elementor-element-52d6746 e-flex e-con-boxed magic-button-disabled-no e-con e-parent\" data-id=\"52d6746\" data-element_type=\"container\">\n\t\t\t\t\t<div class=\"e-con-inner\">\n\t\t<div class=\"elementor-element elementor-element-22c1567 e-con-full e-flex magic-button-disabled-no e-con e-child\" data-id=\"22c1567\" data-element_type=\"container\">\n\t\t\t\t<div class=\"elementor-element elementor-element-2355767 elementor-widget__width-initial elementor-invisible elementor-widget elementor-widget-text-editor\" data-id=\"2355767\" data-element_type=\"widget\" data-settings=\"{&quot;_animation&quot;:&quot;ova-move-right&quot;}\" data-widget_type=\"text-editor.default\">\n\t\t\t\t<div class=\"elementor-widget-container\">\n\t\t\t\t\t\t\t\t\t<h3><span style=\"color: #000000;\">Uvod<\/span><\/h3><p><span style=\"color: #000000;\">Zlatni standard je ekonomski sistem koji je oblikovao monetarnu politiku mnogih zemalja. Iako je danas ve\u0107ina zemalja pre\u0161la na FIAT valute, zlatni standard i dalje izaziva interesovanje me\u0111u ekonomistima, investitorima i obi\u010dnim ljudima. Istra\u017ei\u0107emo \u0161ta je zlatni standard, njegove prednosti i mane, kao i njegovu ulogu u savremenom ekonomskom sistemu.<\/span><\/p><h3><span style=\"color: #000000;\">\u0160ta je zlatni standard?<\/span><\/h3><p><span style=\"color: #000000;\">Zlatni standard je monetarni sistem u kojem je vrednost valute direktno povezana sa zlatom. Ovo zna\u010di da vlade koje primenjuju zlatni standard obezbe\u0111uju da svaka jedinica valute mo\u017ee biti zamenjena za odre\u0111enu koli\u010dinu zlata. Ovaj sistem pru\u017ea stabilnost i poverenje u vrednost novca, jer se koli\u010dina novca u opticaju mo\u017ee kontrolisati na osnovu rezervi zlata.<\/span><\/p><h3><span style=\"color: #000000;\">Istorija zlatnog standarda<\/span><\/h3><p><span style=\"color: #000000;\">Zlatni standard je prvi put uspostavljen u Velikoj Britaniji 1821. godine, a do kraja 19. veka postao je globalno prihva\u0107en. Tokom Prvog svetskog rata, mnoge zemlje su privremeno napustile ovaj sistem kako bi finansirale ratne napore. Nakon rata, poku\u0161aji vra\u0107anja na zlatni standard doveli su do kratkotrajnih re\u0161enja, ali su kona\u010dno napu\u0161teni tokom Velike depresije 1930-ih godina.<\/span><\/p><h3><span style=\"color: #000000;\">Bretton Woods i kraj zlatnog standarda<\/span><\/h3><p><span style=\"color: #000000;\">Posle Drugog svetskog rata, na konferenciji u Bretton Woodsu 1944. godine, uspostavljen je novi me\u0111unarodni monetarni sistem koji je vezivao valute mnogih zemalja za ameri\u010dki dolar, koji je bio konvertibilan u zlato po fiksnoj ceni od 35 dolara po unci. Ovaj sistem je omogu\u0107io stabilnost u posleratnom svetu, ali se suo\u010dio sa izazovima tokom 1960-ih.<\/span><\/p><p><span style=\"color: #000000;\">Pod pritiskom inflacije i rastu\u0107e potra\u017enje za zlatom, predsednik Sjedinjenih Ameri\u010dkih Dr\u017eava Ri\u010dard Nikson je 15. avgusta 1971. godine ukinuo direktnu konvertibilnost dolara u zlato, \u010dime je okon\u010dan zlatni standard kao zvani\u010dni monetarni sistem. Ova odluka ozna\u010dila je kraj jedne ere i prelazak na FIAT valute koje nisu podr\u017eane fizi\u010dkom imovinom.<\/span><\/p><h3><span style=\"color: #000000;\">Prednosti zlatnog standarda<\/span><\/h3><p><span style=\"color: #000000;\">Stabilnost cena: Zbog ograni\u010dene koli\u010dine zlata, inflacija je obi\u010dno ni\u017ea nego kod FIAT valuta.<\/span><\/p><p><span style=\"color: #000000;\">Poverenje: Ljudi imaju ve\u0107e poverenje u valutu koja je podr\u017eana fizi\u010dkom imovinom poput zlata. <\/span><\/p><p><span style=\"color: #000000;\">Ograni\u010denje dr\u017eavne potro\u0161nje: Zlatni standard mo\u017ee spre\u010diti vlade da prekomerno \u0161tampaju novac, \u0161to mo\u017ee dovesti do inflacije.<\/span><\/p><h3><span style=\"color: #000000;\">Mane zlatnog standarda<\/span><\/h3><p><span style=\"color: #000000;\">Fleksibilnost: U vreme ekonomske krize, te\u0161ko\u0107e sa prilago\u0111avanjem monetarne politike mogu ote\u017eati oporavak.<\/span><\/p><p><span style=\"color: #000000;\">Ograni\u010denja rasta: Ekonomije koje se oslanjaju na zlatni standard mogu biti ograni\u010dene u svom rastu zbog nedostatka zlata.<\/span><\/p><h3><span style=\"color: #000000;\">Savremeni kontekst<\/span><\/h3><p><span style=\"color: #000000;\">Danas ve\u0107ina zemalja koristi FIAT valute, ali interesovanje za zlato kao sigurnu imovinu raste, posebno u vremenima ekonomske nesigurnosti. Mnogi investitori smatraju zlato za\u0161titom od inflacije i ekonomskih kriza.<\/span><\/p>\t\t\t\t\t\t\t\t<\/div>\n\t\t\t\t<\/div>\n\t\t\t\t<div class=\"elementor-element elementor-element-627c259 elementor-invisible elementor-widget elementor-widget-video\" data-id=\"627c259\" data-element_type=\"widget\" data-settings=\"{&quot;youtube_url&quot;:&quot;https:\\\/\\\/www.youtube.com\\\/watch?v=7_Xw5tWsOQo&quot;,&quot;_animation&quot;:&quot;ova-move-up&quot;,&quot;video_type&quot;:&quot;youtube&quot;,&quot;controls&quot;:&quot;yes&quot;}\" data-widget_type=\"video.default\">\n\t\t\t\t<div class=\"elementor-widget-container\">\n\t\t\t\t\t\t\t<div class=\"elementor-wrapper elementor-open-inline\">\n\t\t\t<div class=\"elementor-video\"><\/div>\t\t<\/div>\n\t\t\t\t\t\t<\/div>\n\t\t\t\t<\/div>\n\t\t\t\t<\/div>\n\t\t<div class=\"elementor-element elementor-element-0ec4e6c e-con-full e-flex magic-button-disabled-no elementor-invisible e-con e-child\" data-id=\"0ec4e6c\" data-element_type=\"container\" data-settings=\"{&quot;animation&quot;:&quot;ova-move-up&quot;}\">\n\t\t\t\t<div class=\"elementor-element elementor-element-de90daf elementor-cta--skin-cover elementor-hidden-mobile elementor-animated-content elementor-bg-transform elementor-bg-transform-zoom-in elementor-invisible elementor-widget elementor-widget-call-to-action\" data-id=\"de90daf\" data-element_type=\"widget\" data-settings=\"{&quot;_animation&quot;:&quot;ova-move-up&quot;}\" data-widget_type=\"call-to-action.default\">\n\t\t\t\t<div class=\"elementor-widget-container\">\n\t\t\t\t\t\t\t<a class=\"elementor-cta\" href=\"https:\/\/asset-mng.com\/investiciono-zlato\/brics-valuta-i-veza-sa-zlatom\/\">\n\t\t\t\t\t<div class=\"elementor-cta__bg-wrapper\">\n\t\t\t\t<div class=\"elementor-cta__bg elementor-bg\" style=\"background-image: url(https:\/\/asset-mng.com\/investiciono-zlato\/wp-content\/uploads\/2025\/01\/Brics-valuta-i-zlato-Desktop.jpg);\" role=\"img\" aria-label=\"Brics-valuta-i-zlato-Desktop\"><\/div>\n\t\t\t\t<div class=\"elementor-cta__bg-overlay\"><\/div>\n\t\t\t<\/div>\n\t\t\t\t\t\t\t<div class=\"elementor-cta__content\">\n\t\t\t\t\n\t\t\t\t\t\t\t\t\t<h2 class=\"elementor-cta__title elementor-cta__content-item elementor-content-item elementor-animated-item--grow\">\n\t\t\t\t\t\tZlato i BRICS valuta\t\t\t\t\t<\/h2>\n\t\t\t\t\n\t\t\t\t\n\t\t\t\t\t\t\t\t\t<div class=\"elementor-cta__button-wrapper elementor-cta__content-item elementor-content-item elementor-animated-item--grow\">\n\t\t\t\t\t<span class=\"elementor-cta__button elementor-button elementor-size-\">\n\t\t\t\t\t\tPro\u010ditajte\t\t\t\t\t<\/span>\n\t\t\t\t\t<\/div>\n\t\t\t\t\t\t\t<\/div>\n\t\t\t\t\t\t<\/a>\n\t\t\t\t\t\t<\/div>\n\t\t\t\t<\/div>\n\t\t\t\t<\/div>\n\t\t<div class=\"elementor-element elementor-element-f9084e1 e-con-full elementor-hidden-desktop elementor-hidden-tablet e-flex magic-button-disabled-no elementor-invisible e-con e-child\" data-id=\"f9084e1\" data-element_type=\"container\" data-settings=\"{&quot;animation&quot;:&quot;ova-move-up&quot;}\">\n\t\t\t\t<div class=\"elementor-element elementor-element-77341e2 elementor-cta--skin-cover elementor-hidden-desktop elementor-hidden-tablet elementor-animated-content elementor-bg-transform elementor-bg-transform-zoom-in elementor-invisible elementor-widget elementor-widget-call-to-action\" data-id=\"77341e2\" data-element_type=\"widget\" data-settings=\"{&quot;_animation&quot;:&quot;ova-move-up&quot;}\" data-widget_type=\"call-to-action.default\">\n\t\t\t\t<div class=\"elementor-widget-container\">\n\t\t\t\t\t\t\t<a class=\"elementor-cta\" href=\"https:\/\/asset-mng.com\/investiciono-zlato\/brics-valuta-i-veza-sa-zlatom\/\">\n\t\t\t\t\t<div class=\"elementor-cta__bg-wrapper\">\n\t\t\t\t<div class=\"elementor-cta__bg elementor-bg\" style=\"background-image: url(https:\/\/asset-mng.com\/investiciono-zlato\/wp-content\/uploads\/2025\/02\/Zlato-i-BRICS-valuta-Mobile-Optimize.jpg);\" role=\"img\" aria-label=\"Zlato-i-BRICS-valuta-Mobile-Optimize\"><\/div>\n\t\t\t\t<div class=\"elementor-cta__bg-overlay\"><\/div>\n\t\t\t<\/div>\n\t\t\t\t\t\t\t<div class=\"elementor-cta__content\">\n\t\t\t\t\n\t\t\t\t\t\t\t\t\t<h2 class=\"elementor-cta__title elementor-cta__content-item elementor-content-item elementor-animated-item--grow\">\n\t\t\t\t\t\tZlato i BRICS valuta\t\t\t\t\t<\/h2>\n\t\t\t\t\n\t\t\t\t\n\t\t\t\t\t\t\t\t\t<div class=\"elementor-cta__button-wrapper elementor-cta__content-item elementor-content-item elementor-animated-item--grow\">\n\t\t\t\t\t<span class=\"elementor-cta__button elementor-button elementor-size-\">\n\t\t\t\t\t\tPro\u010ditajte\t\t\t\t\t<\/span>\n\t\t\t\t\t<\/div>\n\t\t\t\t\t\t\t<\/div>\n\t\t\t\t\t\t<\/a>\n\t\t\t\t\t\t<\/div>\n\t\t\t\t<\/div>\n\t\t\t\t<\/div>\n\t\t\t\t\t<\/div>\n\t\t\t\t<\/div>\n\t\t\t\t<section class=\"elementor-section elementor-top-section elementor-element elementor-element-48e101e elementor-section-full_width elementor-section-height-default elementor-section-height-default magic-button-disabled-no elementor-invisible\" data-id=\"48e101e\" data-element_type=\"section\" data-settings=\"{&quot;background_background&quot;:&quot;classic&quot;,&quot;animation&quot;:&quot;ova-move-up&quot;}\">\n\t\t\t\t\t\t\t<div class=\"elementor-background-overlay\"><\/div>\n\t\t\t\t\t\t\t<div class=\"elementor-container elementor-column-gap-no\">\n\t\t\t\t\t<div class=\"elementor-column elementor-col-100 elementor-top-column elementor-element elementor-element-83adf06\" data-id=\"83adf06\" data-element_type=\"column\">\n\t\t\t<div class=\"elementor-widget-wrap elementor-element-populated\">\n\t\t\t\t\t\t<div class=\"elementor-element elementor-element-1f9815a elementor-widget elementor-widget-podover_elementor_heading\" data-id=\"1f9815a\" data-element_type=\"widget\" data-widget_type=\"podover_elementor_heading.default\">\n\t\t\t\t<div class=\"elementor-widget-container\">\n\t\t\t\t\t\n\t\t\t<div class=\"ova-title\">\n\n\t\t\t\t\t\t\t\t\t<h3 class=\"sub-title \">\n\t\t\t\t\t\tBudite informisani\t\n\t\t\t\t\t<\/h3>\n\t\t\t\t\n\t\t\t\t\t\t\t\t\t\t\t\t\t\t\t\t<h2 class=\"title\">Stru\u010dna mi\u0161ljenja na temu:\n<\/h2>\n\t\t\t\t\t\t\t\t\t\n\t\t\t\t\t\t\t\t\t<p class=\"description\">INVESTICIONO ZLATO<\/p>\n\t\t\t\t\n\t\t\t<\/div> \n\t\t\t\n\t\t\t\t\t\t<\/div>\n\t\t\t\t<\/div>\n\t\t\t\t<div class=\"elementor-element elementor-element-8ecb5a2 elementor-widget elementor-widget-ovau_elementor_audio_slider\" data-id=\"8ecb5a2\" data-element_type=\"widget\" data-settings=\"{&quot;pause_on_hover&quot;:&quot;yes&quot;,&quot;infinite&quot;:&quot;yes&quot;,&quot;autoplay&quot;:&quot;yes&quot;,&quot;autoplay_speed&quot;:3000,&quot;dot_control&quot;:&quot;yes&quot;}\" data-widget_type=\"ovau_elementor_audio_slider.default\">\n\t\t\t\t<div class=\"elementor-widget-container\">\n\t\t\t\t\t\n<div class=\"ova-audio-slider\">\n\n\t<div class=\"content slide-audio owl-carousel owl-theme\" data-options=\"{&quot;items&quot;:3,&quot;slideBy&quot;:1,&quot;margin&quot;:30,&quot;autoplayTimeout&quot;:3000,&quot;smartSpeed&quot;:500,&quot;stagePadding&quot;:0,&quot;autoplayHoverPause&quot;:true,&quot;loop&quot;:true,&quot;autoplay&quot;:true,&quot;dots&quot;:true,&quot;rtl&quot;:false}\">\n\n\t\t\n\t\t\t<div class=\"item\">\n\t\t\t\t\n\t\t\t\t<div class=\"ova-media \">\n       \t\t\t\t\n       \t\t\t\t\t\t\t\t\t\t<div class=\"audio-img-wrapper\">\n\t\t\t\t\t\t\t\t\t\t\t\t\t        <a class=\"not-mega-link link-full-height\" href=\"https:\/\/asset-mng.com\/investiciono-zlato\/audio\/zasto-su-zlato-i-srebro-jedini-pravi-novac-sokantna-istina\/\">\n\t\t\t\t\t\t\t\t\n\t\t\t\t\t\t\t    <img decoding=\"async\" class=\"audio-img\" src=\"https:\/\/asset-mng.com\/investiciono-zlato\/wp-content\/uploads\/2025\/11\/15.png\" alt=\"Za\u0161to su zlato i srebro jedini pravi novac &#8211; \u0160okantna istina\">\n\t\t\t\t\t\t\t\t\t\t\t\t\t\t\t<\/a>\n\t\t\t\t\t\t\t\n\t\t\t\t\t\t\t\t\t\t\t\t\t\t\t<a class=\"not-mega-link\" href=\"https:\/\/asset-mng.com\/investiciono-zlato\/audio-host\/vojislav-dejkovic\/\" title=\"Vojislav Dejkovi\u0107\">\n\t\t\t\t\t\t\t        <img decoding=\"async\" src=\"https:\/\/asset-mng.com\/investiciono-zlato\/wp-content\/uploads\/2022\/05\/Vojislav-Dejkovic-150x150.jpg\" class=\"host-img\" title=\"Vojislav Dejkovi\u0107\" alt=\"Vojislav Dejkovi\u0107\">\n\t\t\t\t\t\t\t    <\/a>\n\t\t\t\t\t\t    \t\t\t\t\t\t<\/div>\n\t\t\t\t\t\n\t\t\t\t    <div class=\"content\">\n\n\t\t\t\t    \t\n\t\t\t\t    \t\t\t\t\t\t    \t<span class=\"category\">\n\t\t\t\t\t\t\t\t<a class=\"not-mega-link\" href=\"https:\/\/asset-mng.com\/investiciono-zlato\/category-audio\/finansije\/\">\n\t\t\t\t\t\t\t\t\tFinansije\t\t\t\t\t\t\t\t<\/a>\n\t\t\t\t\t\t\t<\/span>\n\t\t\t\t\t\t\n\t\t\t\t\t\t\t\t\t\t\t\t\t<span class=\"episode \">\n\t\t\t\t\t\t\t\tEpisode 15\t\n\t\t\t\t\t\t\t<\/span>\n\t\t\t\t\t\t\n\t\t\t\t\t\t\t\t\t\t\t    \t\t\t\t\t\t        <a class=\"not-mega-link\" href=\"https:\/\/asset-mng.com\/investiciono-zlato\/audio\/zasto-su-zlato-i-srebro-jedini-pravi-novac-sokantna-istina\/\">\n\t\t\t\t\t\t    \t\n\n\t\t\t\t\t\t\t\t<h3 class=\"title\">\n\t\t\t\t\t\t\t\t\tZa\u0161to su zlato i srebro jedini pravi novac &#8211; \u0160okantna istina\t\t\t\t\t\t\t\t<\/h3>\n\t\t\n\t\t\t\t\t\t\t\t\t\t\t\t\t\t\t<\/a>\n\t\t\t\t\t\t    \t\n\t\t\t\t\t\t\t\n\n\t\t\t\t\t\t\t\t\t\t\t\t    <a class=\"audio-button\" href=\"https:\/\/asset-mng.com\/investiciono-zlato\/audio\/zasto-su-zlato-i-srebro-jedini-pravi-novac-sokantna-istina\/\">\n\t\t\t\t\t\t\t\tEpisode page\t\t\t\t\t\t\t<\/a>\n\t\t\t\t\t\t\t\n\t\t\t\t\t\t\n\t\t\t\t    <\/div>\n\n\t\t\t\t<\/div>\n\n\t\t\t<\/div>\n\n\t\t\n\t\t\t<div class=\"item\">\n\t\t\t\t\n\t\t\t\t<div class=\"ova-media \">\n       \t\t\t\t\n       \t\t\t\t\t\t\t\t\t\t<div class=\"audio-img-wrapper\">\n\t\t\t\t\t\t\t\t\t\t\t\t\t        <a class=\"not-mega-link link-full-height\" href=\"https:\/\/asset-mng.com\/investiciono-zlato\/audio\/investiciono-zlato-kompletan-vodic-za-ulaganje-u-zlato\/\">\n\t\t\t\t\t\t\t\t\n\t\t\t\t\t\t\t    <img decoding=\"async\" class=\"audio-img\" src=\"https:\/\/asset-mng.com\/investiciono-zlato\/wp-content\/uploads\/2025\/11\/13.jpg\" alt=\"Investiciono zlato: Kompletan vodi\u010d za ulaganje u zlato\">\n\t\t\t\t\t\t\t\t\t\t\t\t\t\t\t<\/a>\n\t\t\t\t\t\t\t\n\t\t\t\t\t\t\t\t\t\t\t\t\t\t\t<a class=\"not-mega-link\" href=\"https:\/\/asset-mng.com\/investiciono-zlato\/audio-host\/vojislav-dejkovic\/\" title=\"Vojislav Dejkovi\u0107\">\n\t\t\t\t\t\t\t        <img decoding=\"async\" src=\"https:\/\/asset-mng.com\/investiciono-zlato\/wp-content\/uploads\/2022\/05\/Vojislav-Dejkovic-150x150.jpg\" class=\"host-img\" title=\"Vojislav Dejkovi\u0107\" alt=\"Vojislav Dejkovi\u0107\">\n\t\t\t\t\t\t\t    <\/a>\n\t\t\t\t\t\t    \t\t\t\t\t\t<\/div>\n\t\t\t\t\t\n\t\t\t\t    <div class=\"content\">\n\n\t\t\t\t    \t\n\t\t\t\t    \t\t\t\t\t\t    \t<span class=\"category\">\n\t\t\t\t\t\t\t\t<a class=\"not-mega-link\" href=\"https:\/\/asset-mng.com\/investiciono-zlato\/category-audio\/finansije\/\">\n\t\t\t\t\t\t\t\t\tFinansije\t\t\t\t\t\t\t\t<\/a>\n\t\t\t\t\t\t\t<\/span>\n\t\t\t\t\t\t\n\t\t\t\t\t\t\t\t\t\t\t\t\t<span class=\"episode \">\n\t\t\t\t\t\t\t\tEpisode 13\t\n\t\t\t\t\t\t\t<\/span>\n\t\t\t\t\t\t\n\t\t\t\t\t\t\t\t\t\t\t    \t\t\t\t\t\t        <a class=\"not-mega-link\" href=\"https:\/\/asset-mng.com\/investiciono-zlato\/audio\/investiciono-zlato-kompletan-vodic-za-ulaganje-u-zlato\/\">\n\t\t\t\t\t\t    \t\n\n\t\t\t\t\t\t\t\t<h3 class=\"title\">\n\t\t\t\t\t\t\t\t\tInvesticiono zlato: Kompletan vodi\u010d za ulaganje u zlato\t\t\t\t\t\t\t\t<\/h3>\n\t\t\n\t\t\t\t\t\t\t\t\t\t\t\t\t\t\t<\/a>\n\t\t\t\t\t\t    \t\n\t\t\t\t\t\t\t\n\n\t\t\t\t\t\t\t\t\t\t\t\t    <a class=\"audio-button\" href=\"https:\/\/asset-mng.com\/investiciono-zlato\/audio\/investiciono-zlato-kompletan-vodic-za-ulaganje-u-zlato\/\">\n\t\t\t\t\t\t\t\tEpisode page\t\t\t\t\t\t\t<\/a>\n\t\t\t\t\t\t\t\n\t\t\t\t\t\t\n\t\t\t\t    <\/div>\n\n\t\t\t\t<\/div>\n\n\t\t\t<\/div>\n\n\t\t\n\t\t\t<div class=\"item\">\n\t\t\t\t\n\t\t\t\t<div class=\"ova-media \">\n       \t\t\t\t\n       \t\t\t\t\t\t\t\t\t\t<div class=\"audio-img-wrapper\">\n\t\t\t\t\t\t\t\t\t\t\t\t\t        <a class=\"not-mega-link link-full-height\" href=\"https:\/\/asset-mng.com\/investiciono-zlato\/audio\/zasto-je-ulaganje-u-zlato-pametno-i-gde-ga-kupiti\/\">\n\t\t\t\t\t\t\t\t\n\t\t\t\t\t\t\t    <img decoding=\"async\" class=\"audio-img\" src=\"https:\/\/asset-mng.com\/investiciono-zlato\/wp-content\/uploads\/2025\/11\/11.jpg\" alt=\"Za\u0161to su zlato i srebro jedini pravi novac &#8211; \u0160okantna istina\">\n\t\t\t\t\t\t\t\t\t\t\t\t\t\t\t<\/a>\n\t\t\t\t\t\t\t\n\t\t\t\t\t\t\t\t\t\t\t\t\t\t\t<a class=\"not-mega-link\" href=\"https:\/\/asset-mng.com\/investiciono-zlato\/audio-host\/vojislav-dejkovic\/\" title=\"Vojislav Dejkovi\u0107\">\n\t\t\t\t\t\t\t        <img decoding=\"async\" src=\"https:\/\/asset-mng.com\/investiciono-zlato\/wp-content\/uploads\/2022\/05\/Vojislav-Dejkovic-150x150.jpg\" class=\"host-img\" title=\"Vojislav Dejkovi\u0107\" alt=\"Vojislav Dejkovi\u0107\">\n\t\t\t\t\t\t\t    <\/a>\n\t\t\t\t\t\t    \t\t\t\t\t\t<\/div>\n\t\t\t\t\t\n\t\t\t\t    <div class=\"content\">\n\n\t\t\t\t    \t\n\t\t\t\t    \t\t\t\t\t\t    \t<span class=\"category\">\n\t\t\t\t\t\t\t\t<a class=\"not-mega-link\" href=\"https:\/\/asset-mng.com\/investiciono-zlato\/category-audio\/finansije\/\">\n\t\t\t\t\t\t\t\t\tFinansije\t\t\t\t\t\t\t\t<\/a>\n\t\t\t\t\t\t\t<\/span>\n\t\t\t\t\t\t\n\t\t\t\t\t\t\t\t\t\t\t\t\t<span class=\"episode \">\n\t\t\t\t\t\t\t\tEpisode 11\t\n\t\t\t\t\t\t\t<\/span>\n\t\t\t\t\t\t\n\t\t\t\t\t\t\t\t\t\t\t    \t\t\t\t\t\t        <a class=\"not-mega-link\" href=\"https:\/\/asset-mng.com\/investiciono-zlato\/audio\/zasto-je-ulaganje-u-zlato-pametno-i-gde-ga-kupiti\/\">\n\t\t\t\t\t\t    \t\n\n\t\t\t\t\t\t\t\t<h3 class=\"title\">\n\t\t\t\t\t\t\t\t\tZa\u0161to su zlato i srebro jedini pravi novac &#8211; \u0160okantna istina\t\t\t\t\t\t\t\t<\/h3>\n\t\t\n\t\t\t\t\t\t\t\t\t\t\t\t\t\t\t<\/a>\n\t\t\t\t\t\t    \t\n\t\t\t\t\t\t\t\n\n\t\t\t\t\t\t\t\t\t\t\t\t    <a class=\"audio-button\" href=\"https:\/\/asset-mng.com\/investiciono-zlato\/audio\/zasto-je-ulaganje-u-zlato-pametno-i-gde-ga-kupiti\/\">\n\t\t\t\t\t\t\t\tEpisode page\t\t\t\t\t\t\t<\/a>\n\t\t\t\t\t\t\t\n\t\t\t\t\t\t\n\t\t\t\t    <\/div>\n\n\t\t\t\t<\/div>\n\n\t\t\t<\/div>\n\n\t\t\n\t\t\t<div class=\"item\">\n\t\t\t\t\n\t\t\t\t<div class=\"ova-media \">\n       \t\t\t\t\n       \t\t\t\t\t\t\t\t\t\t<div class=\"audio-img-wrapper\">\n\t\t\t\t\t\t\t\t\t\t\t\t\t        <a class=\"not-mega-link link-full-height\" href=\"https:\/\/asset-mng.com\/investiciono-zlato\/audio\/investiciono-zlato-zasto-je-ulaganje-u-zlato-pametno-i-gde-ga-kupiti\/\">\n\t\t\t\t\t\t\t\t\n\t\t\t\t\t\t\t    <img decoding=\"async\" class=\"audio-img\" src=\"https:\/\/asset-mng.com\/investiciono-zlato\/wp-content\/uploads\/2025\/07\/9.jpg\" alt=\"Za\u0161to je ulaganje u zlato pametno i gde ga kupiti\">\n\t\t\t\t\t\t\t\t\t\t\t\t\t\t\t<\/a>\n\t\t\t\t\t\t\t\n\t\t\t\t\t\t\t\t\t\t\t\t\t\t\t<a class=\"not-mega-link\" href=\"https:\/\/asset-mng.com\/investiciono-zlato\/audio-host\/vojislav-dejkovic\/\" title=\"Vojislav Dejkovi\u0107\">\n\t\t\t\t\t\t\t        <img decoding=\"async\" src=\"https:\/\/asset-mng.com\/investiciono-zlato\/wp-content\/uploads\/2022\/05\/Vojislav-Dejkovic-150x150.jpg\" class=\"host-img\" title=\"Vojislav Dejkovi\u0107\" alt=\"Vojislav Dejkovi\u0107\">\n\t\t\t\t\t\t\t    <\/a>\n\t\t\t\t\t\t    \t\t\t\t\t\t<\/div>\n\t\t\t\t\t\n\t\t\t\t    <div class=\"content\">\n\n\t\t\t\t    \t\n\t\t\t\t    \t\t\t\t\t\t    \t<span class=\"category\">\n\t\t\t\t\t\t\t\t<a class=\"not-mega-link\" href=\"https:\/\/asset-mng.com\/investiciono-zlato\/category-audio\/finansije\/\">\n\t\t\t\t\t\t\t\t\tFinansije\t\t\t\t\t\t\t\t<\/a>\n\t\t\t\t\t\t\t<\/span>\n\t\t\t\t\t\t\n\t\t\t\t\t\t\t\t\t\t\t\t\t<span class=\"episode \">\n\t\t\t\t\t\t\t\tEpisode 9\t\n\t\t\t\t\t\t\t<\/span>\n\t\t\t\t\t\t\n\t\t\t\t\t\t\t\t\t\t\t    \t\t\t\t\t\t        <a class=\"not-mega-link\" href=\"https:\/\/asset-mng.com\/investiciono-zlato\/audio\/investiciono-zlato-zasto-je-ulaganje-u-zlato-pametno-i-gde-ga-kupiti\/\">\n\t\t\t\t\t\t    \t\n\n\t\t\t\t\t\t\t\t<h3 class=\"title\">\n\t\t\t\t\t\t\t\t\tZa\u0161to je ulaganje u zlato pametno i gde ga kupiti\t\t\t\t\t\t\t\t<\/h3>\n\t\t\n\t\t\t\t\t\t\t\t\t\t\t\t\t\t\t<\/a>\n\t\t\t\t\t\t    \t\n\t\t\t\t\t\t\t\n\n\t\t\t\t\t\t\t\t\t\t\t\t    <a class=\"audio-button\" href=\"https:\/\/asset-mng.com\/investiciono-zlato\/audio\/investiciono-zlato-zasto-je-ulaganje-u-zlato-pametno-i-gde-ga-kupiti\/\">\n\t\t\t\t\t\t\t\tEpisode page\t\t\t\t\t\t\t<\/a>\n\t\t\t\t\t\t\t\n\t\t\t\t\t\t\n\t\t\t\t    <\/div>\n\n\t\t\t\t<\/div>\n\n\t\t\t<\/div>\n\n\t\t\t<\/div>\n\n<\/div>\t\t\t\t<\/div>\n\t\t\t\t<\/div>\n\t\t\t\t\t<\/div>\n\t\t<\/div>\n\t\t\t\t\t<\/div>\n\t\t<\/section>\n\t\t\t\t<\/div>\n\t\t","protected":false},"excerpt":{"rendered":"<p>Zlatni Standard: Stabilnost ili Prepreka? Uvod Zlatni standard je ekonomski sistem koji je oblikovao monetarnu politiku mnogih zemalja. Iako je danas ve\u0107ina zemalja pre\u0161la na FIAT valute, zlatni standard i dalje izaziva interesovanje me\u0111u ekonomistima, investitorima i obi\u010dnim ljudima. Istra\u017ei\u0107emo \u0161ta je zlatni standard, njegove prednosti i mane, kao i njegovu ulogu u savremenom ekonomskom [&hellip;]<\/p>\n","protected":false},"author":1,"featured_media":0,"parent":0,"menu_order":0,"comment_status":"closed","ping_status":"closed","template":"elementor_header_footer","meta":{"footnotes":""},"class_list":["post-5780","page","type-page","status-publish","hentry"],"_links":{"self":[{"href":"https:\/\/asset-mng.com\/investiciono-zlato\/wp-json\/wp\/v2\/pages\/5780","targetHints":{"allow":["GET"]}}],"collection":[{"href":"https:\/\/asset-mng.com\/investiciono-zlato\/wp-json\/wp\/v2\/pages"}],"about":[{"href":"https:\/\/asset-mng.com\/investiciono-zlato\/wp-json\/wp\/v2\/types\/page"}],"author":[{"embeddable":true,"href":"https:\/\/asset-mng.com\/investiciono-zlato\/wp-json\/wp\/v2\/users\/1"}],"replies":[{"embeddable":true,"href":"https:\/\/asset-mng.com\/investiciono-zlato\/wp-json\/wp\/v2\/comments?post=5780"}],"version-history":[{"count":59,"href":"https:\/\/asset-mng.com\/investiciono-zlato\/wp-json\/wp\/v2\/pages\/5780\/revisions"}],"predecessor-version":[{"id":11145,"href":"https:\/\/asset-mng.com\/investiciono-zlato\/wp-json\/wp\/v2\/pages\/5780\/revisions\/11145"}],"wp:attachment":[{"href":"https:\/\/asset-mng.com\/investiciono-zlato\/wp-json\/wp\/v2\/media?parent=5780"}],"curies":[{"name":"wp","href":"https:\/\/api.w.org\/{rel}","templated":true}]}}