{"id":9092,"date":"2025-02-06T14:36:14","date_gmt":"2025-02-06T14:36:14","guid":{"rendered":"https:\/\/asset-mng.com\/investiciono-zlato\/?page_id=9092"},"modified":"2025-10-04T12:56:10","modified_gmt":"2025-10-04T12:56:10","slug":"cena-zlata","status":"publish","type":"page","link":"https:\/\/asset-mng.com\/investiciono-zlato\/cena-zlata\/","title":{"rendered":"Prodavnica"},"content":{"rendered":"\t\t<div data-elementor-type=\"wp-page\" data-elementor-id=\"9092\" class=\"elementor elementor-9092\" data-elementor-post-type=\"page\">\n\t\t\t\t<div class=\"elementor-element elementor-element-b0c1a4a elementor-hidden-desktop elementor-hidden-tablet e-flex e-con-boxed magic-button-disabled-no e-con e-parent\" data-id=\"b0c1a4a\" data-element_type=\"container\">\n\t\t\t\t\t<div class=\"e-con-inner\">\n\t\t<div class=\"elementor-element elementor-element-2604535 e-con-full e-flex magic-button-disabled-no e-con e-child\" data-id=\"2604535\" data-element_type=\"container\">\n\t\t<div class=\"elementor-element elementor-element-30e0074 e-con-full e-flex magic-button-disabled-no e-con e-child\" data-id=\"30e0074\" data-element_type=\"container\">\n\t\t\t\t<div class=\"elementor-element elementor-element-2443ee6 elementor-widget elementor-widget-heading\" data-id=\"2443ee6\" data-element_type=\"widget\" data-widget_type=\"heading.default\">\n\t\t\t\t<div class=\"elementor-widget-container\">\n\t\t\t\t\t<h3 class=\"elementor-heading-title elementor-size-default\"><a href=\"https:\/\/asset-mng.com\/investiciono-zlato\/cena-zlata-heimerle-meule\/\">Heimerle+Meule<\/a><\/h3>\t\t\t\t<\/div>\n\t\t\t\t<\/div>\n\t\t\t\t<\/div>\n\t\t<div class=\"elementor-element elementor-element-1b8c881 e-con-full e-flex magic-button-disabled-no e-con e-child\" data-id=\"1b8c881\" data-element_type=\"container\" data-settings=\"{&quot;motion_fx_motion_fx_mouse&quot;:&quot;yes&quot;}\">\n\t\t\t\t<div class=\"elementor-element elementor-element-0ca9d46 elementor-widget-tablet__width-inherit elementor-widget__width-inherit elementor-widget elementor-widget-text-editor\" data-id=\"0ca9d46\" data-element_type=\"widget\" data-widget_type=\"text-editor.default\">\n\t\t\t\t<div class=\"elementor-widget-container\">\n\t\t\t\t\t\t\t\t\t<div class=\"rotatemob\">\n<div class=\"card-inner\" style=\"text-align: center;\">\n<div class=\"card-front\"><a href=\"https:\/\/asset-mng.com\/investiciono-zlato\/cena-zlata-heimerle-meule\/\"><img decoding=\"async\" class=\"alignnone wp-image-7800 \" src=\"https:\/\/asset-mng.com\/investiciono-zlato\/wp-content\/uploads\/2025\/01\/HeimerleMeule-100g-lice-1.jpg\" alt=\"HeimerleMeule-100g-lice\" width=\"128\" height=\"200\" data-wp-editing=\"1\" srcset=\"https:\/\/asset-mng.com\/investiciono-zlato\/wp-content\/uploads\/2025\/01\/HeimerleMeule-100g-lice-1.jpg 256w, https:\/\/asset-mng.com\/investiciono-zlato\/wp-content\/uploads\/2025\/01\/HeimerleMeule-100g-lice-1-192x300.jpg 192w\" sizes=\"(max-width: 128px) 100vw, 128px\" \/><\/a><\/div>\n<div class=\"card-back\"><a href=\"https:\/\/asset-mng.com\/investiciono-zlato\/cena-zlata-heimerle-meule\/\"><img decoding=\"async\" class=\"alignnone wp-image-7801 \" src=\"https:\/\/asset-mng.com\/investiciono-zlato\/wp-content\/uploads\/2025\/01\/HeimerleMeule-100g-nalicje-1.jpg\" alt=\"HeimerleMeule-100g-nalicje\" width=\"128\" height=\"200\" srcset=\"https:\/\/asset-mng.com\/investiciono-zlato\/wp-content\/uploads\/2025\/01\/HeimerleMeule-100g-nalicje-1.jpg 256w, https:\/\/asset-mng.com\/investiciono-zlato\/wp-content\/uploads\/2025\/01\/HeimerleMeule-100g-nalicje-1-192x300.jpg 192w\" sizes=\"(max-width: 128px) 100vw, 128px\" \/><\/a><\/div>\n<\/div>\n<\/div>\t\t\t\t\t\t\t\t<\/div>\n\t\t\t\t<\/div>\n\t\t\t\t<\/div>\n\t\t\t\t<\/div>\n\t\t<div class=\"elementor-element elementor-element-ce1d51b e-con-full e-flex magic-button-disabled-no e-con e-child\" data-id=\"ce1d51b\" data-element_type=\"container\">\n\t\t<div class=\"elementor-element elementor-element-fdccca7 e-con-full e-flex magic-button-disabled-no e-con e-child\" data-id=\"fdccca7\" data-element_type=\"container\">\n\t\t\t\t<div class=\"elementor-element elementor-element-b387750 elementor-widget elementor-widget-heading\" data-id=\"b387750\" data-element_type=\"widget\" data-widget_type=\"heading.default\">\n\t\t\t\t<div class=\"elementor-widget-container\">\n\t\t\t\t\t<h3 class=\"elementor-heading-title elementor-size-default\"><a href=\"https:\/\/asset-mng.com\/investiciono-zlato\/cena-zlata-argor-heraeus\/\">Argor-Heraeus<\/a><\/h3>\t\t\t\t<\/div>\n\t\t\t\t<\/div>\n\t\t\t\t<\/div>\n\t\t<div class=\"elementor-element elementor-element-27e032d e-con-full e-flex magic-button-disabled-no e-con e-child\" data-id=\"27e032d\" data-element_type=\"container\" data-settings=\"{&quot;motion_fx_motion_fx_mouse&quot;:&quot;yes&quot;}\">\n\t\t\t\t<div class=\"elementor-element elementor-element-a2c46c6 elementor-widget-tablet__width-inherit elementor-widget__width-inherit rotatemob elementor-widget elementor-widget-text-editor\" data-id=\"a2c46c6\" data-element_type=\"widget\" data-widget_type=\"text-editor.default\">\n\t\t\t\t<div class=\"elementor-widget-container\">\n\t\t\t\t\t\t\t\t\t<div class=\"rotatemob\">\n<div class=\"card-inner\">\n<div class=\"card-front\"><a href=\"https:\/\/asset-mng.com\/investiciono-zlato\/cena-zlata-argor-heraeus\/\"><img fetchpriority=\"high\" decoding=\"async\" class=\"wp-image-6387 size-full aligncenter\" src=\"https:\/\/asset-mng.com\/investiciono-zlato\/wp-content\/uploads\/2025\/01\/Argor-Heraeus-100g-lice.jpeg\" alt=\"Argor-Heraeus-100g-lice\" width=\"256\" height=\"400\" srcset=\"https:\/\/asset-mng.com\/investiciono-zlato\/wp-content\/uploads\/2025\/01\/Argor-Heraeus-100g-lice.jpeg 256w, https:\/\/asset-mng.com\/investiciono-zlato\/wp-content\/uploads\/2025\/01\/Argor-Heraeus-100g-lice-192x300.jpeg 192w\" sizes=\"(max-width: 256px) 100vw, 256px\" \/><\/a><\/div>\n<div class=\"card-back\"><a href=\"https:\/\/asset-mng.com\/investiciono-zlato\/cena-zlata-argor-heraeus\/\"><img loading=\"lazy\" decoding=\"async\" class=\"alignnone wp-image-9116 size-full\" src=\"https:\/\/asset-mng.com\/investiciono-zlato\/wp-content\/uploads\/2025\/02\/Argor-Heraeus-100g-back.jpg\" alt=\"Argor-Heraeus-100g-back\" width=\"256\" height=\"400\" srcset=\"https:\/\/asset-mng.com\/investiciono-zlato\/wp-content\/uploads\/2025\/02\/Argor-Heraeus-100g-back.jpg 256w, https:\/\/asset-mng.com\/investiciono-zlato\/wp-content\/uploads\/2025\/02\/Argor-Heraeus-100g-back-192x300.jpg 192w\" sizes=\"(max-width: 256px) 100vw, 256px\" \/><\/a><\/div>\n<\/div>\n<\/div>\t\t\t\t\t\t\t\t<\/div>\n\t\t\t\t<\/div>\n\t\t\t\t<\/div>\n\t\t\t\t<\/div>\n\t\t<div class=\"elementor-element elementor-element-44041b8 e-con-full e-flex magic-button-disabled-no e-con e-child\" data-id=\"44041b8\" data-element_type=\"container\">\n\t\t<div class=\"elementor-element elementor-element-d040466 e-con-full e-flex magic-button-disabled-no e-con e-child\" data-id=\"d040466\" data-element_type=\"container\">\n\t\t\t\t<div class=\"elementor-element elementor-element-9fa0a41 elementor-widget elementor-widget-heading\" data-id=\"9fa0a41\" data-element_type=\"widget\" data-widget_type=\"heading.default\">\n\t\t\t\t<div class=\"elementor-widget-container\">\n\t\t\t\t\t<h3 class=\"elementor-heading-title elementor-size-default\"><a href=\"https:\/\/asset-mng.com\/investiciono-zlato\/igr\/\">IGR <\/a><\/h3>\t\t\t\t<\/div>\n\t\t\t\t<\/div>\n\t\t\t\t<\/div>\n\t\t<div class=\"elementor-element elementor-element-fe95cb6 e-con-full e-flex magic-button-disabled-no e-con e-child\" data-id=\"fe95cb6\" data-element_type=\"container\">\n\t\t\t\t<div class=\"elementor-element elementor-element-aaaeaf9 elementor-widget-tablet__width-inherit elementor-widget__width-inherit elementor-widget elementor-widget-text-editor\" data-id=\"aaaeaf9\" data-element_type=\"widget\" data-widget_type=\"text-editor.default\">\n\t\t\t\t<div class=\"elementor-widget-container\">\n\t\t\t\t\t\t\t\t\t<div class=\"rotatemob\">\n<div class=\"card-inner\">\n<div class=\"card-front\"><a href=\"https:\/\/asset-mng.com\/investiciono-zlato\/cena-zlata-igr\/\"><img loading=\"lazy\" decoding=\"async\" class=\"aligncenter wp-image-8504 size-full\" src=\"https:\/\/asset-mng.com\/investiciono-zlato\/wp-content\/uploads\/2025\/01\/investiciono.zlato-.100g.gold-.IGR-.jpg\" alt=\"investiciono.zlato.100g.gold.IGR\" width=\"256\" height=\"400\" srcset=\"https:\/\/asset-mng.com\/investiciono-zlato\/wp-content\/uploads\/2025\/01\/investiciono.zlato-.100g.gold-.IGR-.jpg 256w, https:\/\/asset-mng.com\/investiciono-zlato\/wp-content\/uploads\/2025\/01\/investiciono.zlato-.100g.gold-.IGR--192x300.jpg 192w\" sizes=\"(max-width: 256px) 100vw, 256px\" \/><\/a><\/div>\n<div class=\"card-back\"><a href=\"https:\/\/asset-mng.com\/investiciono-zlato\/cena-zlata-igr\/\"><img loading=\"lazy\" decoding=\"async\" class=\"alignnone wp-image-9107 size-full\" src=\"https:\/\/asset-mng.com\/investiciono-zlato\/wp-content\/uploads\/2025\/02\/investiciono.zlato-.100g.gold-back.png\" alt=\"investiciono.zlato-.100g.gold-back\" width=\"256\" height=\"400\" srcset=\"https:\/\/asset-mng.com\/investiciono-zlato\/wp-content\/uploads\/2025\/02\/investiciono.zlato-.100g.gold-back.png 256w, https:\/\/asset-mng.com\/investiciono-zlato\/wp-content\/uploads\/2025\/02\/investiciono.zlato-.100g.gold-back-192x300.png 192w\" sizes=\"(max-width: 256px) 100vw, 256px\" \/><\/a><\/div>\n<\/div>\n<\/div>\t\t\t\t\t\t\t\t<\/div>\n\t\t\t\t<\/div>\n\t\t\t\t<\/div>\n\t\t\t\t<\/div>\n\t\t<div class=\"elementor-element elementor-element-d25dd50 e-con-full e-flex magic-button-disabled-no e-con e-child\" data-id=\"d25dd50\" data-element_type=\"container\">\n\t\t<div class=\"elementor-element elementor-element-5e00e24 e-con-full e-flex magic-button-disabled-no e-con e-child\" data-id=\"5e00e24\" data-element_type=\"container\">\n\t\t\t\t<div class=\"elementor-element elementor-element-bc4fcc6 elementor-widget elementor-widget-heading\" data-id=\"bc4fcc6\" data-element_type=\"widget\" data-widget_type=\"heading.default\">\n\t\t\t\t<div class=\"elementor-widget-container\">\n\t\t\t\t\t<h3 class=\"elementor-heading-title elementor-size-default\"><a href=\"https:\/\/asset-mng.com\/investiciono-zlato\/munze-osterreich\/\">M\u00fcnze \u00d6sterreich<\/a><\/h3>\t\t\t\t<\/div>\n\t\t\t\t<\/div>\n\t\t\t\t<\/div>\n\t\t<div class=\"elementor-element elementor-element-d8b7767 e-con-full e-flex magic-button-disabled-no e-con e-child\" data-id=\"d8b7767\" data-element_type=\"container\" data-settings=\"{&quot;motion_fx_motion_fx_mouse&quot;:&quot;yes&quot;}\">\n\t\t\t\t<div class=\"elementor-element elementor-element-b68d66d elementor-widget-tablet__width-inherit elementor-widget__width-inherit dukatfranz elementor-widget elementor-widget-text-editor\" data-id=\"b68d66d\" data-element_type=\"widget\" data-widget_type=\"text-editor.default\">\n\t\t\t\t<div class=\"elementor-widget-container\">\n\t\t\t\t\t\t\t\t\t<div class=\"dukatfranz\">\n<div class=\"card-inner\">\n<div class=\"card-front\"><a href=\"https:\/\/asset-mng.com\/investiciono-zlato\/munze-osterreich\/\"><img loading=\"lazy\" decoding=\"async\" class=\"aligncenter wp-image-8504 size-full\" src=\"https:\/\/asset-mng.com\/investiciono-zlato\/wp-content\/uploads\/2025\/03\/Veliki-dukat-Franz-Jozef-300x300.jpg\" alt=\"Veliki-dukat-Franz-Jozef\" width=\"256\" height=\"400\" \/><\/a><\/div>\n<div class=\"card-back\"><a href=\"https:\/\/asset-mng.com\/investiciono-zlato\/munze-osterreich\/\"><img loading=\"lazy\" decoding=\"async\" class=\"alignnone wp-image-9107 size-full\" src=\"https:\/\/asset-mng.com\/investiciono-zlato\/wp-content\/uploads\/2025\/03\/Veliki-dukat-Franz-Jozef-2-300x300.jpg\" alt=\"Veliki-dukat-Franz-Jozef\" width=\"256\" height=\"400\" \/><\/a><\/div>\n<\/div>\n<\/div>\t\t\t\t\t\t\t\t<\/div>\n\t\t\t\t<\/div>\n\t\t\t\t<\/div>\n\t\t\t\t<\/div>\n\t\t\t\t\t<\/div>\n\t\t\t\t<\/div>\n\t\t<div class=\"elementor-element elementor-element-2fd22dd e-con-full elementor-hidden-mobile e-flex magic-button-disabled-no e-con e-parent\" data-id=\"2fd22dd\" data-element_type=\"container\">\n\t\t<div class=\"elementor-element elementor-element-f7718da e-con-full e-flex magic-button-disabled-no e-con e-child\" data-id=\"f7718da\" data-element_type=\"container\">\n\t\t<div class=\"elementor-element elementor-element-5f9fc59 e-con-full e-flex magic-button-disabled-no e-con e-child\" data-id=\"5f9fc59\" data-element_type=\"container\">\n\t\t\t\t<div class=\"elementor-element elementor-element-e800908 elementor-widget elementor-widget-heading\" data-id=\"e800908\" data-element_type=\"widget\" data-widget_type=\"heading.default\">\n\t\t\t\t<div class=\"elementor-widget-container\">\n\t\t\t\t\t<h3 class=\"elementor-heading-title elementor-size-default\"><a href=\"https:\/\/asset-mng.com\/investiciono-zlato\/cena-zlata-heimerle-meule\/\">Heimerle+Meule<\/a><\/h3>\t\t\t\t<\/div>\n\t\t\t\t<\/div>\n\t\t\t\t<\/div>\n\t\t<div class=\"elementor-element elementor-element-28b2e73 e-con-full e-flex magic-button-disabled-no e-con e-child\" data-id=\"28b2e73\" data-element_type=\"container\">\n\t\t<div class=\"elementor-element elementor-element-539a952 e-con-full e-flex magic-button-disabled-no e-con e-child\" data-id=\"539a952\" data-element_type=\"container\" data-settings=\"{&quot;motion_fx_motion_fx_mouse&quot;:&quot;yes&quot;}\">\n\t\t\t\t<div class=\"elementor-element elementor-element-ecc5d8d elementor-widget-tablet__width-inherit elementor-widget__width-inherit elementor-widget elementor-widget-text-editor\" data-id=\"ecc5d8d\" data-element_type=\"widget\" data-widget_type=\"text-editor.default\">\n\t\t\t\t<div class=\"elementor-widget-container\">\n\t\t\t\t\t\t\t\t\t<div class=\"card\"><div class=\"card-inner\" style=\"text-align: center;\"><div class=\"card-front\"><a href=\"https:\/\/asset-mng.com\/investiciono-zlato\/cena-zlata-heimerle-meule\/\"><img loading=\"lazy\" decoding=\"async\" class=\"alignnone wp-image-7800 size-full\" src=\"https:\/\/asset-mng.com\/investiciono-zlato\/wp-content\/uploads\/2025\/01\/HeimerleMeule-100g-lice-1.jpg\" alt=\"HeimerleMeule-100g-lice\" width=\"256\" height=\"400\" srcset=\"https:\/\/asset-mng.com\/investiciono-zlato\/wp-content\/uploads\/2025\/01\/HeimerleMeule-100g-lice-1.jpg 256w, https:\/\/asset-mng.com\/investiciono-zlato\/wp-content\/uploads\/2025\/01\/HeimerleMeule-100g-lice-1-192x300.jpg 192w\" sizes=\"(max-width: 256px) 100vw, 256px\" \/><\/a><\/div><div class=\"card-back\"><a href=\"https:\/\/asset-mng.com\/investiciono-zlato\/cena-zlata-heimerle-meule\/\"><img loading=\"lazy\" decoding=\"async\" class=\"alignnone wp-image-7801 size-full\" src=\"https:\/\/asset-mng.com\/investiciono-zlato\/wp-content\/uploads\/2025\/01\/HeimerleMeule-100g-nalicje-1.jpg\" alt=\"HeimerleMeule-100g-nalicje\" width=\"256\" height=\"400\" srcset=\"https:\/\/asset-mng.com\/investiciono-zlato\/wp-content\/uploads\/2025\/01\/HeimerleMeule-100g-nalicje-1.jpg 256w, https:\/\/asset-mng.com\/investiciono-zlato\/wp-content\/uploads\/2025\/01\/HeimerleMeule-100g-nalicje-1-192x300.jpg 192w\" sizes=\"(max-width: 256px) 100vw, 256px\" \/><\/a><\/div><\/div><\/div>\t\t\t\t\t\t\t\t<\/div>\n\t\t\t\t<\/div>\n\t\t\t\t<\/div>\n\t\t\t\t<\/div>\n\t\t\t\t<\/div>\n\t\t<div class=\"elementor-element elementor-element-3bab324 e-con-full e-flex magic-button-disabled-no e-con e-child\" data-id=\"3bab324\" data-element_type=\"container\">\n\t\t<div class=\"elementor-element elementor-element-f224f1d e-con-full e-flex magic-button-disabled-no e-con e-child\" data-id=\"f224f1d\" data-element_type=\"container\">\n\t\t\t\t<div class=\"elementor-element elementor-element-f93d3a6 elementor-widget elementor-widget-heading\" data-id=\"f93d3a6\" data-element_type=\"widget\" data-widget_type=\"heading.default\">\n\t\t\t\t<div class=\"elementor-widget-container\">\n\t\t\t\t\t<h3 class=\"elementor-heading-title elementor-size-default\"><a href=\"https:\/\/asset-mng.com\/investiciono-zlato\/cena-zlata-argor-heraeus\/\">Argor-Heraeus<\/a><\/h3>\t\t\t\t<\/div>\n\t\t\t\t<\/div>\n\t\t\t\t<\/div>\n\t\t<div class=\"elementor-element elementor-element-119cc63 e-con-full e-flex magic-button-disabled-no e-con e-child\" data-id=\"119cc63\" data-element_type=\"container\">\n\t\t<div class=\"elementor-element elementor-element-0b9c45c e-con-full e-flex magic-button-disabled-no e-con e-child\" data-id=\"0b9c45c\" data-element_type=\"container\">\n\t\t\t\t<div class=\"elementor-element elementor-element-49b28cc elementor-widget-tablet__width-inherit elementor-widget__width-inherit elementor-widget elementor-widget-text-editor\" data-id=\"49b28cc\" data-element_type=\"widget\" data-widget_type=\"text-editor.default\">\n\t\t\t\t<div class=\"elementor-widget-container\">\n\t\t\t\t\t\t\t\t\t<div class=\"card\">\n  <div class=\"card-inner\">\n    <div class=\"card-front\">\n      <a href=\"https:\/\/asset-mng.com\/investiciono-zlato\/cena-zlata-argor-heraeus\/\">\n        <img decoding=\"async\" class=\"card-img\" src=\"https:\/\/asset-mng.com\/investiciono-zlato\/wp-content\/uploads\/2025\/01\/Argor-Heraeus-100g-lice.jpeg\" alt=\"Argor-Heraeus-100g-lice\">\n      <\/a>\n    <\/div>\n    <div class=\"card-back\">\n      <a href=\"https:\/\/asset-mng.com\/investiciono-zlato\/cena-zlata-argor-heraeus\/\">\n        <img decoding=\"async\" class=\"card-img\" src=\"https:\/\/asset-mng.com\/investiciono-zlato\/wp-content\/uploads\/2025\/02\/Argor-Heraeus-100g-back.jpg\" alt=\"Argor-Heraeus-100g-back\">\n      <\/a>\n    <\/div>\n  <\/div>\n<\/div>\n\t\t\t\t\t\t\t\t<\/div>\n\t\t\t\t<\/div>\n\t\t\t\t<\/div>\n\t\t\t\t<\/div>\n\t\t\t\t<\/div>\n\t\t<div class=\"elementor-element elementor-element-88d486f e-con-full e-flex magic-button-disabled-no e-con e-child\" data-id=\"88d486f\" data-element_type=\"container\">\n\t\t<div class=\"elementor-element elementor-element-1ec646a e-con-full e-flex magic-button-disabled-no e-con e-child\" data-id=\"1ec646a\" data-element_type=\"container\">\n\t\t\t\t<div class=\"elementor-element elementor-element-7ab189d elementor-widget elementor-widget-heading\" data-id=\"7ab189d\" data-element_type=\"widget\" data-widget_type=\"heading.default\">\n\t\t\t\t<div class=\"elementor-widget-container\">\n\t\t\t\t\t<h3 class=\"elementor-heading-title elementor-size-default\"><a href=\"https:\/\/asset-mng.com\/investiciono-zlato\/igr\/\">IGR <\/a><\/h3>\t\t\t\t<\/div>\n\t\t\t\t<\/div>\n\t\t\t\t<\/div>\n\t\t<div class=\"elementor-element elementor-element-97ce1fe e-con-full e-flex magic-button-disabled-no e-con e-child\" data-id=\"97ce1fe\" data-element_type=\"container\">\n\t\t<div class=\"elementor-element elementor-element-de8f6a6 e-con-full e-flex magic-button-disabled-no e-con e-child\" data-id=\"de8f6a6\" data-element_type=\"container\">\n\t\t\t\t<div class=\"elementor-element elementor-element-d801c47 elementor-widget-tablet__width-inherit elementor-widget__width-inherit elementor-widget elementor-widget-text-editor\" data-id=\"d801c47\" data-element_type=\"widget\" data-widget_type=\"text-editor.default\">\n\t\t\t\t<div class=\"elementor-widget-container\">\n\t\t\t\t\t\t\t\t\t<div class=\"card\">\n  <div class=\"card-inner\">\n    <div class=\"card-front\">\n      <a href=\"https:\/\/asset-mng.com\/investiciono-zlato\/cena-zlata-igr\/\">\n        <img decoding=\"async\" class=\"card-img\" src=\"https:\/\/asset-mng.com\/investiciono-zlato\/wp-content\/uploads\/2025\/01\/investiciono.zlato-.100g.gold-.IGR-.jpg\" alt=\"investiciono.zlato.100g.gold.IGR\">\n      <\/a>\n    <\/div>\n    <div class=\"card-back\">\n      <a href=\"https:\/\/asset-mng.com\/investiciono-zlato\/cena-zlata-igr\/\">\n        <img decoding=\"async\" class=\"card-img\" src=\"https:\/\/asset-mng.com\/investiciono-zlato\/wp-content\/uploads\/2025\/02\/investiciono.zlato-.100g.gold-back.png\" alt=\"investiciono.zlato-.100g.gold-back\">\n      <\/a>\n    <\/div>\n  <\/div>\n<\/div>\n\t\t\t\t\t\t\t\t<\/div>\n\t\t\t\t<\/div>\n\t\t\t\t<\/div>\n\t\t\t\t<\/div>\n\t\t\t\t<\/div>\n\t\t<div class=\"elementor-element elementor-element-8480c21 e-con-full e-flex magic-button-disabled-no e-con e-child\" data-id=\"8480c21\" data-element_type=\"container\">\n\t\t<div class=\"elementor-element elementor-element-6d136e6 e-con-full e-flex magic-button-disabled-no e-con e-child\" data-id=\"6d136e6\" data-element_type=\"container\">\n\t\t\t\t<div class=\"elementor-element elementor-element-023239d elementor-widget elementor-widget-heading\" data-id=\"023239d\" data-element_type=\"widget\" data-widget_type=\"heading.default\">\n\t\t\t\t<div class=\"elementor-widget-container\">\n\t\t\t\t\t<h3 class=\"elementor-heading-title elementor-size-default\"><a href=\"https:\/\/asset-mng.com\/investiciono-zlato\/munze-osterreich\/\">M\u00fcnze \u00d6sterreich<\/a><\/h3>\t\t\t\t<\/div>\n\t\t\t\t<\/div>\n\t\t\t\t<\/div>\n\t\t<div class=\"elementor-element elementor-element-ac391b8 e-con-full e-flex magic-button-disabled-no e-con e-child\" data-id=\"ac391b8\" data-element_type=\"container\">\n\t\t<div class=\"elementor-element elementor-element-3d28532 e-con-full e-flex magic-button-disabled-no e-con e-child\" data-id=\"3d28532\" data-element_type=\"container\">\n\t\t\t\t<div class=\"elementor-element elementor-element-b9c05e5 elementor-widget-tablet__width-inherit elementor-widget__width-inherit elementor-widget elementor-widget-text-editor\" data-id=\"b9c05e5\" data-element_type=\"widget\" data-widget_type=\"text-editor.default\">\n\t\t\t\t<div class=\"elementor-widget-container\">\n\t\t\t\t\t\t\t\t\t<div class=\"card\">\n<div class=\"card-inner\">\n<div class=\"card-front\"><a href=\"https:\/\/asset-mng.com\/investiciono-zlato\/munze-osterreich\/\"><img loading=\"lazy\" decoding=\"async\" class=\"aligncenter wp-image-8504 size-full\" src=\"https:\/\/asset-mng.com\/investiciono-zlato\/wp-content\/uploads\/2025\/03\/Veliki-dukat-Franz-Jozef-300x300.jpg\" alt=\"Veliki-dukat-Franz-Jozef\" width=\"256\" height=\"400\" \/><\/a><\/div>\n<div class=\"card-back\"><a href=\"https:\/\/asset-mng.com\/investiciono-zlato\/munze-osterreich\/\"><img loading=\"lazy\" decoding=\"async\" class=\"alignnone wp-image-9107 size-full\" src=\"https:\/\/asset-mng.com\/investiciono-zlato\/wp-content\/uploads\/2025\/03\/Veliki-dukat-Franz-Jozef-2-300x300.jpg\" alt=\"Veliki-dukat-Franz-Jozef\" width=\"256\" height=\"400\" \/><\/a><\/div>\n<\/div>\n<\/div>\t\t\t\t\t\t\t\t<\/div>\n\t\t\t\t<\/div>\n\t\t\t\t<\/div>\n\t\t\t\t<\/div>\n\t\t\t\t<\/div>\n\t\t\t\t<\/div>\n\t\t<div class=\"elementor-element elementor-element-6374677 e-flex e-con-boxed magic-button-disabled-no e-con e-parent\" data-id=\"6374677\" data-element_type=\"container\">\n\t\t\t\t\t<div class=\"e-con-inner\">\n\t\t\t\t<div class=\"elementor-element elementor-element-a39b0eb elementor-hidden-tablet elementor-hidden-mobile elementor-widget-divider--view-line elementor-widget elementor-widget-divider\" data-id=\"a39b0eb\" data-element_type=\"widget\" data-widget_type=\"divider.default\">\n\t\t\t\t<div class=\"elementor-widget-container\">\n\t\t\t\t\t\t\t<div class=\"elementor-divider\">\n\t\t\t<span class=\"elementor-divider-separator\">\n\t\t\t\t\t\t<\/span>\n\t\t<\/div>\n\t\t\t\t\t\t<\/div>\n\t\t\t\t<\/div>\n\t\t\t\t\t<\/div>\n\t\t\t\t<\/div>\n\t\t<div class=\"elementor-element elementor-element-6c582b8 e-flex e-con-boxed magic-button-disabled-no e-con e-parent\" data-id=\"6c582b8\" data-element_type=\"container\">\n\t\t\t\t\t<div class=\"e-con-inner\">\n\t\t\t\t<div class=\"elementor-element elementor-element-c36bf5a elementor-widget elementor-widget-html\" data-id=\"c36bf5a\" data-element_type=\"widget\" data-widget_type=\"html.default\">\n\t\t\t\t<div class=\"elementor-widget-container\">\n\t\t\t\t\t<script>\r\ndocument.addEventListener('DOMContentLoaded', function() {\r\n  const cardInners = document.querySelectorAll('.card-inner');\r\n  cardInners.forEach(cardInner => {\r\n    cardInner.addEventListener('click', () => {\r\n      cardInner.classList.toggle('pause-animation');\r\n    });\r\n  });\r\n});\r\n<\/script>\t\t\t\t<\/div>\n\t\t\t\t<\/div>\n\t\t\t\t\t<\/div>\n\t\t\t\t<\/div>\n\t\t\t\t<\/div>\n\t\t","protected":false},"excerpt":{"rendered":"<p>Heimerle+Meule Argor-Heraeus IGR M\u00fcnze \u00d6sterreich Heimerle+Meule Argor-Heraeus IGR M\u00fcnze \u00d6sterreich<\/p>\n","protected":false},"author":1,"featured_media":0,"parent":0,"menu_order":0,"comment_status":"closed","ping_status":"closed","template":"elementor_header_footer","meta":{"footnotes":""},"class_list":["post-9092","page","type-page","status-publish","hentry"],"_links":{"self":[{"href":"https:\/\/asset-mng.com\/investiciono-zlato\/wp-json\/wp\/v2\/pages\/9092","targetHints":{"allow":["GET"]}}],"collection":[{"href":"https:\/\/asset-mng.com\/investiciono-zlato\/wp-json\/wp\/v2\/pages"}],"about":[{"href":"https:\/\/asset-mng.com\/investiciono-zlato\/wp-json\/wp\/v2\/types\/page"}],"author":[{"embeddable":true,"href":"https:\/\/asset-mng.com\/investiciono-zlato\/wp-json\/wp\/v2\/users\/1"}],"replies":[{"embeddable":true,"href":"https:\/\/asset-mng.com\/investiciono-zlato\/wp-json\/wp\/v2\/comments?post=9092"}],"version-history":[{"count":125,"href":"https:\/\/asset-mng.com\/investiciono-zlato\/wp-json\/wp\/v2\/pages\/9092\/revisions"}],"predecessor-version":[{"id":11533,"href":"https:\/\/asset-mng.com\/investiciono-zlato\/wp-json\/wp\/v2\/pages\/9092\/revisions\/11533"}],"wp:attachment":[{"href":"https:\/\/asset-mng.com\/investiciono-zlato\/wp-json\/wp\/v2\/media?parent=9092"}],"curies":[{"name":"wp","href":"https:\/\/api.w.org\/{rel}","templated":true}]}}