{"id":10834,"date":"2025-03-06T15:48:16","date_gmt":"2025-03-06T15:48:16","guid":{"rendered":"https:\/\/asset-mng.com\/investiciono-zlato\/?post_type=product&#038;p=10834"},"modified":"2025-06-20T15:34:14","modified_gmt":"2025-06-20T15:34:14","slug":"veliki-dukat-franz-jozef","status":"publish","type":"product","link":"https:\/\/asset-mng.com\/investiciono-zlato\/product\/veliki-dukat-franz-jozef\/","title":{"rendered":"Veliki dukat Franz Jozef"},"content":{"rendered":"\t\t<div data-elementor-type=\"product-post\" data-elementor-id=\"10834\" class=\"elementor elementor-10834\" data-elementor-post-type=\"product\">\n\t\t\t\t<div class=\"elementor-element elementor-element-e0e5c96 e-flex e-con-boxed magic-button-disabled-no e-con e-parent\" data-id=\"e0e5c96\" data-element_type=\"container\">\n\t\t\t\t\t<div class=\"e-con-inner\">\n\t\t\t\t<div class=\"elementor-element elementor-element-d69b29f elementor-widget elementor-widget-text-editor\" data-id=\"d69b29f\" data-element_type=\"widget\" data-widget_type=\"text-editor.default\">\n\t\t\t\t<div class=\"elementor-widget-container\">\n\t\t\t\t\t\t\t\t\t<div class=\"\"><div class=\"px-md md:px-lg min-h-[var(--page-content-height)] border-borderMain\/50 ring-borderMain\/50 divide-borderMain\/50 dark:divide-borderMainDark\/50  dark:ring-borderMainDark\/50 dark:border-borderMainDark\/50 bg-transparent\"><div class=\"gap-xl max-w-threadWidth mx-auto grid-cols-12 md:grid\"><div class=\"pt-md isolate col-span-8 will-change-auto\"><div class=\"pb-32 sm:pb-36\"><div class=\"gap-y-sm flex flex-col\"><div class=\"border-borderMain\/50 ring-borderMain\/50 divide-borderMain\/50 dark:divide-borderMainDark\/50  dark:ring-borderMainDark\/50 dark:border-borderMainDark\/50 bg-transparent\"><div class=\"mb-md mt-6 first:mt-0\"><div class=\"relative default font-sans text-base text-textMain dark:text-textMainDark selection:bg-super\/50 selection:text-textMain dark:selection:bg-superDuper\/10 dark:selection:text-superDark\"><div class=\"min-w-0 break-words [word-break:break-word]\"><div id=\"markdown-content-1\" dir=\"auto\"><div class=\"relative\"><div class=\"prose text-pretty dark:prose-invert inline leading-normal break-words min-w-0 [word-break:break-word]\"><p class=\"my-0\">Dukat Franc Jozef, poznat i kao \u010detvorostruki dukat, te\u017eak je 13.96 grama i sadr\u017ei 98.6% \u010distog zlata, \u0161to ga \u010dini izuzetno vrednim za investicije. Na prednjoj strani prikazan je lik cara Franca Josifa I, dok se na pole\u0111ini nalazi grb Austro-Ugarske s dvoglavim orlom.<\/p><p class=\"my-0\">Ovaj dukat proizvodi rafinerija M\u00fcnze \u00d6sterreich, koja je poznata po visokom kvalitetu svojih zlatnika. Veliki dukat \u010desto se poklanja prilikom va\u017enih \u017eivotnih doga\u0111aja, poput ven\u010danja ili kr\u0161tenja, a njegova tradicija i prepoznatljivost doprinose njegovoj popularnosti u regionu.<\/p><\/div><\/div><\/div><\/div><\/div><\/div><\/div><\/div><\/div><\/div><\/div><\/div><\/div><p>\u00a0<\/p>\t\t\t\t\t\t\t\t<\/div>\n\t\t\t\t<\/div>\n\t\t\t\t\t<\/div>\n\t\t\t\t<\/div>\n\t\t\t\t<\/div>\n\t\t","protected":false},"excerpt":{"rendered":"<p>Dukat Franc Jozef, poznat i kao \u010detvorostruki dukat, te\u017eak je 13.96 grama i sadr\u017ei 98.6% \u010distog zlata, \u0161to ga \u010dini izuzetno vrednim za investicije. Na prednjoj strani prikazan je lik cara Franca Josifa I, dok se na pole\u0111ini nalazi grb Austro-Ugarske s dvoglavim orlom. Ovaj dukat proizvodi rafinerija M\u00fcnze \u00d6sterreich, koja je poznata po visokom [&hellip;]<\/p>\n","protected":false},"featured_media":10785,"comment_status":"open","ping_status":"closed","template":"","meta":[],"product_brand":[],"product_cat":[70],"product_tag":[],"class_list":{"0":"post-10834","1":"product","2":"type-product","3":"status-publish","4":"has-post-thumbnail","6":"product_cat-dukati","8":"first","9":"instock","10":"shipping-taxable","11":"purchasable","12":"product-type-simple"},"_links":{"self":[{"href":"https:\/\/asset-mng.com\/investiciono-zlato\/wp-json\/wp\/v2\/product\/10834","targetHints":{"allow":["GET"]}}],"collection":[{"href":"https:\/\/asset-mng.com\/investiciono-zlato\/wp-json\/wp\/v2\/product"}],"about":[{"href":"https:\/\/asset-mng.com\/investiciono-zlato\/wp-json\/wp\/v2\/types\/product"}],"replies":[{"embeddable":true,"href":"https:\/\/asset-mng.com\/investiciono-zlato\/wp-json\/wp\/v2\/comments?post=10834"}],"version-history":[{"count":5,"href":"https:\/\/asset-mng.com\/investiciono-zlato\/wp-json\/wp\/v2\/product\/10834\/revisions"}],"predecessor-version":[{"id":11329,"href":"https:\/\/asset-mng.com\/investiciono-zlato\/wp-json\/wp\/v2\/product\/10834\/revisions\/11329"}],"wp:featuredmedia":[{"embeddable":true,"href":"https:\/\/asset-mng.com\/investiciono-zlato\/wp-json\/wp\/v2\/media\/10785"}],"wp:attachment":[{"href":"https:\/\/asset-mng.com\/investiciono-zlato\/wp-json\/wp\/v2\/media?parent=10834"}],"wp:term":[{"taxonomy":"product_brand","embeddable":true,"href":"https:\/\/asset-mng.com\/investiciono-zlato\/wp-json\/wp\/v2\/product_brand?post=10834"},{"taxonomy":"product_cat","embeddable":true,"href":"https:\/\/asset-mng.com\/investiciono-zlato\/wp-json\/wp\/v2\/product_cat?post=10834"},{"taxonomy":"product_tag","embeddable":true,"href":"https:\/\/asset-mng.com\/investiciono-zlato\/wp-json\/wp\/v2\/product_tag?post=10834"}],"curies":[{"name":"wp","href":"https:\/\/api.w.org\/{rel}","templated":true}]}}