{"id":10861,"date":"2025-03-12T11:42:41","date_gmt":"2025-03-12T11:42:41","guid":{"rendered":"https:\/\/asset-mng.com\/investiciono-zlato\/?post_type=product&#038;p=10861"},"modified":"2025-08-14T09:32:32","modified_gmt":"2025-08-14T09:32:32","slug":"dukat-becki-filharmoniker-1-4-oz-778g","status":"publish","type":"product","link":"https:\/\/asset-mng.com\/investiciono-zlato\/product\/dukat-becki-filharmoniker-1-4-oz-778g\/","title":{"rendered":"Dukat Be\u010dki Filharmoniker 1\/4 Oz (7,78g)"},"content":{"rendered":"\t\t<div data-elementor-type=\"product-post\" data-elementor-id=\"10861\" class=\"elementor elementor-10861\" data-elementor-post-type=\"product\">\n\t\t\t\t<div class=\"elementor-element elementor-element-e0e5c96 e-flex e-con-boxed magic-button-disabled-no e-con e-parent\" data-id=\"e0e5c96\" data-element_type=\"container\">\n\t\t\t\t\t<div class=\"e-con-inner\">\n\t\t\t\t<div class=\"elementor-element elementor-element-d69b29f elementor-widget elementor-widget-text-editor\" data-id=\"d69b29f\" data-element_type=\"widget\" data-widget_type=\"text-editor.default\">\n\t\t\t\t<div class=\"elementor-widget-container\">\n\t\t\t\t\t\t\t\t\t<p class=\"my-0\">Zlatni dukat Be\u010dki Filharmoniker je presti\u017ena zlatna investiciona kovanica. Izra\u0111ena je od zlata visoke \u010disto\u0107e 99,99%, sa te\u017einom od 1\/4 trojske unce (7,78 grama). Na prednjoj strani nalazi se detaljan prikaz zlatnih orgulja Koncertne dvorane u Be\u010du, dok je na pole\u0111ini prikaz muzi\u010dkih instrumenata koje koristi Be\u010dki filharmonijski orkestar, kao \u0161to su harfa, fagot, be\u010dki rog, violon\u010delo i violine.<\/p><p class=\"my-0\">Ovaj dukat proizvodi rafinerija M\u00fcnze \u00d6sterreich, koja je poznata po visokom kvalitetu svojih zlatnika. Dukat \u010desto se poklanja prilikom va\u017enih \u017eivotnih doga\u0111aja, poput ven\u010danja ili kr\u0161tenja, a njegova tradicija i prepoznatljivost doprinose njegovoj popularnosti u regionu.<\/p>\t\t\t\t\t\t\t\t<\/div>\n\t\t\t\t<\/div>\n\t\t\t\t\t<\/div>\n\t\t\t\t<\/div>\n\t\t\t\t<\/div>\n\t\t","protected":false},"excerpt":{"rendered":"<p>Zlatni dukat Be\u010dki Filharmoniker je presti\u017ena zlatna investiciona kovanica. Izra\u0111ena je od zlata visoke \u010disto\u0107e 99,99%, sa te\u017einom od 1\/4 trojske unce (7,78 grama). Na prednjoj strani nalazi se detaljan prikaz zlatnih orgulja Koncertne dvorane u Be\u010du, dok je na pole\u0111ini prikaz muzi\u010dkih instrumenata koje koristi Be\u010dki filharmonijski orkestar, kao \u0161to su harfa, fagot, be\u010dki [&hellip;]<\/p>\n","protected":false},"featured_media":10791,"comment_status":"open","ping_status":"closed","template":"","meta":[],"product_brand":[],"product_cat":[70],"product_tag":[],"class_list":{"0":"post-10861","1":"product","2":"type-product","3":"status-publish","4":"has-post-thumbnail","6":"product_cat-dukati","8":"first","9":"instock","10":"shipping-taxable","11":"purchasable","12":"product-type-simple"},"_links":{"self":[{"href":"https:\/\/asset-mng.com\/investiciono-zlato\/wp-json\/wp\/v2\/product\/10861","targetHints":{"allow":["GET"]}}],"collection":[{"href":"https:\/\/asset-mng.com\/investiciono-zlato\/wp-json\/wp\/v2\/product"}],"about":[{"href":"https:\/\/asset-mng.com\/investiciono-zlato\/wp-json\/wp\/v2\/types\/product"}],"replies":[{"embeddable":true,"href":"https:\/\/asset-mng.com\/investiciono-zlato\/wp-json\/wp\/v2\/comments?post=10861"}],"version-history":[{"count":11,"href":"https:\/\/asset-mng.com\/investiciono-zlato\/wp-json\/wp\/v2\/product\/10861\/revisions"}],"predecessor-version":[{"id":11502,"href":"https:\/\/asset-mng.com\/investiciono-zlato\/wp-json\/wp\/v2\/product\/10861\/revisions\/11502"}],"wp:featuredmedia":[{"embeddable":true,"href":"https:\/\/asset-mng.com\/investiciono-zlato\/wp-json\/wp\/v2\/media\/10791"}],"wp:attachment":[{"href":"https:\/\/asset-mng.com\/investiciono-zlato\/wp-json\/wp\/v2\/media?parent=10861"}],"wp:term":[{"taxonomy":"product_brand","embeddable":true,"href":"https:\/\/asset-mng.com\/investiciono-zlato\/wp-json\/wp\/v2\/product_brand?post=10861"},{"taxonomy":"product_cat","embeddable":true,"href":"https:\/\/asset-mng.com\/investiciono-zlato\/wp-json\/wp\/v2\/product_cat?post=10861"},{"taxonomy":"product_tag","embeddable":true,"href":"https:\/\/asset-mng.com\/investiciono-zlato\/wp-json\/wp\/v2\/product_tag?post=10861"}],"curies":[{"name":"wp","href":"https:\/\/api.w.org\/{rel}","templated":true}]}}