{"id":6238,"date":"2025-01-16T15:01:41","date_gmt":"2025-01-16T15:01:41","guid":{"rendered":"https:\/\/asset-mng.com\/?post_type=product&#038;p=6238"},"modified":"2025-06-20T15:38:08","modified_gmt":"2025-06-20T15:38:08","slug":"argor-heraeus-100g","status":"publish","type":"product","link":"https:\/\/asset-mng.com\/investiciono-zlato\/product\/argor-heraeus-100g\/","title":{"rendered":"Argor Heraeus 100g"},"content":{"rendered":"\t\t<div data-elementor-type=\"product-post\" data-elementor-id=\"6238\" class=\"elementor elementor-6238\" data-elementor-post-type=\"product\">\n\t\t\t\t<div class=\"elementor-element elementor-element-4818992 e-flex e-con-boxed magic-button-disabled-no e-con e-parent\" data-id=\"4818992\" data-element_type=\"container\">\n\t\t\t\t\t<div class=\"e-con-inner\">\n\t\t\t\t<div class=\"elementor-element elementor-element-f9dd0be elementor-widget elementor-widget-text-editor\" data-id=\"f9dd0be\" data-element_type=\"widget\" data-widget_type=\"text-editor.default\">\n\t\t\t\t<div class=\"elementor-widget-container\">\n\t\t\t\t\t\t\t\t\t<p>Argor-Heraeus je renomirana rafinerija zlata sa dugom tradicijom i zna\u010dajnim ugledom u industriji plemenitih metala. Osnovana 1951. godine u \u0160vajcarskoj, kompanija je postala sinonim za kvalitet i pouzdanost. Kao \u010dlan Londonskog udru\u017eenja u\u010desnika na tr\u017ei\u0161tu plemenitih metala (LBMA), Argor-Heraeus se pridr\u017eava najstro\u017eih standarda u proizvodnji i trgovini zlatom, \u0161to dodatno osna\u017euje poverenje klijenata. Njihovi proizvodi, uklju\u010duju\u0107i zlatne poluge i kovanice, imaju visoku \u010disto\u0107u od 999\/1000, a svaka poluga dolazi sa sertifikatom autenti\u010dnosti koji garantuje kvalitet.<\/p><p>LBMA sertifikat: <em><span style=\"text-decoration: underline;\"><a href=\"https:\/\/cdn.lbma.org.uk\/gdl-downloads\/Argor-Heraeus-FY2023-RGG-cert.pdf\">Pogledajte<\/a><\/span><\/em><\/p>\t\t\t\t\t\t\t\t<\/div>\n\t\t\t\t<\/div>\n\t\t\t\t\t<\/div>\n\t\t\t\t<\/div>\n\t\t\t\t<\/div>\n\t\t","protected":false},"excerpt":{"rendered":"<p>Argor-Heraeus je renomirana rafinerija zlata sa dugom tradicijom i zna\u010dajnim ugledom u industriji plemenitih metala. Osnovana 1951. godine u \u0160vajcarskoj, kompanija je postala sinonim za kvalitet i pouzdanost. Kao \u010dlan Londonskog udru\u017eenja u\u010desnika na tr\u017ei\u0161tu plemenitih metala (LBMA), Argor-Heraeus se pridr\u017eava najstro\u017eih standarda u proizvodnji i trgovini zlatom, \u0161to dodatno osna\u017euje poverenje klijenata. Njihovi proizvodi, [&hellip;]<\/p>\n","protected":false},"featured_media":6239,"comment_status":"open","ping_status":"closed","template":"","meta":[],"product_brand":[],"product_cat":[62],"product_tag":[],"class_list":{"0":"post-6238","1":"product","2":"type-product","3":"status-publish","4":"has-post-thumbnail","6":"product_cat-argor-heraeus","8":"first","9":"instock","10":"shipping-taxable","11":"purchasable","12":"product-type-simple"},"_links":{"self":[{"href":"https:\/\/asset-mng.com\/investiciono-zlato\/wp-json\/wp\/v2\/product\/6238","targetHints":{"allow":["GET"]}}],"collection":[{"href":"https:\/\/asset-mng.com\/investiciono-zlato\/wp-json\/wp\/v2\/product"}],"about":[{"href":"https:\/\/asset-mng.com\/investiciono-zlato\/wp-json\/wp\/v2\/types\/product"}],"replies":[{"embeddable":true,"href":"https:\/\/asset-mng.com\/investiciono-zlato\/wp-json\/wp\/v2\/comments?post=6238"}],"version-history":[{"count":8,"href":"https:\/\/asset-mng.com\/investiciono-zlato\/wp-json\/wp\/v2\/product\/6238\/revisions"}],"predecessor-version":[{"id":11318,"href":"https:\/\/asset-mng.com\/investiciono-zlato\/wp-json\/wp\/v2\/product\/6238\/revisions\/11318"}],"wp:featuredmedia":[{"embeddable":true,"href":"https:\/\/asset-mng.com\/investiciono-zlato\/wp-json\/wp\/v2\/media\/6239"}],"wp:attachment":[{"href":"https:\/\/asset-mng.com\/investiciono-zlato\/wp-json\/wp\/v2\/media?parent=6238"}],"wp:term":[{"taxonomy":"product_brand","embeddable":true,"href":"https:\/\/asset-mng.com\/investiciono-zlato\/wp-json\/wp\/v2\/product_brand?post=6238"},{"taxonomy":"product_cat","embeddable":true,"href":"https:\/\/asset-mng.com\/investiciono-zlato\/wp-json\/wp\/v2\/product_cat?post=6238"},{"taxonomy":"product_tag","embeddable":true,"href":"https:\/\/asset-mng.com\/investiciono-zlato\/wp-json\/wp\/v2\/product_tag?post=6238"}],"curies":[{"name":"wp","href":"https:\/\/api.w.org\/{rel}","templated":true}]}}