{"id":6246,"date":"2025-01-16T15:06:27","date_gmt":"2025-01-16T15:06:27","guid":{"rendered":"https:\/\/asset-mng.com\/?post_type=product&#038;p=6246"},"modified":"2025-06-20T15:36:35","modified_gmt":"2025-06-20T15:36:35","slug":"heimerle-meule-5g","status":"publish","type":"product","link":"https:\/\/asset-mng.com\/investiciono-zlato\/product\/heimerle-meule-5g\/","title":{"rendered":"HEIMERLE+MEULE 5g"},"content":{"rendered":"\t\t<div data-elementor-type=\"product-post\" data-elementor-id=\"6246\" class=\"elementor elementor-6246\" data-elementor-post-type=\"product\">\n\t\t\t\t<div class=\"elementor-element elementor-element-2b3c033 e-flex e-con-boxed magic-button-disabled-no e-con e-parent\" data-id=\"2b3c033\" data-element_type=\"container\">\n\t\t\t\t\t<div class=\"e-con-inner\">\n\t\t\t\t<div class=\"elementor-element elementor-element-3971e7e elementor-widget elementor-widget-text-editor\" data-id=\"3971e7e\" data-element_type=\"widget\" data-widget_type=\"text-editor.default\">\n\t\t\t\t<div class=\"elementor-widget-container\">\n\t\t\t\t\t\t\t\t\t<p>Heimerle + Meule je najstarija nema\u010dka rafinerija zlata i srebra, osnovana 1845. godine u Pforzheimu, gradu poznatom po svojoj tradiciji u industriji plemenitih metala. Ova rafinerija se ponosi dugom istorijom i reputacijom kao vode\u0107i proizvo\u0111a\u010d investicionog zlata u Evropi. Heimerle + Meule je \u010dlan Londonskog udru\u017eenja u\u010desnika na tr\u017ei\u0161tu plemenitih metala (LBMA), \u0161to potvr\u0111uje njenu posve\u0107enost visokim standardima kvaliteta. Njihovi proizvodi, uklju\u010duju\u0107i zlatne poluge, imaju \u010disto\u0107u od\u00a0999\/1000, \u0161to ih \u010dini izuzetno pogodnim za investitore koji tra\u017ee sigurnu i likvidnu imovinu.<\/p><p>LBMA setifikat: <em><span style=\"text-decoration: underline;\"><a href=\"https:\/\/cdn.lbma.org.uk\/gdl-downloads\/HM-FY2023-RGG-cert.pdf\">Pogledajte<\/a><\/span><\/em><\/p>\t\t\t\t\t\t\t\t<\/div>\n\t\t\t\t<\/div>\n\t\t\t\t\t<\/div>\n\t\t\t\t<\/div>\n\t\t\t\t<\/div>\n\t\t","protected":false},"excerpt":{"rendered":"<p>Heimerle + Meule je najstarija nema\u010dka rafinerija zlata i srebra, osnovana 1845. godine u Pforzheimu, gradu poznatom po svojoj tradiciji u industriji plemenitih metala. Ova rafinerija se ponosi dugom istorijom i reputacijom kao vode\u0107i proizvo\u0111a\u010d investicionog zlata u Evropi. Heimerle + Meule je \u010dlan Londonskog udru\u017eenja u\u010desnika na tr\u017ei\u0161tu plemenitih metala (LBMA), \u0161to potvr\u0111uje njenu [&hellip;]<\/p>\n","protected":false},"featured_media":6247,"comment_status":"open","ping_status":"closed","template":"","meta":[],"product_brand":[],"product_cat":[63],"product_tag":[],"class_list":{"0":"post-6246","1":"product","2":"type-product","3":"status-publish","4":"has-post-thumbnail","6":"product_cat-heimerle","8":"first","9":"instock","10":"shipping-taxable","11":"purchasable","12":"product-type-simple"},"_links":{"self":[{"href":"https:\/\/asset-mng.com\/investiciono-zlato\/wp-json\/wp\/v2\/product\/6246","targetHints":{"allow":["GET"]}}],"collection":[{"href":"https:\/\/asset-mng.com\/investiciono-zlato\/wp-json\/wp\/v2\/product"}],"about":[{"href":"https:\/\/asset-mng.com\/investiciono-zlato\/wp-json\/wp\/v2\/types\/product"}],"replies":[{"embeddable":true,"href":"https:\/\/asset-mng.com\/investiciono-zlato\/wp-json\/wp\/v2\/comments?post=6246"}],"version-history":[{"count":9,"href":"https:\/\/asset-mng.com\/investiciono-zlato\/wp-json\/wp\/v2\/product\/6246\/revisions"}],"predecessor-version":[{"id":11409,"href":"https:\/\/asset-mng.com\/investiciono-zlato\/wp-json\/wp\/v2\/product\/6246\/revisions\/11409"}],"wp:featuredmedia":[{"embeddable":true,"href":"https:\/\/asset-mng.com\/investiciono-zlato\/wp-json\/wp\/v2\/media\/6247"}],"wp:attachment":[{"href":"https:\/\/asset-mng.com\/investiciono-zlato\/wp-json\/wp\/v2\/media?parent=6246"}],"wp:term":[{"taxonomy":"product_brand","embeddable":true,"href":"https:\/\/asset-mng.com\/investiciono-zlato\/wp-json\/wp\/v2\/product_brand?post=6246"},{"taxonomy":"product_cat","embeddable":true,"href":"https:\/\/asset-mng.com\/investiciono-zlato\/wp-json\/wp\/v2\/product_cat?post=6246"},{"taxonomy":"product_tag","embeddable":true,"href":"https:\/\/asset-mng.com\/investiciono-zlato\/wp-json\/wp\/v2\/product_tag?post=6246"}],"curies":[{"name":"wp","href":"https:\/\/api.w.org\/{rel}","templated":true}]}}