{"id":8482,"date":"2025-01-28T16:02:10","date_gmt":"2025-01-28T16:02:10","guid":{"rendered":"https:\/\/asset-mng.com\/?post_type=product&#038;p=8480"},"modified":"2025-06-20T15:28:18","modified_gmt":"2025-06-20T15:28:18","slug":"igr-20-grama","status":"publish","type":"product","link":"https:\/\/asset-mng.com\/investiciono-zlato\/product\/igr-20-grama\/","title":{"rendered":"IGR 20 grama"},"content":{"rendered":"\t\t<div data-elementor-type=\"product-post\" data-elementor-id=\"8482\" class=\"elementor elementor-8482\" data-elementor-post-type=\"product\">\n\t\t\t\t<div class=\"elementor-element elementor-element-0580b0a e-flex e-con-boxed magic-button-disabled-no e-con e-parent\" data-id=\"0580b0a\" data-element_type=\"container\">\n\t\t\t\t\t<div class=\"e-con-inner\">\n\t\t\t\t<div class=\"elementor-element elementor-element-6467c7e elementor-widget elementor-widget-text-editor\" data-id=\"6467c7e\" data-element_type=\"widget\" data-widget_type=\"text-editor.default\">\n\t\t\t\t<div class=\"elementor-widget-container\">\n\t\t\t\t\t\t\t\t\t<p>Istanbul Gold Refinery (IGR) je poznata rafinerija zlata sme\u0161tena u Istanbulu, osnovana 1996. godine. Tokom godina, IGR je stekla reputaciju kao jedan od vode\u0107ih igra\u010da na tr\u017ei\u0161tu plemenitih metala, ne samo u Turskoj, ve\u0107 i na globalnom nivou. Njihova posve\u0107enost kvalitetu i inovacijama \u010dini ih pouzdanim partnerom za investitore \u0161irom sveta. Kao akreditovana kompanija od strane Londonskog udru\u017eenja u\u010desnika na tr\u017ei\u0161tu plemenitih metala (LBMA), IGR garantuje visoke standarde u proizvodnji, \u0161to dodatno osna\u017euje poverenje klijenata.<\/p><p>LBMA setifikat: <em><span style=\"text-decoration: underline;\"><a href=\"https:\/\/cdn.lbma.org.uk\/gdl-downloads\/IGR-FY2023-RGG-cert.pdf\">Pogledajte<\/a><\/span><\/em><\/p>\t\t\t\t\t\t\t\t<\/div>\n\t\t\t\t<\/div>\n\t\t\t\t\t<\/div>\n\t\t\t\t<\/div>\n\t\t\t\t<\/div>\n\t\t","protected":false},"excerpt":{"rendered":"<p>Istanbul Gold Refinery (IGR) je poznata rafinerija zlata sme\u0161tena u Istanbulu, osnovana 1996. godine. Tokom godina, IGR je stekla reputaciju kao jedan od vode\u0107ih igra\u010da na tr\u017ei\u0161tu plemenitih metala, ne samo u Turskoj, ve\u0107 i na globalnom nivou. Njihova posve\u0107enost kvalitetu i inovacijama \u010dini ih pouzdanim partnerom za investitore \u0161irom sveta. Kao akreditovana kompanija od [&hellip;]<\/p>\n","protected":false},"featured_media":8889,"comment_status":"open","ping_status":"closed","template":"","meta":[],"product_brand":[],"product_cat":[68],"product_tag":[],"class_list":{"0":"post-8482","1":"product","2":"type-product","3":"status-publish","4":"has-post-thumbnail","6":"product_cat-igr","8":"first","9":"instock","10":"shipping-taxable","11":"purchasable","12":"product-type-simple"},"_links":{"self":[{"href":"https:\/\/asset-mng.com\/investiciono-zlato\/wp-json\/wp\/v2\/product\/8482","targetHints":{"allow":["GET"]}}],"collection":[{"href":"https:\/\/asset-mng.com\/investiciono-zlato\/wp-json\/wp\/v2\/product"}],"about":[{"href":"https:\/\/asset-mng.com\/investiciono-zlato\/wp-json\/wp\/v2\/types\/product"}],"replies":[{"embeddable":true,"href":"https:\/\/asset-mng.com\/investiciono-zlato\/wp-json\/wp\/v2\/comments?post=8482"}],"version-history":[{"count":5,"href":"https:\/\/asset-mng.com\/investiciono-zlato\/wp-json\/wp\/v2\/product\/8482\/revisions"}],"predecessor-version":[{"id":11342,"href":"https:\/\/asset-mng.com\/investiciono-zlato\/wp-json\/wp\/v2\/product\/8482\/revisions\/11342"}],"wp:featuredmedia":[{"embeddable":true,"href":"https:\/\/asset-mng.com\/investiciono-zlato\/wp-json\/wp\/v2\/media\/8889"}],"wp:attachment":[{"href":"https:\/\/asset-mng.com\/investiciono-zlato\/wp-json\/wp\/v2\/media?parent=8482"}],"wp:term":[{"taxonomy":"product_brand","embeddable":true,"href":"https:\/\/asset-mng.com\/investiciono-zlato\/wp-json\/wp\/v2\/product_brand?post=8482"},{"taxonomy":"product_cat","embeddable":true,"href":"https:\/\/asset-mng.com\/investiciono-zlato\/wp-json\/wp\/v2\/product_cat?post=8482"},{"taxonomy":"product_tag","embeddable":true,"href":"https:\/\/asset-mng.com\/investiciono-zlato\/wp-json\/wp\/v2\/product_tag?post=8482"}],"curies":[{"name":"wp","href":"https:\/\/api.w.org\/{rel}","templated":true}]}}